{"id":503968,"date":"2023-03-23T16:50:04","date_gmt":"2023-03-23T16:50:04","guid":{"rendered":"https:\/\/evi.co.uk\/evi-nachrichten\/"},"modified":"2023-11-09T22:14:06","modified_gmt":"2023-11-09T22:14:06","slug":"evi-nachrichten","status":"publish","type":"page","link":"https:\/\/evi.co.uk\/de\/evi-nachrichten\/","title":{"rendered":"EVi Nachrichten"},"content":{"rendered":"\t\t<div data-elementor-type=\"wp-page\" data-elementor-id=\"503968\" class=\"elementor elementor-503968 elementor-501687\" data-elementor-post-type=\"page\">\n\t\t\t\t\t\t<section class=\"elementor-section elementor-top-section elementor-element elementor-element-6a93a75 elementor-section-boxed elementor-section-height-default elementor-section-height-default\" data-id=\"6a93a75\" data-element_type=\"section\" data-e-type=\"section\">\n\t\t\t\t\t\t<div class=\"elementor-container elementor-column-gap-default\">\n\t\t\t\t\t<div class=\"elementor-column elementor-col-100 elementor-top-column elementor-element elementor-element-c42b27f\" data-id=\"c42b27f\" data-element_type=\"column\" data-e-type=\"column\">\n\t\t\t<div class=\"elementor-widget-wrap elementor-element-populated\">\n\t\t\t\t\t\t<div class=\"elementor-element elementor-element-8e1368d elementor-grid-2 elementor-grid-tablet-2 elementor-grid-mobile-1 elementor-posts--thumbnail-top elementor-posts--show-avatar elementor-card-shadow-yes elementor-posts__hover-gradient elementor-widget elementor-widget-posts\" data-id=\"8e1368d\" data-element_type=\"widget\" data-e-type=\"widget\" data-settings=\"{&quot;cards_columns&quot;:&quot;2&quot;,&quot;pagination_type&quot;:&quot;load_more_infinite_scroll&quot;,&quot;cards_columns_tablet&quot;:&quot;2&quot;,&quot;cards_columns_mobile&quot;:&quot;1&quot;,&quot;cards_row_gap&quot;:{&quot;unit&quot;:&quot;px&quot;,&quot;size&quot;:35,&quot;sizes&quot;:[]},&quot;cards_row_gap_tablet&quot;:{&quot;unit&quot;:&quot;px&quot;,&quot;size&quot;:&quot;&quot;,&quot;sizes&quot;:[]},&quot;cards_row_gap_mobile&quot;:{&quot;unit&quot;:&quot;px&quot;,&quot;size&quot;:&quot;&quot;,&quot;sizes&quot;:[]},&quot;load_more_spinner&quot;:{&quot;value&quot;:&quot;fas fa-spinner&quot;,&quot;library&quot;:&quot;fa-solid&quot;}}\" data-widget_type=\"posts.cards\">\n\t\t\t\t<div class=\"elementor-widget-container\">\n\t\t\t\t\t\t\t<div class=\"elementor-posts-container elementor-posts elementor-posts--skin-cards elementor-grid\" role=\"list\">\n\t\t\t\t<article class=\"elementor-post elementor-grid-item post-504552 post type-post status-publish format-standard has-post-thumbnail hentry category-artikel\" role=\"listitem\">\n\t\t\t<div class=\"elementor-post__card\">\n\t\t\t\t<a class=\"elementor-post__thumbnail__link\" href=\"https:\/\/evi.co.uk\/de\/eintauchen-in-die-gelassenheit-warum-glasfaserpools-den-chlorgehalt-niedrig-und-die-bakterien-in-schach-halten\/\" tabindex=\"-1\" ><div class=\"elementor-post__thumbnail\"><img fetchpriority=\"high\" decoding=\"async\" width=\"300\" height=\"169\" src=\"https:\/\/evi.co.uk\/wp-content\/uploads\/2023\/01\/EVi-Pools-Swimming-Pool-Birds-Eye-View-300x169.jpg\" class=\"attachment-medium size-medium wp-image-503187\" alt=\"\" srcset=\"https:\/\/evi.co.uk\/wp-content\/uploads\/2023\/01\/EVi-Pools-Swimming-Pool-Birds-Eye-View-300x169.jpg 300w, https:\/\/evi.co.uk\/wp-content\/uploads\/2023\/01\/EVi-Pools-Swimming-Pool-Birds-Eye-View-1024x575.jpg 1024w, https:\/\/evi.co.uk\/wp-content\/uploads\/2023\/01\/EVi-Pools-Swimming-Pool-Birds-Eye-View-768x432.jpg 768w, https:\/\/evi.co.uk\/wp-content\/uploads\/2023\/01\/EVi-Pools-Swimming-Pool-Birds-Eye-View-1536x863.jpg 1536w, https:\/\/evi.co.uk\/wp-content\/uploads\/2023\/01\/EVi-Pools-Swimming-Pool-Birds-Eye-View-600x337.jpg 600w, https:\/\/evi.co.uk\/wp-content\/uploads\/2023\/01\/EVi-Pools-Swimming-Pool-Birds-Eye-View.jpg 2000w\" sizes=\"(max-width: 300px) 100vw, 300px\" \/><\/div><\/a>\n\t\t\t\t<div class=\"elementor-post__badge\">Artikel<\/div>\n\t\t\t\t<div class=\"elementor-post__avatar\">\n\t\t\t<img alt='admin' src='https:\/\/secure.gravatar.com\/avatar\/4e7188a4dd0d6b97020f8f40c4e47d102892148b61f2872d12bcc5817515ff98?s=128&#038;d=mm&#038;r=g' srcset='https:\/\/secure.gravatar.com\/avatar\/4e7188a4dd0d6b97020f8f40c4e47d102892148b61f2872d12bcc5817515ff98?s=256&#038;d=mm&#038;r=g 2x' class='avatar avatar-128 photo' height='128' width='128' \/>\t\t<\/div>\n\t\t\t\t<div class=\"elementor-post__text\">\n\t\t\t\t<h3 class=\"elementor-post__title\">\n\t\t\t<a href=\"https:\/\/evi.co.uk\/de\/eintauchen-in-die-gelassenheit-warum-glasfaserpools-den-chlorgehalt-niedrig-und-die-bakterien-in-schach-halten\/\" >\n\t\t\t\tEintauchen in die Gelassenheit: Warum Glasfaserpools den Chlorgehalt niedrig und die Bakterien in Schach halten\t\t\t<\/a>\n\t\t<\/h3>\n\t\t\t\t<div class=\"elementor-post__excerpt\">\n\t\t\t<p>Eintauchen in die Gelassenheit: Warum Glasfaserpools den Chlorgehalt niedrig und die Bakterien in Schach halten Der glitzernde Reiz eines Swimmingpools im Garten verspricht ein Sommerparadies,<\/p>\n\t\t<\/div>\n\t\t\n\t\t<a class=\"elementor-post__read-more\" href=\"https:\/\/evi.co.uk\/de\/eintauchen-in-die-gelassenheit-warum-glasfaserpools-den-chlorgehalt-niedrig-und-die-bakterien-in-schach-halten\/\" aria-label=\"Mehr \u00fcber Eintauchen in die Gelassenheit: Warum Glasfaserpools den Chlorgehalt niedrig und die Bakterien in Schach halten\" tabindex=\"-1\" >\n\t\t\tMehr lesen \"\t\t<\/a>\n\n\t\t\t\t<\/div>\n\t\t\t\t<div class=\"elementor-post__meta-data\">\n\t\t\t\t\t<span class=\"elementor-post-date\">\n\t\t\t19. Dezember 2023\t\t<\/span>\n\t\t\t\t<\/div>\n\t\t\t\t\t<\/div>\n\t\t<\/article>\n\t\t\t\t<article class=\"elementor-post elementor-grid-item post-504197 post type-post status-publish format-standard hentry category-artikel\" role=\"listitem\">\n\t\t\t<div class=\"elementor-post__card\">\n\t\t\t\t<div class=\"elementor-post__text\">\n\t\t\t\t<h3 class=\"elementor-post__title\">\n\t\t\t<a href=\"https:\/\/evi.co.uk\/de\/die-besten-poolheizungen-fuer-evi-pools-gas-oder-propan-vs-waermepumpen\/\" >\n\t\t\t\tDie besten Poolheizungen f\u00fcr EVi-Pools: Gas oder Propan vs. W\u00e4rmepumpen.\t\t\t<\/a>\n\t\t<\/h3>\n\t\t\t\t<div class=\"elementor-post__excerpt\">\n\t\t\t<p>Die besten Poolheizungen f\u00fcr EVi-Pools: Gas oder Propan vs. W\u00e4rmepumpen.<\/p>\n\t\t<\/div>\n\t\t\n\t\t<a class=\"elementor-post__read-more\" href=\"https:\/\/evi.co.uk\/de\/die-besten-poolheizungen-fuer-evi-pools-gas-oder-propan-vs-waermepumpen\/\" aria-label=\"Mehr \u00fcber Die besten Poolheizungen f\u00fcr EVi-Pools: Gas oder Propan vs. W\u00e4rmepumpen.\" tabindex=\"-1\" >\n\t\t\tMehr lesen \"\t\t<\/a>\n\n\t\t\t\t<\/div>\n\t\t\t\t<div class=\"elementor-post__meta-data\">\n\t\t\t\t\t<span class=\"elementor-post-date\">\n\t\t\t20. April 2023\t\t<\/span>\n\t\t\t\t<\/div>\n\t\t\t\t\t<\/div>\n\t\t<\/article>\n\t\t\t\t<article class=\"elementor-post elementor-grid-item post-504193 post type-post status-publish format-standard hentry category-artikel\" role=\"listitem\">\n\t\t\t<div class=\"elementor-post__card\">\n\t\t\t\t<div class=\"elementor-post__text\">\n\t\t\t\t<h3 class=\"elementor-post__title\">\n\t\t\t<a href=\"https:\/\/evi.co.uk\/de\/die-11-besten-schwimmbadbeleuchtungen-fuer-2021-2022-bei-evi-pools-beleuchten-sie-ihren-pool-mit-stil\/\" >\n\t\t\t\t&#8222;Die 11 besten Schwimmbadbeleuchtungen f\u00fcr 2021 &amp; 2022 bei EVi Pools. Beleuchten Sie Ihren Pool mit Stil!&#8220;\t\t\t<\/a>\n\t\t<\/h3>\n\t\t\t\t<div class=\"elementor-post__excerpt\">\n\t\t\t<p>&#8222;Die 11 besten Schwimmbadbeleuchtungen f\u00fcr 2021 &amp; 2022 bei EVi Pools. Beleuchten Sie Ihren Pool mit Stil!&#8220;<\/p>\n\t\t<\/div>\n\t\t\n\t\t<a class=\"elementor-post__read-more\" href=\"https:\/\/evi.co.uk\/de\/die-11-besten-schwimmbadbeleuchtungen-fuer-2021-2022-bei-evi-pools-beleuchten-sie-ihren-pool-mit-stil\/\" aria-label=\"Mehr \u00fcber &#8222;Die 11 besten Schwimmbadbeleuchtungen f\u00fcr 2021 &amp; 2022 bei EVi Pools. Beleuchten Sie Ihren Pool mit Stil!&#8220;\" tabindex=\"-1\" >\n\t\t\tMehr lesen \"\t\t<\/a>\n\n\t\t\t\t<\/div>\n\t\t\t\t<div class=\"elementor-post__meta-data\">\n\t\t\t\t\t<span class=\"elementor-post-date\">\n\t\t\t19. April 2023\t\t<\/span>\n\t\t\t\t<\/div>\n\t\t\t\t\t<\/div>\n\t\t<\/article>\n\t\t\t\t<article class=\"elementor-post elementor-grid-item post-504206 post type-post status-publish format-standard hentry category-artikel\" role=\"listitem\">\n\t\t\t<div class=\"elementor-post__card\">\n\t\t\t\t<div class=\"elementor-post__text\">\n\t\t\t\t<h3 class=\"elementor-post__title\">\n\t\t\t<a href=\"https:\/\/evi.co.uk\/de\/ein-ehrlicher-vergleich-von-beton-und-glasfaserbecken-von-evi-pools-welcher-ist-besser-fuer-sie-geeignet-pool-vergleich-evipools\/\" >\n\t\t\t\t&#8222;Ein ehrlicher Vergleich von Beton- und Glasfaserbecken von EVi Pools: Welcher ist besser f\u00fcr Sie geeignet?&#8220; #Pool-Vergleich #EViPools\t\t\t<\/a>\n\t\t<\/h3>\n\t\t\t\t<div class=\"elementor-post__excerpt\">\n\t\t\t<p>&#8222;Ein ehrlicher Vergleich von Beton- und Glasfaserbecken von EVi Pools: Welcher ist besser f\u00fcr Sie geeignet?&#8220; #Pool-Vergleich #EViPools<\/p>\n\t\t<\/div>\n\t\t\n\t\t<a class=\"elementor-post__read-more\" href=\"https:\/\/evi.co.uk\/de\/ein-ehrlicher-vergleich-von-beton-und-glasfaserbecken-von-evi-pools-welcher-ist-besser-fuer-sie-geeignet-pool-vergleich-evipools\/\" aria-label=\"Mehr \u00fcber &#8222;Ein ehrlicher Vergleich von Beton- und Glasfaserbecken von EVi Pools: Welcher ist besser f\u00fcr Sie geeignet?&#8220; #Pool-Vergleich #EViPools\" tabindex=\"-1\" >\n\t\t\tMehr lesen \"\t\t<\/a>\n\n\t\t\t\t<\/div>\n\t\t\t\t<div class=\"elementor-post__meta-data\">\n\t\t\t\t\t<span class=\"elementor-post-date\">\n\t\t\t18. April 2023\t\t<\/span>\n\t\t\t\t<\/div>\n\t\t\t\t\t<\/div>\n\t\t<\/article>\n\t\t\t\t<article class=\"elementor-post elementor-grid-item post-504190 post type-post status-publish format-standard hentry category-artikel\" role=\"listitem\">\n\t\t\t<div class=\"elementor-post__card\">\n\t\t\t\t<div class=\"elementor-post__text\">\n\t\t\t\t<h3 class=\"elementor-post__title\">\n\t\t\t<a href=\"https:\/\/evi.co.uk\/de\/wie-viel-kostet-ein-glasfaserpool-von-evi-pools-poolpreise-fiberglaspool-evipools\/\" >\n\t\t\t\tWie viel kostet ein Glasfaserpool von EVi Pools? #Poolpreise #Fiberglaspool #EViPools\t\t\t<\/a>\n\t\t<\/h3>\n\t\t\t\t<div class=\"elementor-post__excerpt\">\n\t\t\t<p>Wie viel kostet ein Glasfaserpool von EVi Pools? #Poolpreise #Fiberglaspool #EViPools<\/p>\n\t\t<\/div>\n\t\t\n\t\t<a class=\"elementor-post__read-more\" href=\"https:\/\/evi.co.uk\/de\/wie-viel-kostet-ein-glasfaserpool-von-evi-pools-poolpreise-fiberglaspool-evipools\/\" aria-label=\"Mehr \u00fcber Wie viel kostet ein Glasfaserpool von EVi Pools? #Poolpreise #Fiberglaspool #EViPools\" tabindex=\"-1\" >\n\t\t\tMehr lesen \"\t\t<\/a>\n\n\t\t\t\t<\/div>\n\t\t\t\t<div class=\"elementor-post__meta-data\">\n\t\t\t\t\t<span class=\"elementor-post-date\">\n\t\t\t17. April 2023\t\t<\/span>\n\t\t\t\t<\/div>\n\t\t\t\t\t<\/div>\n\t\t<\/article>\n\t\t\t\t<article class=\"elementor-post elementor-grid-item post-504144 post type-post status-publish format-standard hentry category-artikel\" role=\"listitem\">\n\t\t\t<div class=\"elementor-post__card\">\n\t\t\t\t<div class=\"elementor-post__text\">\n\t\t\t\t<h3 class=\"elementor-post__title\">\n\t\t\t<a href=\"https:\/\/evi.co.uk\/de\/ihr-ultimativer-leitfaden-zu-groesse-kosten-und-preisen-von-evi-pools-fuer-unterirdische-pools-tauchen-sie-jetzt-ein\/\" >\n\t\t\t\t&#8222;Ihr ultimativer Leitfaden zu Gr\u00f6\u00dfe, Kosten und Preisen von EVi Pools f\u00fcr unterirdische Pools. Tauchen Sie jetzt ein!&#8220;\t\t\t<\/a>\n\t\t<\/h3>\n\t\t\t\t<div class=\"elementor-post__excerpt\">\n\t\t\t<p>&#8222;Ihr ultimativer Leitfaden zu Gr\u00f6\u00dfe, Kosten und Preisen von EVi Pools f\u00fcr unterirdische Pools. Tauchen Sie jetzt ein!&#8220;<\/p>\n\t\t<\/div>\n\t\t\n\t\t<a class=\"elementor-post__read-more\" href=\"https:\/\/evi.co.uk\/de\/ihr-ultimativer-leitfaden-zu-groesse-kosten-und-preisen-von-evi-pools-fuer-unterirdische-pools-tauchen-sie-jetzt-ein\/\" aria-label=\"Mehr \u00fcber &#8222;Ihr ultimativer Leitfaden zu Gr\u00f6\u00dfe, Kosten und Preisen von EVi Pools f\u00fcr unterirdische Pools. Tauchen Sie jetzt ein!&#8220;\" tabindex=\"-1\" >\n\t\t\tMehr lesen \"\t\t<\/a>\n\n\t\t\t\t<\/div>\n\t\t\t\t<div class=\"elementor-post__meta-data\">\n\t\t\t\t\t<span class=\"elementor-post-date\">\n\t\t\t16. April 2023\t\t<\/span>\n\t\t\t\t<\/div>\n\t\t\t\t\t<\/div>\n\t\t<\/article>\n\t\t\t\t<\/div>\n\t\t\t\t\t<span class=\"e-load-more-spinner\">\n\t\t\t\t<i aria-hidden=\"true\" class=\"fas fa-spinner\"><\/i>\t\t\t<\/span>\n\t\t\n\t\t\t\t<div class=\"e-load-more-anchor\" data-page=\"1\" data-max-page=\"4\" data-next-page=\"https:\/\/evi.co.uk\/de\/wp-json\/wp\/v2\/pages\/503968\/page\/2\/\"><\/div>\n\t\t\t\t<div class=\"e-load-more-message\"><\/div>\n\t\t\t\t\t\t<\/div>\n\t\t\t\t<\/div>\n\t\t\t\t\t<\/div>\n\t\t<\/div>\n\t\t\t\t\t<\/div>\n\t\t<\/section>\n\t\t\t\t<\/div>\n\t\t","protected":false},"excerpt":{"rendered":"","protected":false},"author":1,"featured_media":0,"parent":0,"menu_order":0,"comment_status":"closed","ping_status":"closed","template":"","meta":{"footnotes":""},"class_list":["post-503968","page","type-page","status-publish","hentry"],"yoast_head":"<!-- This site is optimized with the Yoast SEO plugin v27.4 - https:\/\/yoast.com\/product\/yoast-seo-wordpress\/ -->\n<title>EVi Nachrichten - Evi Pools<\/title>\n<meta name=\"description\" content=\"Neueste Nachrichten von EVi Swimming Pools UK, Updates zu Glasfaserpools, Anleitungen und Anleitungen.\" \/>\n<meta name=\"robots\" content=\"index, follow, max-snippet:-1, max-image-preview:large, max-video-preview:-1\" \/>\n<link rel=\"canonical\" href=\"https:\/\/evi.co.uk\/de\/evi-nachrichten\/\" \/>\n<meta property=\"og:locale\" content=\"de_DE\" \/>\n<meta property=\"og:type\" content=\"article\" \/>\n<meta property=\"og:title\" content=\"EVi Nachrichten - Evi Pools\" \/>\n<meta property=\"og:description\" content=\"Neueste Nachrichten von EVi Swimming Pools UK, Updates zu Glasfaserpools, Anleitungen und Anleitungen.\" \/>\n<meta property=\"og:url\" content=\"https:\/\/evi.co.uk\/de\/evi-nachrichten\/\" \/>\n<meta property=\"og:site_name\" content=\"Evi Pools\" \/>\n<meta property=\"article:modified_time\" content=\"2023-11-09T22:14:06+00:00\" \/>\n<meta name=\"twitter:card\" content=\"summary_large_image\" \/>\n<script type=\"application\/ld+json\" class=\"yoast-schema-graph\">{\"@context\":\"https:\\\/\\\/schema.org\",\"@graph\":[{\"@type\":\"WebPage\",\"@id\":\"https:\\\/\\\/evi.co.uk\\\/de\\\/evi-nachrichten\\\/\",\"url\":\"https:\\\/\\\/evi.co.uk\\\/de\\\/evi-nachrichten\\\/\",\"name\":\"EVi Nachrichten - Evi Pools\",\"isPartOf\":{\"@id\":\"https:\\\/\\\/evi.co.uk\\\/de\\\/#website\"},\"datePublished\":\"2023-03-23T16:50:04+00:00\",\"dateModified\":\"2023-11-09T22:14:06+00:00\",\"description\":\"Neueste Nachrichten von EVi Swimming Pools UK, Updates zu Glasfaserpools, Anleitungen und Anleitungen.\",\"breadcrumb\":{\"@id\":\"https:\\\/\\\/evi.co.uk\\\/de\\\/evi-nachrichten\\\/#breadcrumb\"},\"inLanguage\":\"de\",\"potentialAction\":[{\"@type\":\"ReadAction\",\"target\":[\"https:\\\/\\\/evi.co.uk\\\/de\\\/evi-nachrichten\\\/\"]}]},{\"@type\":\"BreadcrumbList\",\"@id\":\"https:\\\/\\\/evi.co.uk\\\/de\\\/evi-nachrichten\\\/#breadcrumb\",\"itemListElement\":[{\"@type\":\"ListItem\",\"position\":1,\"name\":\"Home\",\"item\":\"https:\\\/\\\/evi.co.uk\\\/de\\\/\"},{\"@type\":\"ListItem\",\"position\":2,\"name\":\"EVi Nachrichten\"}]},{\"@type\":\"WebSite\",\"@id\":\"https:\\\/\\\/evi.co.uk\\\/de\\\/#website\",\"url\":\"https:\\\/\\\/evi.co.uk\\\/de\\\/\",\"name\":\"Evi Pools\",\"description\":\"\",\"publisher\":{\"@id\":\"https:\\\/\\\/evi.co.uk\\\/de\\\/#organization\"},\"potentialAction\":[{\"@type\":\"SearchAction\",\"target\":{\"@type\":\"EntryPoint\",\"urlTemplate\":\"https:\\\/\\\/evi.co.uk\\\/de\\\/?s={search_term_string}\"},\"query-input\":{\"@type\":\"PropertyValueSpecification\",\"valueRequired\":true,\"valueName\":\"search_term_string\"}}],\"inLanguage\":\"de\"},{\"@type\":\"Organization\",\"@id\":\"https:\\\/\\\/evi.co.uk\\\/de\\\/#organization\",\"name\":\"Evi Pools\",\"url\":\"https:\\\/\\\/evi.co.uk\\\/de\\\/\",\"logo\":{\"@type\":\"ImageObject\",\"inLanguage\":\"de\",\"@id\":\"https:\\\/\\\/evi.co.uk\\\/de\\\/#\\\/schema\\\/logo\\\/image\\\/\",\"url\":\"https:\\\/\\\/evi.co.uk\\\/wp-content\\\/uploads\\\/2022\\\/09\\\/EVi-Pools-Final-Logo-London-England-V6_navy.svg\",\"contentUrl\":\"https:\\\/\\\/evi.co.uk\\\/wp-content\\\/uploads\\\/2022\\\/09\\\/EVi-Pools-Final-Logo-London-England-V6_navy.svg\",\"caption\":\"Evi Pools\"},\"image\":{\"@id\":\"https:\\\/\\\/evi.co.uk\\\/de\\\/#\\\/schema\\\/logo\\\/image\\\/\"}}]}<\/script>\n<!-- \/ Yoast SEO plugin. -->","yoast_head_json":{"title":"EVi Nachrichten - Evi Pools","description":"Neueste Nachrichten von EVi Swimming Pools UK, Updates zu Glasfaserpools, Anleitungen und Anleitungen.","robots":{"index":"index","follow":"follow","max-snippet":"max-snippet:-1","max-image-preview":"max-image-preview:large","max-video-preview":"max-video-preview:-1"},"canonical":"https:\/\/evi.co.uk\/de\/evi-nachrichten\/","og_locale":"de_DE","og_type":"article","og_title":"EVi Nachrichten - Evi Pools","og_description":"Neueste Nachrichten von EVi Swimming Pools UK, Updates zu Glasfaserpools, Anleitungen und Anleitungen.","og_url":"https:\/\/evi.co.uk\/de\/evi-nachrichten\/","og_site_name":"Evi Pools","article_modified_time":"2023-11-09T22:14:06+00:00","twitter_card":"summary_large_image","schema":{"@context":"https:\/\/schema.org","@graph":[{"@type":"WebPage","@id":"https:\/\/evi.co.uk\/de\/evi-nachrichten\/","url":"https:\/\/evi.co.uk\/de\/evi-nachrichten\/","name":"EVi Nachrichten - Evi Pools","isPartOf":{"@id":"https:\/\/evi.co.uk\/de\/#website"},"datePublished":"2023-03-23T16:50:04+00:00","dateModified":"2023-11-09T22:14:06+00:00","description":"Neueste Nachrichten von EVi Swimming Pools UK, Updates zu Glasfaserpools, Anleitungen und Anleitungen.","breadcrumb":{"@id":"https:\/\/evi.co.uk\/de\/evi-nachrichten\/#breadcrumb"},"inLanguage":"de","potentialAction":[{"@type":"ReadAction","target":["https:\/\/evi.co.uk\/de\/evi-nachrichten\/"]}]},{"@type":"BreadcrumbList","@id":"https:\/\/evi.co.uk\/de\/evi-nachrichten\/#breadcrumb","itemListElement":[{"@type":"ListItem","position":1,"name":"Home","item":"https:\/\/evi.co.uk\/de\/"},{"@type":"ListItem","position":2,"name":"EVi Nachrichten"}]},{"@type":"WebSite","@id":"https:\/\/evi.co.uk\/de\/#website","url":"https:\/\/evi.co.uk\/de\/","name":"Evi Pools","description":"","publisher":{"@id":"https:\/\/evi.co.uk\/de\/#organization"},"potentialAction":[{"@type":"SearchAction","target":{"@type":"EntryPoint","urlTemplate":"https:\/\/evi.co.uk\/de\/?s={search_term_string}"},"query-input":{"@type":"PropertyValueSpecification","valueRequired":true,"valueName":"search_term_string"}}],"inLanguage":"de"},{"@type":"Organization","@id":"https:\/\/evi.co.uk\/de\/#organization","name":"Evi Pools","url":"https:\/\/evi.co.uk\/de\/","logo":{"@type":"ImageObject","inLanguage":"de","@id":"https:\/\/evi.co.uk\/de\/#\/schema\/logo\/image\/","url":"https:\/\/evi.co.uk\/wp-content\/uploads\/2022\/09\/EVi-Pools-Final-Logo-London-England-V6_navy.svg","contentUrl":"https:\/\/evi.co.uk\/wp-content\/uploads\/2022\/09\/EVi-Pools-Final-Logo-London-England-V6_navy.svg","caption":"Evi Pools"},"image":{"@id":"https:\/\/evi.co.uk\/de\/#\/schema\/logo\/image\/"}}]}},"_links":{"self":[{"href":"https:\/\/evi.co.uk\/de\/wp-json\/wp\/v2\/pages\/503968","targetHints":{"allow":["GET"]}}],"collection":[{"href":"https:\/\/evi.co.uk\/de\/wp-json\/wp\/v2\/pages"}],"about":[{"href":"https:\/\/evi.co.uk\/de\/wp-json\/wp\/v2\/types\/page"}],"author":[{"embeddable":true,"href":"https:\/\/evi.co.uk\/de\/wp-json\/wp\/v2\/users\/1"}],"replies":[{"embeddable":true,"href":"https:\/\/evi.co.uk\/de\/wp-json\/wp\/v2\/comments?post=503968"}],"version-history":[{"count":1,"href":"https:\/\/evi.co.uk\/de\/wp-json\/wp\/v2\/pages\/503968\/revisions"}],"predecessor-version":[{"id":503972,"href":"https:\/\/evi.co.uk\/de\/wp-json\/wp\/v2\/pages\/503968\/revisions\/503972"}],"wp:attachment":[{"href":"https:\/\/evi.co.uk\/de\/wp-json\/wp\/v2\/media?parent=503968"}],"curies":[{"name":"wp","href":"https:\/\/api.w.org\/{rel}","templated":true}]}}