{"id":503976,"date":"2023-04-13T14:01:35","date_gmt":"2023-04-13T14:01:35","guid":{"rendered":"https:\/\/evi.co.uk\/buchen-sie-eine-digitale-beratung\/"},"modified":"2025-04-22T18:32:43","modified_gmt":"2025-04-22T18:32:43","slug":"buchen-sie-eine-digitale-beratung","status":"publish","type":"page","link":"https:\/\/evi.co.uk\/de\/buchen-sie-eine-digitale-beratung\/","title":{"rendered":"Buchen Sie eine digitale Beratung"},"content":{"rendered":"\t\t<div data-elementor-type=\"wp-page\" data-elementor-id=\"503976\" class=\"elementor elementor-503976 elementor-501922\" data-elementor-post-type=\"page\">\n\t\t\t\t\t\t<section class=\"elementor-section elementor-top-section elementor-element elementor-element-59472714 elementor-section-full_width elementor-section-height-default elementor-section-height-default\" data-id=\"59472714\" data-element_type=\"section\" data-e-type=\"section\" data-settings=\"{&quot;background_background&quot;:&quot;classic&quot;}\">\n\t\t\t\t\t\t<div class=\"elementor-container elementor-column-gap-no\">\n\t\t\t\t\t<div class=\"elementor-column elementor-col-100 elementor-top-column elementor-element elementor-element-aa48e44\" data-id=\"aa48e44\" data-element_type=\"column\" data-e-type=\"column\">\n\t\t\t<div class=\"elementor-widget-wrap elementor-element-populated\">\n\t\t\t\t\t\t<div class=\"elementor-element elementor-element-260d5bad elementor--h-position-center elementor--v-position-middle elementor-arrows-position-inside elementor-pagination-position-inside elementor-widget elementor-widget-slides\" data-id=\"260d5bad\" data-element_type=\"widget\" data-e-type=\"widget\" data-settings=\"{&quot;navigation&quot;:&quot;both&quot;,&quot;autoplay&quot;:&quot;yes&quot;,&quot;pause_on_hover&quot;:&quot;yes&quot;,&quot;pause_on_interaction&quot;:&quot;yes&quot;,&quot;autoplay_speed&quot;:5000,&quot;infinite&quot;:&quot;yes&quot;,&quot;transition&quot;:&quot;slide&quot;,&quot;transition_speed&quot;:500}\" data-widget_type=\"slides.default\">\n\t\t\t\t<div class=\"elementor-widget-container\">\n\t\t\t\t\t\t\t\t\t<div class=\"elementor-swiper\">\n\t\t\t\t\t<div class=\"elementor-slides-wrapper elementor-main-swiper swiper\" role=\"region\" aria-roledescription=\"carousel\" aria-label=\"Slides\" dir=\"ltr\" data-animation=\"fadeInUp\">\n\t\t\t\t<div class=\"swiper-wrapper elementor-slides\">\n\t\t\t\t\t\t\t\t\t\t<div class=\"elementor-repeater-item-98c8f93 swiper-slide\" role=\"group\" aria-roledescription=\"slide\"><div class=\"swiper-slide-bg elementor-ken-burns elementor-ken-burns--in\" role=\"img\" aria-label=\"Evi-penshurst_ 10\"><\/div><div class=\"elementor-background-overlay\"><\/div><div class=\"swiper-slide-inner\" ><div class=\"swiper-slide-contents\"><div class=\"elementor-slide-heading\">KOSTENLOS BUCHEN<\/div><div class=\"elementor-slide-description\"><p>DIGITALE BERATUNG<\/p>\n<\/div><\/div><\/div><\/div><div class=\"elementor-repeater-item-bf2cfbc swiper-slide\" role=\"group\" aria-roledescription=\"slide\"><div class=\"swiper-slide-bg elementor-ken-burns elementor-ken-burns--in\" role=\"img\" aria-label=\"Page 25 - Matthew_Lugg_ 23\"><\/div><div class=\"elementor-background-overlay\"><\/div><div class=\"swiper-slide-inner\" ><div class=\"swiper-slide-contents\"><div class=\"elementor-slide-heading\">KOSTENLOS BUCHEN<\/div><div class=\"elementor-slide-description\"><p>DIGITALE BERATUNG<\/p>\n<\/div><\/div><\/div><\/div><div class=\"elementor-repeater-item-e8f24f3 swiper-slide\" role=\"group\" aria-roledescription=\"slide\"><div class=\"swiper-slide-bg elementor-ken-burns elementor-ken-burns--in\" role=\"img\" aria-label=\"Evi Swimming Pools Image 5\"><\/div><div class=\"elementor-background-overlay\"><\/div><div class=\"swiper-slide-inner\" ><div class=\"swiper-slide-contents\"><div class=\"elementor-slide-heading\">KOSTENLOS BUCHEN<\/div><div class=\"elementor-slide-description\"><p>DIGITALE BERATUNG<\/p>\n<\/div><\/div><\/div><\/div>\t\t\t\t<\/div>\n\t\t\t\t\t\t\t\t\t\t\t\t\t\t\t<div class=\"elementor-swiper-button elementor-swiper-button-prev\" role=\"button\" tabindex=\"0\" aria-label=\"Vorheriger Slide\">\n\t\t\t\t\t\t\t<i aria-hidden=\"true\" class=\"eicon-chevron-left\"><\/i>\t\t\t\t\t\t<\/div>\n\t\t\t\t\t\t<div class=\"elementor-swiper-button elementor-swiper-button-next\" role=\"button\" tabindex=\"0\" aria-label=\"N\u00e4chster Slide\">\n\t\t\t\t\t\t\t<i aria-hidden=\"true\" class=\"eicon-chevron-right\"><\/i>\t\t\t\t\t\t<\/div>\n\t\t\t\t\t\t\t\t\t\t\t\t\t\t\t\t<div class=\"swiper-pagination\"><\/div>\n\t\t\t\t\t\t\t\t\t\t\t\t<\/div>\n\t\t\t\t<\/div>\n\t\t\t\t\t\t\t\t<\/div>\n\t\t\t\t<\/div>\n\t\t\t\t\t<\/div>\n\t\t<\/div>\n\t\t\t\t\t<\/div>\n\t\t<\/section>\n\t\t\t\t<section class=\"elementor-section elementor-top-section elementor-element elementor-element-1ea179ce elementor-section-boxed elementor-section-height-default elementor-section-height-default\" data-id=\"1ea179ce\" data-element_type=\"section\" data-e-type=\"section\" data-settings=\"{&quot;background_background&quot;:&quot;classic&quot;}\">\n\t\t\t\t\t\t<div class=\"elementor-container elementor-column-gap-default\">\n\t\t\t\t\t<div class=\"elementor-column elementor-col-100 elementor-top-column elementor-element elementor-element-6911b196\" data-id=\"6911b196\" data-element_type=\"column\" data-e-type=\"column\" data-settings=\"{&quot;background_background&quot;:&quot;classic&quot;}\">\n\t\t\t<div class=\"elementor-widget-wrap elementor-element-populated\">\n\t\t\t\t\t\t<div class=\"elementor-element elementor-element-56301af5 elementor-widget elementor-widget-heading\" data-id=\"56301af5\" data-element_type=\"widget\" data-e-type=\"widget\" data-widget_type=\"heading.default\">\n\t\t\t\t<div class=\"elementor-widget-container\">\n\t\t\t\t\t<h2 class=\"elementor-heading-title elementor-size-default\">ANFANGEN ZU TR\u00c4UMEN VON<\/h2>\t\t\t\t<\/div>\n\t\t\t\t<\/div>\n\t\t\t\t<div class=\"elementor-element elementor-element-34c388c2 elementor-widget elementor-widget-heading\" data-id=\"34c388c2\" data-element_type=\"widget\" data-e-type=\"widget\" data-widget_type=\"heading.default\">\n\t\t\t\t<div class=\"elementor-widget-container\">\n\t\t\t\t\t<h2 class=\"elementor-heading-title elementor-size-default\">IHR PERFEKTES SCHWIMMBAD  <\/h2>\t\t\t\t<\/div>\n\t\t\t\t<\/div>\n\t\t\t\t\t<\/div>\n\t\t<\/div>\n\t\t\t\t\t<\/div>\n\t\t<\/section>\n\t\t\t\t<section class=\"elementor-section elementor-top-section elementor-element elementor-element-57b9007e elementor-section-boxed elementor-section-height-default elementor-section-height-default\" data-id=\"57b9007e\" data-element_type=\"section\" data-e-type=\"section\" data-settings=\"{&quot;background_background&quot;:&quot;classic&quot;}\">\n\t\t\t\t\t\t<div class=\"elementor-container elementor-column-gap-default\">\n\t\t\t\t\t<div class=\"elementor-column elementor-col-100 elementor-top-column elementor-element elementor-element-67ff396d\" data-id=\"67ff396d\" data-element_type=\"column\" data-e-type=\"column\" data-settings=\"{&quot;background_background&quot;:&quot;classic&quot;}\">\n\t\t\t<div class=\"elementor-widget-wrap elementor-element-populated\">\n\t\t\t\t\t\t<div class=\"elementor-element elementor-element-ccdd717 elementor-widget__width-initial elementor-widget elementor-widget-text-editor\" data-id=\"ccdd717\" data-element_type=\"widget\" data-e-type=\"widget\" data-widget_type=\"text-editor.default\">\n\t\t\t\t<div class=\"elementor-widget-container\">\n\t\t\t\t\t\t\t\t\t<p><span style=\"font-weight: 400;\">Wir bieten jetzt auch digitale Beratungen an. Es ist ein einfacher Prozess, bei dem Sie nur Ihr Smartphone benutzen!&nbsp;<\/span><\/p>\n<p>Wir beraten Sie bei der Wahl des perfekten Standorts f\u00fcr Ihren Pool, informieren Sie \u00fcber den Ablauf der Poolinstallation und beantworten alle Ihre Fragen.<br><\/p>\t\t\t\t\t\t\t\t<\/div>\n\t\t\t\t<\/div>\n\t\t\t\t\t<\/div>\n\t\t<\/div>\n\t\t\t\t\t<\/div>\n\t\t<\/section>\n\t\t\t\t<section class=\"elementor-section elementor-top-section elementor-element elementor-element-5ce54d2 elementor-section-boxed elementor-section-height-default elementor-section-height-default\" data-id=\"5ce54d2\" data-element_type=\"section\" data-e-type=\"section\" data-settings=\"{&quot;background_background&quot;:&quot;classic&quot;}\">\n\t\t\t\t\t\t<div class=\"elementor-container elementor-column-gap-default\">\n\t\t\t\t\t<div class=\"elementor-column elementor-col-100 elementor-top-column elementor-element elementor-element-b9fc98c\" data-id=\"b9fc98c\" data-element_type=\"column\" data-e-type=\"column\" data-settings=\"{&quot;background_background&quot;:&quot;classic&quot;}\">\n\t\t\t<div class=\"elementor-widget-wrap elementor-element-populated\">\n\t\t\t\t\t\t<div class=\"elementor-element elementor-element-6660100 elementor-widget elementor-widget-image\" data-id=\"6660100\" data-element_type=\"widget\" data-e-type=\"widget\" data-widget_type=\"image.default\">\n\t\t\t\t<div class=\"elementor-widget-container\">\n\t\t\t\t\t\t\t\t\t\t\t\t\t\t\t<img fetchpriority=\"high\" decoding=\"async\" width=\"800\" height=\"501\" src=\"https:\/\/evi.co.uk\/wp-content\/uploads\/2023\/04\/EVi-Pools-Digital-Consultation-Hand-Holding-Iphone-12-Pro-Mockup-1024x641.jpg\" class=\"attachment-large size-large wp-image-503337\" alt=\"\" srcset=\"https:\/\/evi.co.uk\/wp-content\/uploads\/2023\/04\/EVi-Pools-Digital-Consultation-Hand-Holding-Iphone-12-Pro-Mockup-1024x641.jpg 1024w, https:\/\/evi.co.uk\/wp-content\/uploads\/2023\/04\/EVi-Pools-Digital-Consultation-Hand-Holding-Iphone-12-Pro-Mockup-300x188.jpg 300w, https:\/\/evi.co.uk\/wp-content\/uploads\/2023\/04\/EVi-Pools-Digital-Consultation-Hand-Holding-Iphone-12-Pro-Mockup-768x481.jpg 768w, https:\/\/evi.co.uk\/wp-content\/uploads\/2023\/04\/EVi-Pools-Digital-Consultation-Hand-Holding-Iphone-12-Pro-Mockup-1536x962.jpg 1536w, https:\/\/evi.co.uk\/wp-content\/uploads\/2023\/04\/EVi-Pools-Digital-Consultation-Hand-Holding-Iphone-12-Pro-Mockup-2048x1283.jpg 2048w, https:\/\/evi.co.uk\/wp-content\/uploads\/2023\/04\/EVi-Pools-Digital-Consultation-Hand-Holding-Iphone-12-Pro-Mockup-600x376.jpg 600w\" sizes=\"(max-width: 800px) 100vw, 800px\" \/>\t\t\t\t\t\t\t\t\t\t\t\t\t\t\t<\/div>\n\t\t\t\t<\/div>\n\t\t\t\t\t<\/div>\n\t\t<\/div>\n\t\t\t\t\t<\/div>\n\t\t<\/section>\n\t\t\t\t<section class=\"elementor-section elementor-top-section elementor-element elementor-element-b6dd76c elementor-section-height-min-height elementor-section-boxed elementor-section-height-default elementor-section-items-middle\" data-id=\"b6dd76c\" data-element_type=\"section\" data-e-type=\"section\" data-settings=\"{&quot;background_background&quot;:&quot;classic&quot;}\">\n\t\t\t\t\t\t<div class=\"elementor-container elementor-column-gap-default\">\n\t\t\t\t\t<div class=\"elementor-column elementor-col-100 elementor-top-column elementor-element elementor-element-f5fca34\" data-id=\"f5fca34\" data-element_type=\"column\" data-e-type=\"column\" data-settings=\"{&quot;background_background&quot;:&quot;classic&quot;}\">\n\t\t\t<div class=\"elementor-widget-wrap elementor-element-populated\">\n\t\t\t\t\t\t<div class=\"elementor-element elementor-element-11fad8a elementor-widget__width-initial elementor-widget elementor-widget-text-editor\" data-id=\"11fad8a\" data-element_type=\"widget\" data-e-type=\"widget\" data-widget_type=\"text-editor.default\">\n\t\t\t\t<div class=\"elementor-widget-container\">\n\t\t\t\t\t\t\t\t\t<p><span style=\"font-weight: 400;\">Buchen Sie noch heute Ihr kostenloses digitales Beratungsgespr\u00e4ch, indem Sie das untenstehende Formular ausf\u00fcllen oder uns \u00fcber die unten stehenden Kontaktdaten kontaktieren<\/span><\/p>\t\t\t\t\t\t\t\t<\/div>\n\t\t\t\t<\/div>\n\t\t\t\t<div class=\"elementor-element elementor-element-f3a1269 elementor-widget elementor-widget-spacer\" data-id=\"f3a1269\" data-element_type=\"widget\" data-e-type=\"widget\" data-widget_type=\"spacer.default\">\n\t\t\t\t<div class=\"elementor-widget-container\">\n\t\t\t\t\t\t\t<div class=\"elementor-spacer\">\n\t\t\t<div class=\"elementor-spacer-inner\"><\/div>\n\t\t<\/div>\n\t\t\t\t\t\t<\/div>\n\t\t\t\t<\/div>\n\t\t\t\t<div class=\"elementor-element elementor-element-23356c4 elementor-widget elementor-widget-text-editor\" data-id=\"23356c4\" data-element_type=\"widget\" data-e-type=\"widget\" data-widget_type=\"text-editor.default\">\n\t\t\t\t<div class=\"elementor-widget-container\">\n\t\t\t\t\t\t\t\t\t<iframe style=\"border: 0;\" src=\"https:\/\/calendar.google.com\/calendar\/appointments\/schedules\/AcZssZ2Zy0gSCUlG7IqzezpdEuawKY-atabC6cRp1r9ZnkaGb14-rHyUKWsqEiuMFDcjTNe35Bnk-9NH?gv=true\" width=\"100%\" height=\"1500px\" frameborder=\"50\"><\/iframe>\t\t\t\t\t\t\t\t<\/div>\n\t\t\t\t<\/div>\n\t\t\t\t<div class=\"elementor-element elementor-element-8da4c96 elementor-widget elementor-widget-spacer\" data-id=\"8da4c96\" data-element_type=\"widget\" data-e-type=\"widget\" data-widget_type=\"spacer.default\">\n\t\t\t\t<div class=\"elementor-widget-container\">\n\t\t\t\t\t\t\t<div class=\"elementor-spacer\">\n\t\t\t<div class=\"elementor-spacer-inner\"><\/div>\n\t\t<\/div>\n\t\t\t\t\t\t<\/div>\n\t\t\t\t<\/div>\n\t\t\t\t\t<\/div>\n\t\t<\/div>\n\t\t\t\t\t<\/div>\n\t\t<\/section>\n\t\t\t\t<section class=\"elementor-section elementor-top-section elementor-element elementor-element-5389af7 elementor-section-boxed elementor-section-height-default elementor-section-height-default\" data-id=\"5389af7\" data-element_type=\"section\" data-e-type=\"section\" data-settings=\"{&quot;background_background&quot;:&quot;classic&quot;}\">\n\t\t\t\t\t\t<div class=\"elementor-container elementor-column-gap-default\">\n\t\t\t\t\t<div class=\"elementor-column elementor-col-50 elementor-top-column elementor-element elementor-element-da39072\" data-id=\"da39072\" data-element_type=\"column\" data-e-type=\"column\" data-settings=\"{&quot;background_background&quot;:&quot;classic&quot;}\">\n\t\t\t<div class=\"elementor-widget-wrap elementor-element-populated\">\n\t\t\t\t\t\t<div class=\"elementor-element elementor-element-41bd4fe9 elementor-widget__width-initial elementor-widget elementor-widget-text-editor\" data-id=\"41bd4fe9\" data-element_type=\"widget\" data-e-type=\"widget\" data-widget_type=\"text-editor.default\">\n\t\t\t\t<div class=\"elementor-widget-container\">\n\t\t\t\t\t\t\t\t\t<p><strong>Rufen Sie uns an:<\/strong><\/p><p class=\"p1\"><span class=\"s1\">+44 (0) 1403 577 674<\/span><\/p><p class=\"p1\"><span class=\"s1\"> <\/span><\/p><p class=\"p1\"><span class=\"s1\">Whatsapp uns: <br><a href=\"https:\/\/wa.me\/447475894060\">+44 (0)7475894060<\/a><br><\/span><\/p><p class=\"p1\"><span class=\"s1\"> <\/span><\/p><p><strong>Schicken Sie uns einen Liebesbrief:<\/strong><\/p><p class=\"p1\"><span class=\"s1\">5 Upper St Martins Lane,<\/span><\/p><p class=\"p2\"><span class=\"s1\">Covent Garden,  <\/span><\/p><p class=\"p2\"><span class=\"s1\">London,  <\/span><\/p><p class=\"p2\"><span class=\"s1\">WC2H 9EA<span class=\"Apple-converted-space\"> <\/span><\/span><\/p>\t\t\t\t\t\t\t\t<\/div>\n\t\t\t\t<\/div>\n\t\t\t\t\t<\/div>\n\t\t<\/div>\n\t\t\t\t<div class=\"elementor-column elementor-col-50 elementor-top-column elementor-element elementor-element-2ce15348\" data-id=\"2ce15348\" data-element_type=\"column\" data-e-type=\"column\" data-settings=\"{&quot;background_background&quot;:&quot;classic&quot;}\">\n\t\t\t<div class=\"elementor-widget-wrap elementor-element-populated\">\n\t\t\t\t\t\t<div class=\"elementor-element elementor-element-6067388b elementor-widget elementor-widget-google_maps\" data-id=\"6067388b\" data-element_type=\"widget\" data-e-type=\"widget\" data-widget_type=\"google_maps.default\">\n\t\t\t\t<div class=\"elementor-widget-container\">\n\t\t\t\t\t\t\t<div class=\"elementor-custom-embed\">\n\t\t\t<iframe loading=\"lazy\"\n\t\t\t\t\tsrc=\"https:\/\/maps.google.com\/maps?q=Evi%20pools&#038;t=m&#038;z=6&#038;output=embed&#038;iwloc=near\"\n\t\t\t\t\ttitle=\"Evi pools\"\n\t\t\t\t\taria-label=\"Evi pools\"\n\t\t\t><\/iframe>\n\t\t<\/div>\n\t\t\t\t\t\t<\/div>\n\t\t\t\t<\/div>\n\t\t\t\t\t<\/div>\n\t\t<\/div>\n\t\t\t\t\t<\/div>\n\t\t<\/section>\n\t\t\t\t<section class=\"elementor-section elementor-top-section elementor-element elementor-element-bffd039 elementor-section-boxed elementor-section-height-default elementor-section-height-default\" data-id=\"bffd039\" data-element_type=\"section\" data-e-type=\"section\">\n\t\t\t\t\t\t<div class=\"elementor-container elementor-column-gap-default\">\n\t\t\t\t\t<div class=\"elementor-column elementor-col-100 elementor-top-column elementor-element elementor-element-d0cefe7\" data-id=\"d0cefe7\" data-element_type=\"column\" data-e-type=\"column\">\n\t\t\t<div class=\"elementor-widget-wrap\">\n\t\t\t\t\t\t\t<\/div>\n\t\t<\/div>\n\t\t\t\t\t<\/div>\n\t\t<\/section>\n\t\t\t\t<\/div>\n\t\t","protected":false},"excerpt":{"rendered":"<p>KOSTENLOS BUCHEN DIGITALE BERATUNG KOSTENLOS BUCHEN DIGITALE BERATUNG KOSTENLOS BUCHEN DIGITALE BERATUNG ANFANGEN ZU TR\u00c4UMEN VON IHR PERFEKTES SCHWIMMBAD Wir bieten jetzt auch digitale Beratungen an. Es ist ein einfacher Prozess, bei dem Sie nur Ihr Smartphone benutzen!&nbsp; Wir beraten Sie bei der Wahl des perfekten Standorts f\u00fcr Ihren Pool, informieren Sie \u00fcber den Ablauf [&hellip;]<\/p>\n","protected":false},"author":1,"featured_media":0,"parent":0,"menu_order":0,"comment_status":"closed","ping_status":"closed","template":"elementor_header_footer","meta":{"footnotes":""},"class_list":["post-503976","page","type-page","status-publish","hentry"],"yoast_head":"<!-- This site is optimized with the Yoast SEO plugin v27.4 - https:\/\/yoast.com\/product\/yoast-seo-wordpress\/ -->\n<title>Buchen Sie eine digitale Beratung - Evi Pools<\/title>\n<meta name=\"robots\" content=\"index, follow, max-snippet:-1, max-image-preview:large, max-video-preview:-1\" \/>\n<link rel=\"canonical\" href=\"https:\/\/evi.co.uk\/de\/buchen-sie-eine-digitale-beratung\/\" \/>\n<meta property=\"og:locale\" content=\"de_DE\" \/>\n<meta property=\"og:type\" content=\"article\" \/>\n<meta property=\"og:title\" content=\"Buchen Sie eine digitale Beratung - Evi Pools\" \/>\n<meta property=\"og:description\" content=\"KOSTENLOS BUCHEN DIGITALE BERATUNG KOSTENLOS BUCHEN DIGITALE BERATUNG KOSTENLOS BUCHEN DIGITALE BERATUNG ANFANGEN ZU TR\u00c4UMEN VON IHR PERFEKTES SCHWIMMBAD Wir bieten jetzt auch digitale Beratungen an. Es ist ein einfacher Prozess, bei dem Sie nur Ihr Smartphone benutzen!&nbsp; Wir beraten Sie bei der Wahl des perfekten Standorts f\u00fcr Ihren Pool, informieren Sie \u00fcber den Ablauf [&hellip;]\" \/>\n<meta property=\"og:url\" content=\"https:\/\/evi.co.uk\/de\/buchen-sie-eine-digitale-beratung\/\" \/>\n<meta property=\"og:site_name\" content=\"Evi Pools\" \/>\n<meta property=\"article:modified_time\" content=\"2025-04-22T18:32:43+00:00\" \/>\n<meta property=\"og:image\" content=\"https:\/\/evi.co.uk\/wp-content\/uploads\/2023\/04\/EVi-Pools-Digital-Consultation-Hand-Holding-Iphone-12-Pro-Mockup-scaled.jpg\" \/>\n\t<meta property=\"og:image:width\" content=\"1920\" \/>\n\t<meta property=\"og:image:height\" content=\"1203\" \/>\n\t<meta property=\"og:image:type\" content=\"image\/jpeg\" \/>\n<meta name=\"twitter:card\" content=\"summary_large_image\" \/>\n<meta name=\"twitter:label1\" content=\"Gesch\u00e4tzte Lesezeit\" \/>\n\t<meta name=\"twitter:data1\" content=\"1\u00a0Minute\" \/>\n<script type=\"application\/ld+json\" class=\"yoast-schema-graph\">{\"@context\":\"https:\\\/\\\/schema.org\",\"@graph\":[{\"@type\":\"WebPage\",\"@id\":\"https:\\\/\\\/evi.co.uk\\\/de\\\/buchen-sie-eine-digitale-beratung\\\/\",\"url\":\"https:\\\/\\\/evi.co.uk\\\/de\\\/buchen-sie-eine-digitale-beratung\\\/\",\"name\":\"Buchen Sie eine digitale Beratung - Evi Pools\",\"isPartOf\":{\"@id\":\"https:\\\/\\\/evi.co.uk\\\/de\\\/#website\"},\"primaryImageOfPage\":{\"@id\":\"https:\\\/\\\/evi.co.uk\\\/de\\\/buchen-sie-eine-digitale-beratung\\\/#primaryimage\"},\"image\":{\"@id\":\"https:\\\/\\\/evi.co.uk\\\/de\\\/buchen-sie-eine-digitale-beratung\\\/#primaryimage\"},\"thumbnailUrl\":\"https:\\\/\\\/evi.co.uk\\\/wp-content\\\/uploads\\\/2023\\\/04\\\/EVi-Pools-Digital-Consultation-Hand-Holding-Iphone-12-Pro-Mockup-1024x641.jpg\",\"datePublished\":\"2023-04-13T14:01:35+00:00\",\"dateModified\":\"2025-04-22T18:32:43+00:00\",\"breadcrumb\":{\"@id\":\"https:\\\/\\\/evi.co.uk\\\/de\\\/buchen-sie-eine-digitale-beratung\\\/#breadcrumb\"},\"inLanguage\":\"de\",\"potentialAction\":[{\"@type\":\"ReadAction\",\"target\":[\"https:\\\/\\\/evi.co.uk\\\/de\\\/buchen-sie-eine-digitale-beratung\\\/\"]}]},{\"@type\":\"ImageObject\",\"inLanguage\":\"de\",\"@id\":\"https:\\\/\\\/evi.co.uk\\\/de\\\/buchen-sie-eine-digitale-beratung\\\/#primaryimage\",\"url\":\"https:\\\/\\\/evi.co.uk\\\/wp-content\\\/uploads\\\/2023\\\/04\\\/EVi-Pools-Digital-Consultation-Hand-Holding-Iphone-12-Pro-Mockup-1024x641.jpg\",\"contentUrl\":\"https:\\\/\\\/evi.co.uk\\\/wp-content\\\/uploads\\\/2023\\\/04\\\/EVi-Pools-Digital-Consultation-Hand-Holding-Iphone-12-Pro-Mockup-1024x641.jpg\"},{\"@type\":\"BreadcrumbList\",\"@id\":\"https:\\\/\\\/evi.co.uk\\\/de\\\/buchen-sie-eine-digitale-beratung\\\/#breadcrumb\",\"itemListElement\":[{\"@type\":\"ListItem\",\"position\":1,\"name\":\"Home\",\"item\":\"https:\\\/\\\/evi.co.uk\\\/de\\\/\"},{\"@type\":\"ListItem\",\"position\":2,\"name\":\"Buchen Sie eine digitale Beratung\"}]},{\"@type\":\"WebSite\",\"@id\":\"https:\\\/\\\/evi.co.uk\\\/de\\\/#website\",\"url\":\"https:\\\/\\\/evi.co.uk\\\/de\\\/\",\"name\":\"Evi Pools\",\"description\":\"\",\"publisher\":{\"@id\":\"https:\\\/\\\/evi.co.uk\\\/de\\\/#organization\"},\"potentialAction\":[{\"@type\":\"SearchAction\",\"target\":{\"@type\":\"EntryPoint\",\"urlTemplate\":\"https:\\\/\\\/evi.co.uk\\\/de\\\/?s={search_term_string}\"},\"query-input\":{\"@type\":\"PropertyValueSpecification\",\"valueRequired\":true,\"valueName\":\"search_term_string\"}}],\"inLanguage\":\"de\"},{\"@type\":\"Organization\",\"@id\":\"https:\\\/\\\/evi.co.uk\\\/de\\\/#organization\",\"name\":\"Evi Pools\",\"url\":\"https:\\\/\\\/evi.co.uk\\\/de\\\/\",\"logo\":{\"@type\":\"ImageObject\",\"inLanguage\":\"de\",\"@id\":\"https:\\\/\\\/evi.co.uk\\\/de\\\/#\\\/schema\\\/logo\\\/image\\\/\",\"url\":\"https:\\\/\\\/evi.co.uk\\\/wp-content\\\/uploads\\\/2022\\\/09\\\/EVi-Pools-Final-Logo-London-England-V6_navy.svg\",\"contentUrl\":\"https:\\\/\\\/evi.co.uk\\\/wp-content\\\/uploads\\\/2022\\\/09\\\/EVi-Pools-Final-Logo-London-England-V6_navy.svg\",\"caption\":\"Evi Pools\"},\"image\":{\"@id\":\"https:\\\/\\\/evi.co.uk\\\/de\\\/#\\\/schema\\\/logo\\\/image\\\/\"}}]}<\/script>\n<!-- \/ Yoast SEO plugin. -->","yoast_head_json":{"title":"Buchen Sie eine digitale Beratung - Evi Pools","robots":{"index":"index","follow":"follow","max-snippet":"max-snippet:-1","max-image-preview":"max-image-preview:large","max-video-preview":"max-video-preview:-1"},"canonical":"https:\/\/evi.co.uk\/de\/buchen-sie-eine-digitale-beratung\/","og_locale":"de_DE","og_type":"article","og_title":"Buchen Sie eine digitale Beratung - Evi Pools","og_description":"KOSTENLOS BUCHEN DIGITALE BERATUNG KOSTENLOS BUCHEN DIGITALE BERATUNG KOSTENLOS BUCHEN DIGITALE BERATUNG ANFANGEN ZU TR\u00c4UMEN VON IHR PERFEKTES SCHWIMMBAD Wir bieten jetzt auch digitale Beratungen an. Es ist ein einfacher Prozess, bei dem Sie nur Ihr Smartphone benutzen!&nbsp; Wir beraten Sie bei der Wahl des perfekten Standorts f\u00fcr Ihren Pool, informieren Sie \u00fcber den Ablauf [&hellip;]","og_url":"https:\/\/evi.co.uk\/de\/buchen-sie-eine-digitale-beratung\/","og_site_name":"Evi Pools","article_modified_time":"2025-04-22T18:32:43+00:00","og_image":[{"width":1920,"height":1203,"url":"https:\/\/evi.co.uk\/wp-content\/uploads\/2023\/04\/EVi-Pools-Digital-Consultation-Hand-Holding-Iphone-12-Pro-Mockup-scaled.jpg","type":"image\/jpeg"}],"twitter_card":"summary_large_image","twitter_misc":{"Gesch\u00e4tzte Lesezeit":"1\u00a0Minute"},"schema":{"@context":"https:\/\/schema.org","@graph":[{"@type":"WebPage","@id":"https:\/\/evi.co.uk\/de\/buchen-sie-eine-digitale-beratung\/","url":"https:\/\/evi.co.uk\/de\/buchen-sie-eine-digitale-beratung\/","name":"Buchen Sie eine digitale Beratung - Evi Pools","isPartOf":{"@id":"https:\/\/evi.co.uk\/de\/#website"},"primaryImageOfPage":{"@id":"https:\/\/evi.co.uk\/de\/buchen-sie-eine-digitale-beratung\/#primaryimage"},"image":{"@id":"https:\/\/evi.co.uk\/de\/buchen-sie-eine-digitale-beratung\/#primaryimage"},"thumbnailUrl":"https:\/\/evi.co.uk\/wp-content\/uploads\/2023\/04\/EVi-Pools-Digital-Consultation-Hand-Holding-Iphone-12-Pro-Mockup-1024x641.jpg","datePublished":"2023-04-13T14:01:35+00:00","dateModified":"2025-04-22T18:32:43+00:00","breadcrumb":{"@id":"https:\/\/evi.co.uk\/de\/buchen-sie-eine-digitale-beratung\/#breadcrumb"},"inLanguage":"de","potentialAction":[{"@type":"ReadAction","target":["https:\/\/evi.co.uk\/de\/buchen-sie-eine-digitale-beratung\/"]}]},{"@type":"ImageObject","inLanguage":"de","@id":"https:\/\/evi.co.uk\/de\/buchen-sie-eine-digitale-beratung\/#primaryimage","url":"https:\/\/evi.co.uk\/wp-content\/uploads\/2023\/04\/EVi-Pools-Digital-Consultation-Hand-Holding-Iphone-12-Pro-Mockup-1024x641.jpg","contentUrl":"https:\/\/evi.co.uk\/wp-content\/uploads\/2023\/04\/EVi-Pools-Digital-Consultation-Hand-Holding-Iphone-12-Pro-Mockup-1024x641.jpg"},{"@type":"BreadcrumbList","@id":"https:\/\/evi.co.uk\/de\/buchen-sie-eine-digitale-beratung\/#breadcrumb","itemListElement":[{"@type":"ListItem","position":1,"name":"Home","item":"https:\/\/evi.co.uk\/de\/"},{"@type":"ListItem","position":2,"name":"Buchen Sie eine digitale Beratung"}]},{"@type":"WebSite","@id":"https:\/\/evi.co.uk\/de\/#website","url":"https:\/\/evi.co.uk\/de\/","name":"Evi Pools","description":"","publisher":{"@id":"https:\/\/evi.co.uk\/de\/#organization"},"potentialAction":[{"@type":"SearchAction","target":{"@type":"EntryPoint","urlTemplate":"https:\/\/evi.co.uk\/de\/?s={search_term_string}"},"query-input":{"@type":"PropertyValueSpecification","valueRequired":true,"valueName":"search_term_string"}}],"inLanguage":"de"},{"@type":"Organization","@id":"https:\/\/evi.co.uk\/de\/#organization","name":"Evi Pools","url":"https:\/\/evi.co.uk\/de\/","logo":{"@type":"ImageObject","inLanguage":"de","@id":"https:\/\/evi.co.uk\/de\/#\/schema\/logo\/image\/","url":"https:\/\/evi.co.uk\/wp-content\/uploads\/2022\/09\/EVi-Pools-Final-Logo-London-England-V6_navy.svg","contentUrl":"https:\/\/evi.co.uk\/wp-content\/uploads\/2022\/09\/EVi-Pools-Final-Logo-London-England-V6_navy.svg","caption":"Evi Pools"},"image":{"@id":"https:\/\/evi.co.uk\/de\/#\/schema\/logo\/image\/"}}]}},"_links":{"self":[{"href":"https:\/\/evi.co.uk\/de\/wp-json\/wp\/v2\/pages\/503976","targetHints":{"allow":["GET"]}}],"collection":[{"href":"https:\/\/evi.co.uk\/de\/wp-json\/wp\/v2\/pages"}],"about":[{"href":"https:\/\/evi.co.uk\/de\/wp-json\/wp\/v2\/types\/page"}],"author":[{"embeddable":true,"href":"https:\/\/evi.co.uk\/de\/wp-json\/wp\/v2\/users\/1"}],"replies":[{"embeddable":true,"href":"https:\/\/evi.co.uk\/de\/wp-json\/wp\/v2\/comments?post=503976"}],"version-history":[{"count":6,"href":"https:\/\/evi.co.uk\/de\/wp-json\/wp\/v2\/pages\/503976\/revisions"}],"predecessor-version":[{"id":505098,"href":"https:\/\/evi.co.uk\/de\/wp-json\/wp\/v2\/pages\/503976\/revisions\/505098"}],"wp:attachment":[{"href":"https:\/\/evi.co.uk\/de\/wp-json\/wp\/v2\/media?parent=503976"}],"curies":[{"name":"wp","href":"https:\/\/api.w.org\/{rel}","templated":true}]}}