{"id":504461,"date":"2022-10-03T21:00:56","date_gmt":"2022-10-03T21:00:56","guid":{"rendered":"https:\/\/evi.co.uk\/product\/trainingspaket\/"},"modified":"2023-11-09T22:29:07","modified_gmt":"2023-11-09T22:29:07","slug":"trainingspaket","status":"publish","type":"product","link":"https:\/\/evi.co.uk\/de\/produkt\/trainingspaket\/","title":{"rendered":"Trainingspaket"},"content":{"rendered":"<p>Das Trainingspaket eignet sich sowohl f\u00fcr ambitionierte Schwimmer als auch f\u00fcr alle, die mit ihrer Fitness beginnen m\u00f6chten.<br \/>\nDie im Lieferumfang enthaltene Turbine erzeugt eine Gegenstr\u00f6mung, die sich perfekt f\u00fcr das Training in Schwimmbecken jeder Gr\u00f6\u00dfe eignet, indem sie die Drehzeit im Wasser verk\u00fcrzt und einen nat\u00fcrlichen Widerstand erzeugt, der auf ein f\u00fcr Sie geeignetes Niveau eingestellt werden kann.<br \/>\nDie Packung enth\u00e4lt au\u00dferdem einen elektrischen Schaltkasten, eine Fernbedienung und Kabel zum Anschluss an den Pool Pod.<\/p>\n","protected":false},"excerpt":{"rendered":"<p>Das Trainingspaket eignet sich sowohl f\u00fcr ambitionierte Schwimmer als auch f\u00fcr alle, die mit ihrer Fitness beginnen m\u00f6chten. Die im Lieferumfang enthaltene Turbine erzeugt eine Gegenstr\u00f6mung, die sich perfekt f\u00fcr das Training in Schwimmbecken jeder Gr\u00f6\u00dfe eignet, indem sie die Drehzeit im Wasser verk\u00fcrzt und einen nat\u00fcrlichen Widerstand erzeugt, der auf ein f\u00fcr Sie geeignetes [&hellip;]<\/p>\n","protected":false},"featured_media":502582,"template":"","meta":[],"product_brand":[],"product_cat":[100082],"product_tag":[],"class_list":{"0":"post-504461","1":"product","2":"type-product","3":"status-publish","4":"has-post-thumbnail","6":"product_cat-optionen","8":"first","9":"instock","10":"taxable","11":"shipping-taxable","12":"purchasable","13":"product-type-simple"},"yoast_head":"<!-- This site is optimized with the Yoast SEO plugin v27.4 - https:\/\/yoast.com\/product\/yoast-seo-wordpress\/ -->\n<title>Trainingspaket - Evi Pools<\/title>\n<meta name=\"robots\" content=\"index, follow, max-snippet:-1, max-image-preview:large, max-video-preview:-1\" \/>\n<link rel=\"canonical\" href=\"https:\/\/evi.co.uk\/de\/produkt\/trainingspaket\/\" \/>\n<meta property=\"og:locale\" content=\"de_DE\" \/>\n<meta property=\"og:type\" content=\"article\" \/>\n<meta property=\"og:title\" content=\"Trainingspaket - Evi Pools\" \/>\n<meta property=\"og:description\" content=\"Das Trainingspaket eignet sich sowohl f\u00fcr ambitionierte Schwimmer als auch f\u00fcr alle, die mit ihrer Fitness beginnen m\u00f6chten. Die im Lieferumfang enthaltene Turbine erzeugt eine Gegenstr\u00f6mung, die sich perfekt f\u00fcr das Training in Schwimmbecken jeder Gr\u00f6\u00dfe eignet, indem sie die Drehzeit im Wasser verk\u00fcrzt und einen nat\u00fcrlichen Widerstand erzeugt, der auf ein f\u00fcr Sie geeignetes [&hellip;]\" \/>\n<meta property=\"og:url\" content=\"https:\/\/evi.co.uk\/de\/produkt\/trainingspaket\/\" \/>\n<meta property=\"og:site_name\" content=\"Evi Pools\" \/>\n<meta property=\"article:modified_time\" content=\"2023-11-09T22:29:07+00:00\" \/>\n<meta property=\"og:image\" content=\"https:\/\/evi.co.uk\/wp-content\/uploads\/2022\/09\/Training-Pack-Turbine-New-Retrofit-white-pvc.jpg\" \/>\n\t<meta property=\"og:image:width\" content=\"600\" \/>\n\t<meta property=\"og:image:height\" content=\"600\" \/>\n\t<meta property=\"og:image:type\" content=\"image\/jpeg\" \/>\n<meta name=\"twitter:card\" content=\"summary_large_image\" \/>\n<script type=\"application\/ld+json\" class=\"yoast-schema-graph\">{\"@context\":\"https:\\\/\\\/schema.org\",\"@graph\":[{\"@type\":\"WebPage\",\"@id\":\"https:\\\/\\\/evi.co.uk\\\/de\\\/produkt\\\/trainingspaket\\\/\",\"url\":\"https:\\\/\\\/evi.co.uk\\\/de\\\/produkt\\\/trainingspaket\\\/\",\"name\":\"Trainingspaket - Evi Pools\",\"isPartOf\":{\"@id\":\"https:\\\/\\\/evi.co.uk\\\/de\\\/#website\"},\"primaryImageOfPage\":{\"@id\":\"https:\\\/\\\/evi.co.uk\\\/de\\\/produkt\\\/trainingspaket\\\/#primaryimage\"},\"image\":{\"@id\":\"https:\\\/\\\/evi.co.uk\\\/de\\\/produkt\\\/trainingspaket\\\/#primaryimage\"},\"thumbnailUrl\":\"https:\\\/\\\/evi.co.uk\\\/wp-content\\\/uploads\\\/2022\\\/09\\\/Training-Pack-Turbine-New-Retrofit-white-pvc.jpg\",\"datePublished\":\"2022-10-03T21:00:56+00:00\",\"dateModified\":\"2023-11-09T22:29:07+00:00\",\"breadcrumb\":{\"@id\":\"https:\\\/\\\/evi.co.uk\\\/de\\\/produkt\\\/trainingspaket\\\/#breadcrumb\"},\"inLanguage\":\"de\",\"potentialAction\":[{\"@type\":\"ReadAction\",\"target\":[\"https:\\\/\\\/evi.co.uk\\\/de\\\/produkt\\\/trainingspaket\\\/\"]}]},{\"@type\":\"ImageObject\",\"inLanguage\":\"de\",\"@id\":\"https:\\\/\\\/evi.co.uk\\\/de\\\/produkt\\\/trainingspaket\\\/#primaryimage\",\"url\":\"https:\\\/\\\/evi.co.uk\\\/wp-content\\\/uploads\\\/2022\\\/09\\\/Training-Pack-Turbine-New-Retrofit-white-pvc.jpg\",\"contentUrl\":\"https:\\\/\\\/evi.co.uk\\\/wp-content\\\/uploads\\\/2022\\\/09\\\/Training-Pack-Turbine-New-Retrofit-white-pvc.jpg\",\"width\":600,\"height\":600,\"caption\":\"Schulungspaket - Turbine-Neu-Umbau-wei\u00df-pvc\"},{\"@type\":\"BreadcrumbList\",\"@id\":\"https:\\\/\\\/evi.co.uk\\\/de\\\/produkt\\\/trainingspaket\\\/#breadcrumb\",\"itemListElement\":[{\"@type\":\"ListItem\",\"position\":1,\"name\":\"Home\",\"item\":\"https:\\\/\\\/evi.co.uk\\\/de\\\/\"},{\"@type\":\"ListItem\",\"position\":2,\"name\":\"Shop\",\"item\":\"https:\\\/\\\/evi.co.uk\\\/shop\\\/\"},{\"@type\":\"ListItem\",\"position\":3,\"name\":\"Trainingspaket\"}]},{\"@type\":\"WebSite\",\"@id\":\"https:\\\/\\\/evi.co.uk\\\/de\\\/#website\",\"url\":\"https:\\\/\\\/evi.co.uk\\\/de\\\/\",\"name\":\"Evi Pools\",\"description\":\"\",\"publisher\":{\"@id\":\"https:\\\/\\\/evi.co.uk\\\/de\\\/#organization\"},\"potentialAction\":[{\"@type\":\"SearchAction\",\"target\":{\"@type\":\"EntryPoint\",\"urlTemplate\":\"https:\\\/\\\/evi.co.uk\\\/de\\\/?s={search_term_string}\"},\"query-input\":{\"@type\":\"PropertyValueSpecification\",\"valueRequired\":true,\"valueName\":\"search_term_string\"}}],\"inLanguage\":\"de\"},{\"@type\":\"Organization\",\"@id\":\"https:\\\/\\\/evi.co.uk\\\/de\\\/#organization\",\"name\":\"Evi Pools\",\"url\":\"https:\\\/\\\/evi.co.uk\\\/de\\\/\",\"logo\":{\"@type\":\"ImageObject\",\"inLanguage\":\"de\",\"@id\":\"https:\\\/\\\/evi.co.uk\\\/de\\\/#\\\/schema\\\/logo\\\/image\\\/\",\"url\":\"https:\\\/\\\/evi.co.uk\\\/wp-content\\\/uploads\\\/2022\\\/09\\\/EVi-Pools-Final-Logo-London-England-V6_navy.svg\",\"contentUrl\":\"https:\\\/\\\/evi.co.uk\\\/wp-content\\\/uploads\\\/2022\\\/09\\\/EVi-Pools-Final-Logo-London-England-V6_navy.svg\",\"caption\":\"Evi Pools\"},\"image\":{\"@id\":\"https:\\\/\\\/evi.co.uk\\\/de\\\/#\\\/schema\\\/logo\\\/image\\\/\"}}]}<\/script>\n<!-- \/ Yoast SEO plugin. -->","yoast_head_json":{"title":"Trainingspaket - Evi Pools","robots":{"index":"index","follow":"follow","max-snippet":"max-snippet:-1","max-image-preview":"max-image-preview:large","max-video-preview":"max-video-preview:-1"},"canonical":"https:\/\/evi.co.uk\/de\/produkt\/trainingspaket\/","og_locale":"de_DE","og_type":"article","og_title":"Trainingspaket - Evi Pools","og_description":"Das Trainingspaket eignet sich sowohl f\u00fcr ambitionierte Schwimmer als auch f\u00fcr alle, die mit ihrer Fitness beginnen m\u00f6chten. Die im Lieferumfang enthaltene Turbine erzeugt eine Gegenstr\u00f6mung, die sich perfekt f\u00fcr das Training in Schwimmbecken jeder Gr\u00f6\u00dfe eignet, indem sie die Drehzeit im Wasser verk\u00fcrzt und einen nat\u00fcrlichen Widerstand erzeugt, der auf ein f\u00fcr Sie geeignetes [&hellip;]","og_url":"https:\/\/evi.co.uk\/de\/produkt\/trainingspaket\/","og_site_name":"Evi Pools","article_modified_time":"2023-11-09T22:29:07+00:00","og_image":[{"width":600,"height":600,"url":"https:\/\/evi.co.uk\/wp-content\/uploads\/2022\/09\/Training-Pack-Turbine-New-Retrofit-white-pvc.jpg","type":"image\/jpeg"}],"twitter_card":"summary_large_image","schema":{"@context":"https:\/\/schema.org","@graph":[{"@type":"WebPage","@id":"https:\/\/evi.co.uk\/de\/produkt\/trainingspaket\/","url":"https:\/\/evi.co.uk\/de\/produkt\/trainingspaket\/","name":"Trainingspaket - Evi Pools","isPartOf":{"@id":"https:\/\/evi.co.uk\/de\/#website"},"primaryImageOfPage":{"@id":"https:\/\/evi.co.uk\/de\/produkt\/trainingspaket\/#primaryimage"},"image":{"@id":"https:\/\/evi.co.uk\/de\/produkt\/trainingspaket\/#primaryimage"},"thumbnailUrl":"https:\/\/evi.co.uk\/wp-content\/uploads\/2022\/09\/Training-Pack-Turbine-New-Retrofit-white-pvc.jpg","datePublished":"2022-10-03T21:00:56+00:00","dateModified":"2023-11-09T22:29:07+00:00","breadcrumb":{"@id":"https:\/\/evi.co.uk\/de\/produkt\/trainingspaket\/#breadcrumb"},"inLanguage":"de","potentialAction":[{"@type":"ReadAction","target":["https:\/\/evi.co.uk\/de\/produkt\/trainingspaket\/"]}]},{"@type":"ImageObject","inLanguage":"de","@id":"https:\/\/evi.co.uk\/de\/produkt\/trainingspaket\/#primaryimage","url":"https:\/\/evi.co.uk\/wp-content\/uploads\/2022\/09\/Training-Pack-Turbine-New-Retrofit-white-pvc.jpg","contentUrl":"https:\/\/evi.co.uk\/wp-content\/uploads\/2022\/09\/Training-Pack-Turbine-New-Retrofit-white-pvc.jpg","width":600,"height":600,"caption":"Schulungspaket - Turbine-Neu-Umbau-wei\u00df-pvc"},{"@type":"BreadcrumbList","@id":"https:\/\/evi.co.uk\/de\/produkt\/trainingspaket\/#breadcrumb","itemListElement":[{"@type":"ListItem","position":1,"name":"Home","item":"https:\/\/evi.co.uk\/de\/"},{"@type":"ListItem","position":2,"name":"Shop","item":"https:\/\/evi.co.uk\/shop\/"},{"@type":"ListItem","position":3,"name":"Trainingspaket"}]},{"@type":"WebSite","@id":"https:\/\/evi.co.uk\/de\/#website","url":"https:\/\/evi.co.uk\/de\/","name":"Evi Pools","description":"","publisher":{"@id":"https:\/\/evi.co.uk\/de\/#organization"},"potentialAction":[{"@type":"SearchAction","target":{"@type":"EntryPoint","urlTemplate":"https:\/\/evi.co.uk\/de\/?s={search_term_string}"},"query-input":{"@type":"PropertyValueSpecification","valueRequired":true,"valueName":"search_term_string"}}],"inLanguage":"de"},{"@type":"Organization","@id":"https:\/\/evi.co.uk\/de\/#organization","name":"Evi Pools","url":"https:\/\/evi.co.uk\/de\/","logo":{"@type":"ImageObject","inLanguage":"de","@id":"https:\/\/evi.co.uk\/de\/#\/schema\/logo\/image\/","url":"https:\/\/evi.co.uk\/wp-content\/uploads\/2022\/09\/EVi-Pools-Final-Logo-London-England-V6_navy.svg","contentUrl":"https:\/\/evi.co.uk\/wp-content\/uploads\/2022\/09\/EVi-Pools-Final-Logo-London-England-V6_navy.svg","caption":"Evi Pools"},"image":{"@id":"https:\/\/evi.co.uk\/de\/#\/schema\/logo\/image\/"}}]}},"_links":{"self":[{"href":"https:\/\/evi.co.uk\/de\/wp-json\/wp\/v2\/product\/504461","targetHints":{"allow":["GET"]}}],"collection":[{"href":"https:\/\/evi.co.uk\/de\/wp-json\/wp\/v2\/product"}],"about":[{"href":"https:\/\/evi.co.uk\/de\/wp-json\/wp\/v2\/types\/product"}],"wp:featuredmedia":[{"embeddable":true,"href":"https:\/\/evi.co.uk\/de\/wp-json\/wp\/v2\/media\/502582"}],"wp:attachment":[{"href":"https:\/\/evi.co.uk\/de\/wp-json\/wp\/v2\/media?parent=504461"}],"wp:term":[{"taxonomy":"product_brand","embeddable":true,"href":"https:\/\/evi.co.uk\/de\/wp-json\/wp\/v2\/product_brand?post=504461"},{"taxonomy":"product_cat","embeddable":true,"href":"https:\/\/evi.co.uk\/de\/wp-json\/wp\/v2\/product_cat?post=504461"},{"taxonomy":"product_tag","embeddable":true,"href":"https:\/\/evi.co.uk\/de\/wp-json\/wp\/v2\/product_tag?post=504461"}],"curies":[{"name":"wp","href":"https:\/\/api.w.org\/{rel}","templated":true}]}}