{"id":504475,"date":"2022-10-03T20:59:02","date_gmt":"2022-10-03T20:59:02","guid":{"rendered":"https:\/\/evi.co.uk\/product\/familienpackung\/"},"modified":"2023-11-09T22:28:52","modified_gmt":"2023-11-09T22:28:52","slug":"familien-paket","status":"publish","type":"product","link":"https:\/\/evi.co.uk\/de\/produkt\/familien-paket\/","title":{"rendered":"Familienpackung"},"content":{"rendered":"<p>Das Family Pack gibt Ihnen die n\u00f6tige Sicherheit, wenn es darum geht, Ihre Familie und Haustiere rund um Ihren Pool zu sch\u00fctzen.<br \/>\nDie graue, mit Lamellen versehene Rollabdeckung dient als Sicherheitsbarriere, falls ein Kind oder ein Haustier in den Pool treten sollte.<br \/>\nAu\u00dferdem wird Ihr Pool wirtschaftlicher, da der potenzielle W\u00e4rmeverlust \u00fcber die Wasseroberfl\u00e4che erheblich reduziert wird.<\/p>\n","protected":false},"excerpt":{"rendered":"<p>Das Family Pack gibt Ihnen die n\u00f6tige Sicherheit, wenn es darum geht, Ihre Familie und Haustiere rund um Ihren Pool zu sch\u00fctzen. Die graue, mit Lamellen versehene Rollabdeckung dient als Sicherheitsbarriere, falls ein Kind oder ein Haustier in den Pool treten sollte. Au\u00dferdem wird Ihr Pool wirtschaftlicher, da der potenzielle W\u00e4rmeverlust \u00fcber die Wasseroberfl\u00e4che erheblich [&hellip;]<\/p>\n","protected":false},"featured_media":502587,"template":"","meta":[],"product_brand":[],"product_cat":[100082],"product_tag":[],"class_list":{"0":"post-504475","1":"product","2":"type-product","3":"status-publish","4":"has-post-thumbnail","6":"product_cat-optionen","8":"first","9":"instock","10":"taxable","11":"shipping-taxable","12":"purchasable","13":"product-type-simple"},"yoast_head":"<!-- This site is optimized with the Yoast SEO plugin v27.4 - https:\/\/yoast.com\/product\/yoast-seo-wordpress\/ -->\n<title>Familienpackung - Evi Pools<\/title>\n<meta name=\"robots\" content=\"index, follow, max-snippet:-1, max-image-preview:large, max-video-preview:-1\" \/>\n<link rel=\"canonical\" href=\"https:\/\/evi.co.uk\/de\/produkt\/familien-paket\/\" \/>\n<meta property=\"og:locale\" content=\"de_DE\" \/>\n<meta property=\"og:type\" content=\"article\" \/>\n<meta property=\"og:title\" content=\"Familienpackung - Evi Pools\" \/>\n<meta property=\"og:description\" content=\"Das Family Pack gibt Ihnen die n\u00f6tige Sicherheit, wenn es darum geht, Ihre Familie und Haustiere rund um Ihren Pool zu sch\u00fctzen. Die graue, mit Lamellen versehene Rollabdeckung dient als Sicherheitsbarriere, falls ein Kind oder ein Haustier in den Pool treten sollte. Au\u00dferdem wird Ihr Pool wirtschaftlicher, da der potenzielle W\u00e4rmeverlust \u00fcber die Wasseroberfl\u00e4che erheblich [&hellip;]\" \/>\n<meta property=\"og:url\" content=\"https:\/\/evi.co.uk\/de\/produkt\/familien-paket\/\" \/>\n<meta property=\"og:site_name\" content=\"Evi Pools\" \/>\n<meta property=\"article:modified_time\" content=\"2023-11-09T22:28:52+00:00\" \/>\n<meta property=\"og:image\" content=\"https:\/\/evi.co.uk\/wp-content\/uploads\/2022\/09\/Evi-Swimming-Pools-Family-Safety-Cover.jpg\" \/>\n\t<meta property=\"og:image:width\" content=\"600\" \/>\n\t<meta property=\"og:image:height\" content=\"600\" \/>\n\t<meta property=\"og:image:type\" content=\"image\/jpeg\" \/>\n<meta name=\"twitter:card\" content=\"summary_large_image\" \/>\n<script type=\"application\/ld+json\" class=\"yoast-schema-graph\">{\"@context\":\"https:\\\/\\\/schema.org\",\"@graph\":[{\"@type\":\"WebPage\",\"@id\":\"https:\\\/\\\/evi.co.uk\\\/de\\\/produkt\\\/familien-paket\\\/\",\"url\":\"https:\\\/\\\/evi.co.uk\\\/de\\\/produkt\\\/familien-paket\\\/\",\"name\":\"Familienpackung - Evi Pools\",\"isPartOf\":{\"@id\":\"https:\\\/\\\/evi.co.uk\\\/de\\\/#website\"},\"primaryImageOfPage\":{\"@id\":\"https:\\\/\\\/evi.co.uk\\\/de\\\/produkt\\\/familien-paket\\\/#primaryimage\"},\"image\":{\"@id\":\"https:\\\/\\\/evi.co.uk\\\/de\\\/produkt\\\/familien-paket\\\/#primaryimage\"},\"thumbnailUrl\":\"https:\\\/\\\/evi.co.uk\\\/wp-content\\\/uploads\\\/2022\\\/09\\\/Evi-Swimming-Pools-Family-Safety-Cover.jpg\",\"datePublished\":\"2022-10-03T20:59:02+00:00\",\"dateModified\":\"2023-11-09T22:28:52+00:00\",\"breadcrumb\":{\"@id\":\"https:\\\/\\\/evi.co.uk\\\/de\\\/produkt\\\/familien-paket\\\/#breadcrumb\"},\"inLanguage\":\"de\",\"potentialAction\":[{\"@type\":\"ReadAction\",\"target\":[\"https:\\\/\\\/evi.co.uk\\\/de\\\/produkt\\\/familien-paket\\\/\"]}]},{\"@type\":\"ImageObject\",\"inLanguage\":\"de\",\"@id\":\"https:\\\/\\\/evi.co.uk\\\/de\\\/produkt\\\/familien-paket\\\/#primaryimage\",\"url\":\"https:\\\/\\\/evi.co.uk\\\/wp-content\\\/uploads\\\/2022\\\/09\\\/Evi-Swimming-Pools-Family-Safety-Cover.jpg\",\"contentUrl\":\"https:\\\/\\\/evi.co.uk\\\/wp-content\\\/uploads\\\/2022\\\/09\\\/Evi-Swimming-Pools-Family-Safety-Cover.jpg\",\"width\":600,\"height\":600},{\"@type\":\"BreadcrumbList\",\"@id\":\"https:\\\/\\\/evi.co.uk\\\/de\\\/produkt\\\/familien-paket\\\/#breadcrumb\",\"itemListElement\":[{\"@type\":\"ListItem\",\"position\":1,\"name\":\"Home\",\"item\":\"https:\\\/\\\/evi.co.uk\\\/de\\\/\"},{\"@type\":\"ListItem\",\"position\":2,\"name\":\"Shop\",\"item\":\"https:\\\/\\\/evi.co.uk\\\/shop\\\/\"},{\"@type\":\"ListItem\",\"position\":3,\"name\":\"Familienpackung\"}]},{\"@type\":\"WebSite\",\"@id\":\"https:\\\/\\\/evi.co.uk\\\/de\\\/#website\",\"url\":\"https:\\\/\\\/evi.co.uk\\\/de\\\/\",\"name\":\"Evi Pools\",\"description\":\"\",\"publisher\":{\"@id\":\"https:\\\/\\\/evi.co.uk\\\/de\\\/#organization\"},\"potentialAction\":[{\"@type\":\"SearchAction\",\"target\":{\"@type\":\"EntryPoint\",\"urlTemplate\":\"https:\\\/\\\/evi.co.uk\\\/de\\\/?s={search_term_string}\"},\"query-input\":{\"@type\":\"PropertyValueSpecification\",\"valueRequired\":true,\"valueName\":\"search_term_string\"}}],\"inLanguage\":\"de\"},{\"@type\":\"Organization\",\"@id\":\"https:\\\/\\\/evi.co.uk\\\/de\\\/#organization\",\"name\":\"Evi Pools\",\"url\":\"https:\\\/\\\/evi.co.uk\\\/de\\\/\",\"logo\":{\"@type\":\"ImageObject\",\"inLanguage\":\"de\",\"@id\":\"https:\\\/\\\/evi.co.uk\\\/de\\\/#\\\/schema\\\/logo\\\/image\\\/\",\"url\":\"https:\\\/\\\/evi.co.uk\\\/wp-content\\\/uploads\\\/2022\\\/09\\\/EVi-Pools-Final-Logo-London-England-V6_navy.svg\",\"contentUrl\":\"https:\\\/\\\/evi.co.uk\\\/wp-content\\\/uploads\\\/2022\\\/09\\\/EVi-Pools-Final-Logo-London-England-V6_navy.svg\",\"caption\":\"Evi Pools\"},\"image\":{\"@id\":\"https:\\\/\\\/evi.co.uk\\\/de\\\/#\\\/schema\\\/logo\\\/image\\\/\"}}]}<\/script>\n<!-- \/ Yoast SEO plugin. -->","yoast_head_json":{"title":"Familienpackung - Evi Pools","robots":{"index":"index","follow":"follow","max-snippet":"max-snippet:-1","max-image-preview":"max-image-preview:large","max-video-preview":"max-video-preview:-1"},"canonical":"https:\/\/evi.co.uk\/de\/produkt\/familien-paket\/","og_locale":"de_DE","og_type":"article","og_title":"Familienpackung - Evi Pools","og_description":"Das Family Pack gibt Ihnen die n\u00f6tige Sicherheit, wenn es darum geht, Ihre Familie und Haustiere rund um Ihren Pool zu sch\u00fctzen. Die graue, mit Lamellen versehene Rollabdeckung dient als Sicherheitsbarriere, falls ein Kind oder ein Haustier in den Pool treten sollte. Au\u00dferdem wird Ihr Pool wirtschaftlicher, da der potenzielle W\u00e4rmeverlust \u00fcber die Wasseroberfl\u00e4che erheblich [&hellip;]","og_url":"https:\/\/evi.co.uk\/de\/produkt\/familien-paket\/","og_site_name":"Evi Pools","article_modified_time":"2023-11-09T22:28:52+00:00","og_image":[{"width":600,"height":600,"url":"https:\/\/evi.co.uk\/wp-content\/uploads\/2022\/09\/Evi-Swimming-Pools-Family-Safety-Cover.jpg","type":"image\/jpeg"}],"twitter_card":"summary_large_image","schema":{"@context":"https:\/\/schema.org","@graph":[{"@type":"WebPage","@id":"https:\/\/evi.co.uk\/de\/produkt\/familien-paket\/","url":"https:\/\/evi.co.uk\/de\/produkt\/familien-paket\/","name":"Familienpackung - Evi Pools","isPartOf":{"@id":"https:\/\/evi.co.uk\/de\/#website"},"primaryImageOfPage":{"@id":"https:\/\/evi.co.uk\/de\/produkt\/familien-paket\/#primaryimage"},"image":{"@id":"https:\/\/evi.co.uk\/de\/produkt\/familien-paket\/#primaryimage"},"thumbnailUrl":"https:\/\/evi.co.uk\/wp-content\/uploads\/2022\/09\/Evi-Swimming-Pools-Family-Safety-Cover.jpg","datePublished":"2022-10-03T20:59:02+00:00","dateModified":"2023-11-09T22:28:52+00:00","breadcrumb":{"@id":"https:\/\/evi.co.uk\/de\/produkt\/familien-paket\/#breadcrumb"},"inLanguage":"de","potentialAction":[{"@type":"ReadAction","target":["https:\/\/evi.co.uk\/de\/produkt\/familien-paket\/"]}]},{"@type":"ImageObject","inLanguage":"de","@id":"https:\/\/evi.co.uk\/de\/produkt\/familien-paket\/#primaryimage","url":"https:\/\/evi.co.uk\/wp-content\/uploads\/2022\/09\/Evi-Swimming-Pools-Family-Safety-Cover.jpg","contentUrl":"https:\/\/evi.co.uk\/wp-content\/uploads\/2022\/09\/Evi-Swimming-Pools-Family-Safety-Cover.jpg","width":600,"height":600},{"@type":"BreadcrumbList","@id":"https:\/\/evi.co.uk\/de\/produkt\/familien-paket\/#breadcrumb","itemListElement":[{"@type":"ListItem","position":1,"name":"Home","item":"https:\/\/evi.co.uk\/de\/"},{"@type":"ListItem","position":2,"name":"Shop","item":"https:\/\/evi.co.uk\/shop\/"},{"@type":"ListItem","position":3,"name":"Familienpackung"}]},{"@type":"WebSite","@id":"https:\/\/evi.co.uk\/de\/#website","url":"https:\/\/evi.co.uk\/de\/","name":"Evi Pools","description":"","publisher":{"@id":"https:\/\/evi.co.uk\/de\/#organization"},"potentialAction":[{"@type":"SearchAction","target":{"@type":"EntryPoint","urlTemplate":"https:\/\/evi.co.uk\/de\/?s={search_term_string}"},"query-input":{"@type":"PropertyValueSpecification","valueRequired":true,"valueName":"search_term_string"}}],"inLanguage":"de"},{"@type":"Organization","@id":"https:\/\/evi.co.uk\/de\/#organization","name":"Evi Pools","url":"https:\/\/evi.co.uk\/de\/","logo":{"@type":"ImageObject","inLanguage":"de","@id":"https:\/\/evi.co.uk\/de\/#\/schema\/logo\/image\/","url":"https:\/\/evi.co.uk\/wp-content\/uploads\/2022\/09\/EVi-Pools-Final-Logo-London-England-V6_navy.svg","contentUrl":"https:\/\/evi.co.uk\/wp-content\/uploads\/2022\/09\/EVi-Pools-Final-Logo-London-England-V6_navy.svg","caption":"Evi Pools"},"image":{"@id":"https:\/\/evi.co.uk\/de\/#\/schema\/logo\/image\/"}}]}},"_links":{"self":[{"href":"https:\/\/evi.co.uk\/de\/wp-json\/wp\/v2\/product\/504475","targetHints":{"allow":["GET"]}}],"collection":[{"href":"https:\/\/evi.co.uk\/de\/wp-json\/wp\/v2\/product"}],"about":[{"href":"https:\/\/evi.co.uk\/de\/wp-json\/wp\/v2\/types\/product"}],"wp:featuredmedia":[{"embeddable":true,"href":"https:\/\/evi.co.uk\/de\/wp-json\/wp\/v2\/media\/502587"}],"wp:attachment":[{"href":"https:\/\/evi.co.uk\/de\/wp-json\/wp\/v2\/media?parent=504475"}],"wp:term":[{"taxonomy":"product_brand","embeddable":true,"href":"https:\/\/evi.co.uk\/de\/wp-json\/wp\/v2\/product_brand?post=504475"},{"taxonomy":"product_cat","embeddable":true,"href":"https:\/\/evi.co.uk\/de\/wp-json\/wp\/v2\/product_cat?post=504475"},{"taxonomy":"product_tag","embeddable":true,"href":"https:\/\/evi.co.uk\/de\/wp-json\/wp\/v2\/product_tag?post=504475"}],"curies":[{"name":"wp","href":"https:\/\/api.w.org\/{rel}","templated":true}]}}