{"id":504476,"date":"2022-10-03T20:53:12","date_gmt":"2022-10-03T20:53:12","guid":{"rendered":"https:\/\/evi.co.uk\/product\/evi-x\/"},"modified":"2024-03-13T11:34:20","modified_gmt":"2024-03-13T11:34:20","slug":"evi-x","status":"publish","type":"product","link":"https:\/\/evi.co.uk\/de\/produkt\/evi-x\/","title":{"rendered":"EVi X"},"content":{"rendered":"<p>Der Evi X ist nicht nur das ultimative Lehrschwimmbecken, sondern auch ideal f\u00fcr Familien und gr\u00f6\u00dfere R\u00e4ume.<\/p>\n","protected":false},"excerpt":{"rendered":"<p>Der Evi X ist nicht nur das ultimative Lehrschwimmbecken, sondern auch ideal f\u00fcr Familien und gr\u00f6\u00dfere R\u00e4ume.<\/p>\n","protected":false},"featured_media":502572,"template":"","meta":[],"product_brand":[],"product_cat":[100077],"product_tag":[],"class_list":{"0":"post-504476","1":"product","2":"type-product","3":"status-publish","4":"has-post-thumbnail","6":"product_cat-pool-de","8":"first","9":"instock","10":"taxable","11":"shipping-taxable","12":"purchasable","13":"product-type-simple"},"yoast_head":"<!-- This site is optimized with the Yoast SEO plugin v27.4 - https:\/\/yoast.com\/product\/yoast-seo-wordpress\/ -->\n<title>EVi X - Evi Pools<\/title>\n<meta name=\"robots\" content=\"index, follow, max-snippet:-1, max-image-preview:large, max-video-preview:-1\" \/>\n<link rel=\"canonical\" href=\"https:\/\/evi.co.uk\/de\/produkt\/evi-x\/\" \/>\n<meta property=\"og:locale\" content=\"de_DE\" \/>\n<meta property=\"og:type\" content=\"article\" \/>\n<meta property=\"og:title\" content=\"EVi X - Evi Pools\" \/>\n<meta property=\"og:description\" content=\"Der Evi X ist nicht nur das ultimative Lehrschwimmbecken, sondern auch ideal f\u00fcr Familien und gr\u00f6\u00dfere R\u00e4ume.\" \/>\n<meta property=\"og:url\" content=\"https:\/\/evi.co.uk\/de\/produkt\/evi-x\/\" \/>\n<meta property=\"og:site_name\" content=\"Evi Pools\" \/>\n<meta property=\"article:modified_time\" content=\"2024-03-13T11:34:20+00:00\" \/>\n<meta property=\"og:image\" content=\"https:\/\/evi.co.uk\/wp-content\/uploads\/2022\/09\/Evi-Swimming-Pool-Dimensions-Evi-X.jpg\" \/>\n\t<meta property=\"og:image:width\" content=\"1600\" \/>\n\t<meta property=\"og:image:height\" content=\"902\" \/>\n\t<meta property=\"og:image:type\" content=\"image\/jpeg\" \/>\n<meta name=\"twitter:card\" content=\"summary_large_image\" \/>\n<script type=\"application\/ld+json\" class=\"yoast-schema-graph\">{\"@context\":\"https:\\\/\\\/schema.org\",\"@graph\":[{\"@type\":\"WebPage\",\"@id\":\"https:\\\/\\\/evi.co.uk\\\/de\\\/produkt\\\/evi-x\\\/\",\"url\":\"https:\\\/\\\/evi.co.uk\\\/de\\\/produkt\\\/evi-x\\\/\",\"name\":\"EVi X - Evi Pools\",\"isPartOf\":{\"@id\":\"https:\\\/\\\/evi.co.uk\\\/de\\\/#website\"},\"primaryImageOfPage\":{\"@id\":\"https:\\\/\\\/evi.co.uk\\\/de\\\/produkt\\\/evi-x\\\/#primaryimage\"},\"image\":{\"@id\":\"https:\\\/\\\/evi.co.uk\\\/de\\\/produkt\\\/evi-x\\\/#primaryimage\"},\"thumbnailUrl\":\"https:\\\/\\\/evi.co.uk\\\/wp-content\\\/uploads\\\/2022\\\/09\\\/Evi-Swimming-Pool-Dimensions-Evi-X.jpg\",\"datePublished\":\"2022-10-03T20:53:12+00:00\",\"dateModified\":\"2024-03-13T11:34:20+00:00\",\"breadcrumb\":{\"@id\":\"https:\\\/\\\/evi.co.uk\\\/de\\\/produkt\\\/evi-x\\\/#breadcrumb\"},\"inLanguage\":\"de\",\"potentialAction\":[{\"@type\":\"ReadAction\",\"target\":[\"https:\\\/\\\/evi.co.uk\\\/de\\\/produkt\\\/evi-x\\\/\"]}]},{\"@type\":\"ImageObject\",\"inLanguage\":\"de\",\"@id\":\"https:\\\/\\\/evi.co.uk\\\/de\\\/produkt\\\/evi-x\\\/#primaryimage\",\"url\":\"https:\\\/\\\/evi.co.uk\\\/wp-content\\\/uploads\\\/2022\\\/09\\\/Evi-Swimming-Pool-Dimensions-Evi-X.jpg\",\"contentUrl\":\"https:\\\/\\\/evi.co.uk\\\/wp-content\\\/uploads\\\/2022\\\/09\\\/Evi-Swimming-Pool-Dimensions-Evi-X.jpg\",\"width\":1600,\"height\":902,\"caption\":\"Evi Schwimmbad Abmessungen Evi X\"},{\"@type\":\"BreadcrumbList\",\"@id\":\"https:\\\/\\\/evi.co.uk\\\/de\\\/produkt\\\/evi-x\\\/#breadcrumb\",\"itemListElement\":[{\"@type\":\"ListItem\",\"position\":1,\"name\":\"Home\",\"item\":\"https:\\\/\\\/evi.co.uk\\\/de\\\/\"},{\"@type\":\"ListItem\",\"position\":2,\"name\":\"Shop\",\"item\":\"https:\\\/\\\/evi.co.uk\\\/shop\\\/\"},{\"@type\":\"ListItem\",\"position\":3,\"name\":\"EVi X\"}]},{\"@type\":\"WebSite\",\"@id\":\"https:\\\/\\\/evi.co.uk\\\/de\\\/#website\",\"url\":\"https:\\\/\\\/evi.co.uk\\\/de\\\/\",\"name\":\"Evi Pools\",\"description\":\"\",\"publisher\":{\"@id\":\"https:\\\/\\\/evi.co.uk\\\/de\\\/#organization\"},\"potentialAction\":[{\"@type\":\"SearchAction\",\"target\":{\"@type\":\"EntryPoint\",\"urlTemplate\":\"https:\\\/\\\/evi.co.uk\\\/de\\\/?s={search_term_string}\"},\"query-input\":{\"@type\":\"PropertyValueSpecification\",\"valueRequired\":true,\"valueName\":\"search_term_string\"}}],\"inLanguage\":\"de\"},{\"@type\":\"Organization\",\"@id\":\"https:\\\/\\\/evi.co.uk\\\/de\\\/#organization\",\"name\":\"Evi Pools\",\"url\":\"https:\\\/\\\/evi.co.uk\\\/de\\\/\",\"logo\":{\"@type\":\"ImageObject\",\"inLanguage\":\"de\",\"@id\":\"https:\\\/\\\/evi.co.uk\\\/de\\\/#\\\/schema\\\/logo\\\/image\\\/\",\"url\":\"https:\\\/\\\/evi.co.uk\\\/wp-content\\\/uploads\\\/2022\\\/09\\\/EVi-Pools-Final-Logo-London-England-V6_navy.svg\",\"contentUrl\":\"https:\\\/\\\/evi.co.uk\\\/wp-content\\\/uploads\\\/2022\\\/09\\\/EVi-Pools-Final-Logo-London-England-V6_navy.svg\",\"caption\":\"Evi Pools\"},\"image\":{\"@id\":\"https:\\\/\\\/evi.co.uk\\\/de\\\/#\\\/schema\\\/logo\\\/image\\\/\"}}]}<\/script>\n<!-- \/ Yoast SEO plugin. -->","yoast_head_json":{"title":"EVi X - Evi Pools","robots":{"index":"index","follow":"follow","max-snippet":"max-snippet:-1","max-image-preview":"max-image-preview:large","max-video-preview":"max-video-preview:-1"},"canonical":"https:\/\/evi.co.uk\/de\/produkt\/evi-x\/","og_locale":"de_DE","og_type":"article","og_title":"EVi X - Evi Pools","og_description":"Der Evi X ist nicht nur das ultimative Lehrschwimmbecken, sondern auch ideal f\u00fcr Familien und gr\u00f6\u00dfere R\u00e4ume.","og_url":"https:\/\/evi.co.uk\/de\/produkt\/evi-x\/","og_site_name":"Evi Pools","article_modified_time":"2024-03-13T11:34:20+00:00","og_image":[{"width":1600,"height":902,"url":"https:\/\/evi.co.uk\/wp-content\/uploads\/2022\/09\/Evi-Swimming-Pool-Dimensions-Evi-X.jpg","type":"image\/jpeg"}],"twitter_card":"summary_large_image","schema":{"@context":"https:\/\/schema.org","@graph":[{"@type":"WebPage","@id":"https:\/\/evi.co.uk\/de\/produkt\/evi-x\/","url":"https:\/\/evi.co.uk\/de\/produkt\/evi-x\/","name":"EVi X - Evi Pools","isPartOf":{"@id":"https:\/\/evi.co.uk\/de\/#website"},"primaryImageOfPage":{"@id":"https:\/\/evi.co.uk\/de\/produkt\/evi-x\/#primaryimage"},"image":{"@id":"https:\/\/evi.co.uk\/de\/produkt\/evi-x\/#primaryimage"},"thumbnailUrl":"https:\/\/evi.co.uk\/wp-content\/uploads\/2022\/09\/Evi-Swimming-Pool-Dimensions-Evi-X.jpg","datePublished":"2022-10-03T20:53:12+00:00","dateModified":"2024-03-13T11:34:20+00:00","breadcrumb":{"@id":"https:\/\/evi.co.uk\/de\/produkt\/evi-x\/#breadcrumb"},"inLanguage":"de","potentialAction":[{"@type":"ReadAction","target":["https:\/\/evi.co.uk\/de\/produkt\/evi-x\/"]}]},{"@type":"ImageObject","inLanguage":"de","@id":"https:\/\/evi.co.uk\/de\/produkt\/evi-x\/#primaryimage","url":"https:\/\/evi.co.uk\/wp-content\/uploads\/2022\/09\/Evi-Swimming-Pool-Dimensions-Evi-X.jpg","contentUrl":"https:\/\/evi.co.uk\/wp-content\/uploads\/2022\/09\/Evi-Swimming-Pool-Dimensions-Evi-X.jpg","width":1600,"height":902,"caption":"Evi Schwimmbad Abmessungen Evi X"},{"@type":"BreadcrumbList","@id":"https:\/\/evi.co.uk\/de\/produkt\/evi-x\/#breadcrumb","itemListElement":[{"@type":"ListItem","position":1,"name":"Home","item":"https:\/\/evi.co.uk\/de\/"},{"@type":"ListItem","position":2,"name":"Shop","item":"https:\/\/evi.co.uk\/shop\/"},{"@type":"ListItem","position":3,"name":"EVi X"}]},{"@type":"WebSite","@id":"https:\/\/evi.co.uk\/de\/#website","url":"https:\/\/evi.co.uk\/de\/","name":"Evi Pools","description":"","publisher":{"@id":"https:\/\/evi.co.uk\/de\/#organization"},"potentialAction":[{"@type":"SearchAction","target":{"@type":"EntryPoint","urlTemplate":"https:\/\/evi.co.uk\/de\/?s={search_term_string}"},"query-input":{"@type":"PropertyValueSpecification","valueRequired":true,"valueName":"search_term_string"}}],"inLanguage":"de"},{"@type":"Organization","@id":"https:\/\/evi.co.uk\/de\/#organization","name":"Evi Pools","url":"https:\/\/evi.co.uk\/de\/","logo":{"@type":"ImageObject","inLanguage":"de","@id":"https:\/\/evi.co.uk\/de\/#\/schema\/logo\/image\/","url":"https:\/\/evi.co.uk\/wp-content\/uploads\/2022\/09\/EVi-Pools-Final-Logo-London-England-V6_navy.svg","contentUrl":"https:\/\/evi.co.uk\/wp-content\/uploads\/2022\/09\/EVi-Pools-Final-Logo-London-England-V6_navy.svg","caption":"Evi Pools"},"image":{"@id":"https:\/\/evi.co.uk\/de\/#\/schema\/logo\/image\/"}}]}},"_links":{"self":[{"href":"https:\/\/evi.co.uk\/de\/wp-json\/wp\/v2\/product\/504476","targetHints":{"allow":["GET"]}}],"collection":[{"href":"https:\/\/evi.co.uk\/de\/wp-json\/wp\/v2\/product"}],"about":[{"href":"https:\/\/evi.co.uk\/de\/wp-json\/wp\/v2\/types\/product"}],"wp:featuredmedia":[{"embeddable":true,"href":"https:\/\/evi.co.uk\/de\/wp-json\/wp\/v2\/media\/502572"}],"wp:attachment":[{"href":"https:\/\/evi.co.uk\/de\/wp-json\/wp\/v2\/media?parent=504476"}],"wp:term":[{"taxonomy":"product_brand","embeddable":true,"href":"https:\/\/evi.co.uk\/de\/wp-json\/wp\/v2\/product_brand?post=504476"},{"taxonomy":"product_cat","embeddable":true,"href":"https:\/\/evi.co.uk\/de\/wp-json\/wp\/v2\/product_cat?post=504476"},{"taxonomy":"product_tag","embeddable":true,"href":"https:\/\/evi.co.uk\/de\/wp-json\/wp\/v2\/product_tag?post=504476"}],"curies":[{"name":"wp","href":"https:\/\/api.w.org\/{rel}","templated":true}]}}