{"id":503974,"date":"2023-03-23T16:50:04","date_gmt":"2023-03-23T16:50:04","guid":{"rendered":"https:\/\/evi.co.uk\/noticias-evi\/"},"modified":"2023-11-09T22:14:06","modified_gmt":"2023-11-09T22:14:06","slug":"noticias-evi","status":"publish","type":"page","link":"https:\/\/evi.co.uk\/es\/noticias-evi\/","title":{"rendered":"Noticias EVi"},"content":{"rendered":"\t\t<div data-elementor-type=\"wp-page\" data-elementor-id=\"503974\" class=\"elementor elementor-503974 elementor-501687\" data-elementor-post-type=\"page\">\n\t\t\t\t\t\t<section class=\"elementor-section elementor-top-section elementor-element elementor-element-6a93a75 elementor-section-boxed elementor-section-height-default elementor-section-height-default\" data-id=\"6a93a75\" data-element_type=\"section\" data-e-type=\"section\">\n\t\t\t\t\t\t<div class=\"elementor-container elementor-column-gap-default\">\n\t\t\t\t\t<div class=\"elementor-column elementor-col-100 elementor-top-column elementor-element elementor-element-c42b27f\" data-id=\"c42b27f\" data-element_type=\"column\" data-e-type=\"column\">\n\t\t\t<div class=\"elementor-widget-wrap elementor-element-populated\">\n\t\t\t\t\t\t<div class=\"elementor-element elementor-element-8e1368d elementor-grid-2 elementor-grid-tablet-2 elementor-grid-mobile-1 elementor-posts--thumbnail-top elementor-posts--show-avatar elementor-card-shadow-yes elementor-posts__hover-gradient elementor-widget elementor-widget-posts\" data-id=\"8e1368d\" data-element_type=\"widget\" data-e-type=\"widget\" data-settings=\"{&quot;cards_columns&quot;:&quot;2&quot;,&quot;pagination_type&quot;:&quot;load_more_infinite_scroll&quot;,&quot;cards_columns_tablet&quot;:&quot;2&quot;,&quot;cards_columns_mobile&quot;:&quot;1&quot;,&quot;cards_row_gap&quot;:{&quot;unit&quot;:&quot;px&quot;,&quot;size&quot;:35,&quot;sizes&quot;:[]},&quot;cards_row_gap_tablet&quot;:{&quot;unit&quot;:&quot;px&quot;,&quot;size&quot;:&quot;&quot;,&quot;sizes&quot;:[]},&quot;cards_row_gap_mobile&quot;:{&quot;unit&quot;:&quot;px&quot;,&quot;size&quot;:&quot;&quot;,&quot;sizes&quot;:[]},&quot;load_more_spinner&quot;:{&quot;value&quot;:&quot;fas fa-spinner&quot;,&quot;library&quot;:&quot;fa-solid&quot;}}\" data-widget_type=\"posts.cards\">\n\t\t\t\t<div class=\"elementor-widget-container\">\n\t\t\t\t\t\t\t<div class=\"elementor-posts-container elementor-posts elementor-posts--skin-cards elementor-grid\" role=\"list\">\n\t\t\t\t<article class=\"elementor-post elementor-grid-item post-504557 post type-post status-publish format-standard has-post-thumbnail hentry category-articulo\" role=\"listitem\">\n\t\t\t<div class=\"elementor-post__card\">\n\t\t\t\t<a class=\"elementor-post__thumbnail__link\" href=\"https:\/\/evi.co.uk\/es\/sumerjase-en-la-serenidad-por-que-las-piscinas-de-fibra-de-vidrio-mantienen-bajos-los-niveles-de-cloro-y-a-raya-las-bacterias\/\" tabindex=\"-1\" ><div class=\"elementor-post__thumbnail\"><img fetchpriority=\"high\" decoding=\"async\" width=\"300\" height=\"169\" src=\"https:\/\/evi.co.uk\/wp-content\/uploads\/2023\/01\/EVi-Pools-Swimming-Pool-Birds-Eye-View-300x169.jpg\" class=\"attachment-medium size-medium wp-image-503189\" alt=\"\" srcset=\"https:\/\/evi.co.uk\/wp-content\/uploads\/2023\/01\/EVi-Pools-Swimming-Pool-Birds-Eye-View-300x169.jpg 300w, https:\/\/evi.co.uk\/wp-content\/uploads\/2023\/01\/EVi-Pools-Swimming-Pool-Birds-Eye-View-1024x575.jpg 1024w, https:\/\/evi.co.uk\/wp-content\/uploads\/2023\/01\/EVi-Pools-Swimming-Pool-Birds-Eye-View-768x432.jpg 768w, https:\/\/evi.co.uk\/wp-content\/uploads\/2023\/01\/EVi-Pools-Swimming-Pool-Birds-Eye-View-1536x863.jpg 1536w, https:\/\/evi.co.uk\/wp-content\/uploads\/2023\/01\/EVi-Pools-Swimming-Pool-Birds-Eye-View-600x337.jpg 600w, https:\/\/evi.co.uk\/wp-content\/uploads\/2023\/01\/EVi-Pools-Swimming-Pool-Birds-Eye-View.jpg 2000w\" sizes=\"(max-width: 300px) 100vw, 300px\" \/><\/div><\/a>\n\t\t\t\t<div class=\"elementor-post__badge\">art\u00edculo<\/div>\n\t\t\t\t<div class=\"elementor-post__avatar\">\n\t\t\t<img alt='admin' src='https:\/\/secure.gravatar.com\/avatar\/4e7188a4dd0d6b97020f8f40c4e47d102892148b61f2872d12bcc5817515ff98?s=128&#038;d=mm&#038;r=g' srcset='https:\/\/secure.gravatar.com\/avatar\/4e7188a4dd0d6b97020f8f40c4e47d102892148b61f2872d12bcc5817515ff98?s=256&#038;d=mm&#038;r=g 2x' class='avatar avatar-128 photo' height='128' width='128' \/>\t\t<\/div>\n\t\t\t\t<div class=\"elementor-post__text\">\n\t\t\t\t<h3 class=\"elementor-post__title\">\n\t\t\t<a href=\"https:\/\/evi.co.uk\/es\/sumerjase-en-la-serenidad-por-que-las-piscinas-de-fibra-de-vidrio-mantienen-bajos-los-niveles-de-cloro-y-a-raya-las-bacterias\/\" >\n\t\t\t\tSum\u00e9rjase en la serenidad: Por qu\u00e9 las piscinas de fibra de vidrio mantienen bajos los niveles de cloro y a raya las bacterias\t\t\t<\/a>\n\t\t<\/h3>\n\t\t\t\t<div class=\"elementor-post__excerpt\">\n\t\t\t<p>Sum\u00e9rjase en la serenidad: Por qu\u00e9 las piscinas de fibra de vidrio mantienen bajos los niveles de cloro y a raya las bacterias El resplandeciente<\/p>\n\t\t<\/div>\n\t\t\n\t\t<a class=\"elementor-post__read-more\" href=\"https:\/\/evi.co.uk\/es\/sumerjase-en-la-serenidad-por-que-las-piscinas-de-fibra-de-vidrio-mantienen-bajos-los-niveles-de-cloro-y-a-raya-las-bacterias\/\" aria-label=\"M\u00e1s informaci\u00f3n sobre Sum\u00e9rjase en la serenidad: Por qu\u00e9 las piscinas de fibra de vidrio mantienen bajos los niveles de cloro y a raya las bacterias\" tabindex=\"-1\" >\n\t\t\tLeer M\u00e1s \"\t\t<\/a>\n\n\t\t\t\t<\/div>\n\t\t\t\t<div class=\"elementor-post__meta-data\">\n\t\t\t\t\t<span class=\"elementor-post-date\">\n\t\t\t19 de diciembre de 2023\t\t<\/span>\n\t\t\t\t<\/div>\n\t\t\t\t\t<\/div>\n\t\t<\/article>\n\t\t\t\t<article class=\"elementor-post elementor-grid-item post-504205 post type-post status-publish format-standard hentry category-articulo\" role=\"listitem\">\n\t\t\t<div class=\"elementor-post__card\">\n\t\t\t\t<div class=\"elementor-post__text\">\n\t\t\t\t<h3 class=\"elementor-post__title\">\n\t\t\t<a href=\"https:\/\/evi.co.uk\/es\/los-mejores-calentadores-para-piscinas-evi-gas-o-propano-frente-a-bombas-de-calor\/\" >\n\t\t\t\tLos mejores calentadores para piscinas EVi: Gas o propano frente a bombas de calor.\t\t\t<\/a>\n\t\t<\/h3>\n\t\t\t\t<div class=\"elementor-post__excerpt\">\n\t\t\t<p>Los mejores calentadores para piscinas EVi: Gas o propano frente a bombas de calor.<\/p>\n\t\t<\/div>\n\t\t\n\t\t<a class=\"elementor-post__read-more\" href=\"https:\/\/evi.co.uk\/es\/los-mejores-calentadores-para-piscinas-evi-gas-o-propano-frente-a-bombas-de-calor\/\" aria-label=\"M\u00e1s informaci\u00f3n sobre Los mejores calentadores para piscinas EVi: Gas o propano frente a bombas de calor.\" tabindex=\"-1\" >\n\t\t\tLeer M\u00e1s \"\t\t<\/a>\n\n\t\t\t\t<\/div>\n\t\t\t\t<div class=\"elementor-post__meta-data\">\n\t\t\t\t\t<span class=\"elementor-post-date\">\n\t\t\t20 de abril de 2023\t\t<\/span>\n\t\t\t\t<\/div>\n\t\t\t\t\t<\/div>\n\t\t<\/article>\n\t\t\t\t<article class=\"elementor-post elementor-grid-item post-504170 post type-post status-publish format-standard hentry category-articulo\" role=\"listitem\">\n\t\t\t<div class=\"elementor-post__card\">\n\t\t\t\t<div class=\"elementor-post__text\">\n\t\t\t\t<h3 class=\"elementor-post__title\">\n\t\t\t<a href=\"https:\/\/evi.co.uk\/es\/las-11-mejores-luces-para-piscinas-para-2021-y-2022-en-evi-pools-ilumina-tu-piscina-con-estilo\/\" >\n\t\t\t\t\u00abLas 11 mejores luces para piscinas para 2021 y 2022 en EVi Pools. Ilumina tu piscina con estilo!\u00bb\t\t\t<\/a>\n\t\t<\/h3>\n\t\t\t\t<div class=\"elementor-post__excerpt\">\n\t\t\t<p>\u00abLas 11 mejores luces para piscinas para 2021 y 2022 en EVi Pools. Ilumina tu piscina con estilo!\u00bb<\/p>\n\t\t<\/div>\n\t\t\n\t\t<a class=\"elementor-post__read-more\" href=\"https:\/\/evi.co.uk\/es\/las-11-mejores-luces-para-piscinas-para-2021-y-2022-en-evi-pools-ilumina-tu-piscina-con-estilo\/\" aria-label=\"M\u00e1s informaci\u00f3n sobre \u00abLas 11 mejores luces para piscinas para 2021 y 2022 en EVi Pools. Ilumina tu piscina con estilo!\u00bb\" tabindex=\"-1\" >\n\t\t\tLeer M\u00e1s \"\t\t<\/a>\n\n\t\t\t\t<\/div>\n\t\t\t\t<div class=\"elementor-post__meta-data\">\n\t\t\t\t\t<span class=\"elementor-post-date\">\n\t\t\t19 de abril de 2023\t\t<\/span>\n\t\t\t\t<\/div>\n\t\t\t\t\t<\/div>\n\t\t<\/article>\n\t\t\t\t<article class=\"elementor-post elementor-grid-item post-504168 post type-post status-publish format-standard hentry category-articulo\" role=\"listitem\">\n\t\t\t<div class=\"elementor-post__card\">\n\t\t\t\t<div class=\"elementor-post__text\">\n\t\t\t\t<h3 class=\"elementor-post__title\">\n\t\t\t<a href=\"https:\/\/evi.co.uk\/es\/una-comparacion-honesta-de-piscinas-de-hormigon-y-fibra-de-vidrio-por-evi-pools-cual-se-adapta-mejor-a-ti-poolcomparison-evipools\/\" >\n\t\t\t\t\u00abUna comparaci\u00f3n honesta de piscinas de hormig\u00f3n y fibra de vidrio por EVi Pools: \u00bfCu\u00e1l se adapta mejor a ti?\u00bb. #poolcomparison #EViPools\t\t\t<\/a>\n\t\t<\/h3>\n\t\t\t\t<div class=\"elementor-post__excerpt\">\n\t\t\t<p>\u00abUna comparaci\u00f3n honesta de piscinas de hormig\u00f3n y fibra de vidrio por EVi Pools: \u00bfCu\u00e1l se adapta mejor a ti?\u00bb. #poolcomparison #EViPools<\/p>\n\t\t<\/div>\n\t\t\n\t\t<a class=\"elementor-post__read-more\" href=\"https:\/\/evi.co.uk\/es\/una-comparacion-honesta-de-piscinas-de-hormigon-y-fibra-de-vidrio-por-evi-pools-cual-se-adapta-mejor-a-ti-poolcomparison-evipools\/\" aria-label=\"M\u00e1s informaci\u00f3n sobre \u00abUna comparaci\u00f3n honesta de piscinas de hormig\u00f3n y fibra de vidrio por EVi Pools: \u00bfCu\u00e1l se adapta mejor a ti?\u00bb. #poolcomparison #EViPools\" tabindex=\"-1\" >\n\t\t\tLeer M\u00e1s \"\t\t<\/a>\n\n\t\t\t\t<\/div>\n\t\t\t\t<div class=\"elementor-post__meta-data\">\n\t\t\t\t\t<span class=\"elementor-post-date\">\n\t\t\t18 de abril de 2023\t\t<\/span>\n\t\t\t\t<\/div>\n\t\t\t\t\t<\/div>\n\t\t<\/article>\n\t\t\t\t<article class=\"elementor-post elementor-grid-item post-504185 post type-post status-publish format-standard hentry category-articulo\" role=\"listitem\">\n\t\t\t<div class=\"elementor-post__card\">\n\t\t\t\t<div class=\"elementor-post__text\">\n\t\t\t\t<h3 class=\"elementor-post__title\">\n\t\t\t<a href=\"https:\/\/evi.co.uk\/es\/cuanto-costara-una-piscina-de-fibra-de-vidrio-de-evi-pools-preciospiscina-fiberglasspool-evipools\/\" >\n\t\t\t\t\u00bfCu\u00e1nto costar\u00e1 una piscina de fibra de vidrio de EVi Pools? #preciospiscina #fiberglasspool #EViPools\t\t\t<\/a>\n\t\t<\/h3>\n\t\t\t\t<div class=\"elementor-post__excerpt\">\n\t\t\t<p>\u00bfCu\u00e1nto costar\u00e1 una piscina de fibra de vidrio de EVi Pools? #preciospiscina #fiberglasspool #EViPools<\/p>\n\t\t<\/div>\n\t\t\n\t\t<a class=\"elementor-post__read-more\" href=\"https:\/\/evi.co.uk\/es\/cuanto-costara-una-piscina-de-fibra-de-vidrio-de-evi-pools-preciospiscina-fiberglasspool-evipools\/\" aria-label=\"M\u00e1s informaci\u00f3n sobre \u00bfCu\u00e1nto costar\u00e1 una piscina de fibra de vidrio de EVi Pools? #preciospiscina #fiberglasspool #EViPools\" tabindex=\"-1\" >\n\t\t\tLeer M\u00e1s \"\t\t<\/a>\n\n\t\t\t\t<\/div>\n\t\t\t\t<div class=\"elementor-post__meta-data\">\n\t\t\t\t\t<span class=\"elementor-post-date\">\n\t\t\t17 de abril de 2023\t\t<\/span>\n\t\t\t\t<\/div>\n\t\t\t\t\t<\/div>\n\t\t<\/article>\n\t\t\t\t<article class=\"elementor-post elementor-grid-item post-504167 post type-post status-publish format-standard hentry category-articulo\" role=\"listitem\">\n\t\t\t<div class=\"elementor-post__card\">\n\t\t\t\t<div class=\"elementor-post__text\">\n\t\t\t\t<h3 class=\"elementor-post__title\">\n\t\t\t<a href=\"https:\/\/evi.co.uk\/es\/su-guia-definitiva-para-el-tamano-de-la-piscina-enterrada-costos-y-precios-atendidos-por-evi-pools-sumerjase-ahora\/\" >\n\t\t\t\t\u00abSu gu\u00eda definitiva para el tama\u00f1o de la piscina enterrada, costos y precios atendidos por EVi Pools. Sum\u00e9rjase ahora!\u00bb\t\t\t<\/a>\n\t\t<\/h3>\n\t\t\t\t<div class=\"elementor-post__excerpt\">\n\t\t\t<p>\u00abSu gu\u00eda definitiva para el tama\u00f1o de la piscina enterrada, costos y precios atendidos por EVi Pools. Sum\u00e9rjase ahora!\u00bb<\/p>\n\t\t<\/div>\n\t\t\n\t\t<a class=\"elementor-post__read-more\" href=\"https:\/\/evi.co.uk\/es\/su-guia-definitiva-para-el-tamano-de-la-piscina-enterrada-costos-y-precios-atendidos-por-evi-pools-sumerjase-ahora\/\" aria-label=\"M\u00e1s informaci\u00f3n sobre \u00abSu gu\u00eda definitiva para el tama\u00f1o de la piscina enterrada, costos y precios atendidos por EVi Pools. Sum\u00e9rjase ahora!\u00bb\" tabindex=\"-1\" >\n\t\t\tLeer M\u00e1s \"\t\t<\/a>\n\n\t\t\t\t<\/div>\n\t\t\t\t<div class=\"elementor-post__meta-data\">\n\t\t\t\t\t<span class=\"elementor-post-date\">\n\t\t\t16 de abril de 2023\t\t<\/span>\n\t\t\t\t<\/div>\n\t\t\t\t\t<\/div>\n\t\t<\/article>\n\t\t\t\t<\/div>\n\t\t\t\t\t<span class=\"e-load-more-spinner\">\n\t\t\t\t<i aria-hidden=\"true\" class=\"fas fa-spinner\"><\/i>\t\t\t<\/span>\n\t\t\n\t\t\t\t<div class=\"e-load-more-anchor\" data-page=\"1\" data-max-page=\"4\" data-next-page=\"https:\/\/evi.co.uk\/es\/wp-json\/wp\/v2\/pages\/503974\/page\/2\/\"><\/div>\n\t\t\t\t<div class=\"e-load-more-message\"><\/div>\n\t\t\t\t\t\t<\/div>\n\t\t\t\t<\/div>\n\t\t\t\t\t<\/div>\n\t\t<\/div>\n\t\t\t\t\t<\/div>\n\t\t<\/section>\n\t\t\t\t<\/div>\n\t\t","protected":false},"excerpt":{"rendered":"","protected":false},"author":1,"featured_media":0,"parent":0,"menu_order":0,"comment_status":"closed","ping_status":"closed","template":"","meta":{"footnotes":""},"class_list":["post-503974","page","type-page","status-publish","hentry"],"yoast_head":"<!-- This site is optimized with the Yoast SEO plugin v27.5 - https:\/\/yoast.com\/product\/yoast-seo-wordpress\/ -->\n<title>Noticias EVi - Evi Pools<\/title>\n<meta name=\"description\" content=\"\u00daltimas noticias de EVi Swimming Pools UK, actualizaciones de piscinas de fibra de vidrio, instrucciones y gu\u00edas.\" \/>\n<meta name=\"robots\" content=\"index, follow, max-snippet:-1, max-image-preview:large, max-video-preview:-1\" \/>\n<link rel=\"canonical\" href=\"https:\/\/evi.co.uk\/es\/noticias-evi\/\" \/>\n<meta property=\"og:locale\" content=\"es_ES\" \/>\n<meta property=\"og:type\" content=\"article\" \/>\n<meta property=\"og:title\" content=\"Noticias EVi - Evi Pools\" \/>\n<meta property=\"og:description\" content=\"\u00daltimas noticias de EVi Swimming Pools UK, actualizaciones de piscinas de fibra de vidrio, instrucciones y gu\u00edas.\" \/>\n<meta property=\"og:url\" content=\"https:\/\/evi.co.uk\/es\/noticias-evi\/\" \/>\n<meta property=\"og:site_name\" content=\"Evi Pools\" \/>\n<meta property=\"article:modified_time\" content=\"2023-11-09T22:14:06+00:00\" \/>\n<meta name=\"twitter:card\" content=\"summary_large_image\" \/>\n<script type=\"application\/ld+json\" class=\"yoast-schema-graph\">{\"@context\":\"https:\\\/\\\/schema.org\",\"@graph\":[{\"@type\":\"WebPage\",\"@id\":\"https:\\\/\\\/evi.co.uk\\\/es\\\/noticias-evi\\\/\",\"url\":\"https:\\\/\\\/evi.co.uk\\\/es\\\/noticias-evi\\\/\",\"name\":\"Noticias EVi - Evi Pools\",\"isPartOf\":{\"@id\":\"https:\\\/\\\/evi.co.uk\\\/es\\\/#website\"},\"datePublished\":\"2023-03-23T16:50:04+00:00\",\"dateModified\":\"2023-11-09T22:14:06+00:00\",\"description\":\"\u00daltimas noticias de EVi Swimming Pools UK, actualizaciones de piscinas de fibra de vidrio, instrucciones y gu\u00edas.\",\"breadcrumb\":{\"@id\":\"https:\\\/\\\/evi.co.uk\\\/es\\\/noticias-evi\\\/#breadcrumb\"},\"inLanguage\":\"es\",\"potentialAction\":[{\"@type\":\"ReadAction\",\"target\":[\"https:\\\/\\\/evi.co.uk\\\/es\\\/noticias-evi\\\/\"]}]},{\"@type\":\"BreadcrumbList\",\"@id\":\"https:\\\/\\\/evi.co.uk\\\/es\\\/noticias-evi\\\/#breadcrumb\",\"itemListElement\":[{\"@type\":\"ListItem\",\"position\":1,\"name\":\"Home\",\"item\":\"https:\\\/\\\/evi.co.uk\\\/es\\\/\"},{\"@type\":\"ListItem\",\"position\":2,\"name\":\"Noticias EVi\"}]},{\"@type\":\"WebSite\",\"@id\":\"https:\\\/\\\/evi.co.uk\\\/es\\\/#website\",\"url\":\"https:\\\/\\\/evi.co.uk\\\/es\\\/\",\"name\":\"Evi Pools\",\"description\":\"\",\"publisher\":{\"@id\":\"https:\\\/\\\/evi.co.uk\\\/es\\\/#organization\"},\"potentialAction\":[{\"@type\":\"SearchAction\",\"target\":{\"@type\":\"EntryPoint\",\"urlTemplate\":\"https:\\\/\\\/evi.co.uk\\\/es\\\/?s={search_term_string}\"},\"query-input\":{\"@type\":\"PropertyValueSpecification\",\"valueRequired\":true,\"valueName\":\"search_term_string\"}}],\"inLanguage\":\"es\"},{\"@type\":\"Organization\",\"@id\":\"https:\\\/\\\/evi.co.uk\\\/es\\\/#organization\",\"name\":\"Evi Pools\",\"url\":\"https:\\\/\\\/evi.co.uk\\\/es\\\/\",\"logo\":{\"@type\":\"ImageObject\",\"inLanguage\":\"es\",\"@id\":\"https:\\\/\\\/evi.co.uk\\\/es\\\/#\\\/schema\\\/logo\\\/image\\\/\",\"url\":\"https:\\\/\\\/evi.co.uk\\\/wp-content\\\/uploads\\\/2022\\\/09\\\/EVi-Pools-Final-Logo-London-England-V6_navy.svg\",\"contentUrl\":\"https:\\\/\\\/evi.co.uk\\\/wp-content\\\/uploads\\\/2022\\\/09\\\/EVi-Pools-Final-Logo-London-England-V6_navy.svg\",\"caption\":\"Evi Pools\"},\"image\":{\"@id\":\"https:\\\/\\\/evi.co.uk\\\/es\\\/#\\\/schema\\\/logo\\\/image\\\/\"}}]}<\/script>\n<!-- \/ Yoast SEO plugin. -->","yoast_head_json":{"title":"Noticias EVi - Evi Pools","description":"\u00daltimas noticias de EVi Swimming Pools UK, actualizaciones de piscinas de fibra de vidrio, instrucciones y gu\u00edas.","robots":{"index":"index","follow":"follow","max-snippet":"max-snippet:-1","max-image-preview":"max-image-preview:large","max-video-preview":"max-video-preview:-1"},"canonical":"https:\/\/evi.co.uk\/es\/noticias-evi\/","og_locale":"es_ES","og_type":"article","og_title":"Noticias EVi - Evi Pools","og_description":"\u00daltimas noticias de EVi Swimming Pools UK, actualizaciones de piscinas de fibra de vidrio, instrucciones y gu\u00edas.","og_url":"https:\/\/evi.co.uk\/es\/noticias-evi\/","og_site_name":"Evi Pools","article_modified_time":"2023-11-09T22:14:06+00:00","twitter_card":"summary_large_image","schema":{"@context":"https:\/\/schema.org","@graph":[{"@type":"WebPage","@id":"https:\/\/evi.co.uk\/es\/noticias-evi\/","url":"https:\/\/evi.co.uk\/es\/noticias-evi\/","name":"Noticias EVi - Evi Pools","isPartOf":{"@id":"https:\/\/evi.co.uk\/es\/#website"},"datePublished":"2023-03-23T16:50:04+00:00","dateModified":"2023-11-09T22:14:06+00:00","description":"\u00daltimas noticias de EVi Swimming Pools UK, actualizaciones de piscinas de fibra de vidrio, instrucciones y gu\u00edas.","breadcrumb":{"@id":"https:\/\/evi.co.uk\/es\/noticias-evi\/#breadcrumb"},"inLanguage":"es","potentialAction":[{"@type":"ReadAction","target":["https:\/\/evi.co.uk\/es\/noticias-evi\/"]}]},{"@type":"BreadcrumbList","@id":"https:\/\/evi.co.uk\/es\/noticias-evi\/#breadcrumb","itemListElement":[{"@type":"ListItem","position":1,"name":"Home","item":"https:\/\/evi.co.uk\/es\/"},{"@type":"ListItem","position":2,"name":"Noticias EVi"}]},{"@type":"WebSite","@id":"https:\/\/evi.co.uk\/es\/#website","url":"https:\/\/evi.co.uk\/es\/","name":"Evi Pools","description":"","publisher":{"@id":"https:\/\/evi.co.uk\/es\/#organization"},"potentialAction":[{"@type":"SearchAction","target":{"@type":"EntryPoint","urlTemplate":"https:\/\/evi.co.uk\/es\/?s={search_term_string}"},"query-input":{"@type":"PropertyValueSpecification","valueRequired":true,"valueName":"search_term_string"}}],"inLanguage":"es"},{"@type":"Organization","@id":"https:\/\/evi.co.uk\/es\/#organization","name":"Evi Pools","url":"https:\/\/evi.co.uk\/es\/","logo":{"@type":"ImageObject","inLanguage":"es","@id":"https:\/\/evi.co.uk\/es\/#\/schema\/logo\/image\/","url":"https:\/\/evi.co.uk\/wp-content\/uploads\/2022\/09\/EVi-Pools-Final-Logo-London-England-V6_navy.svg","contentUrl":"https:\/\/evi.co.uk\/wp-content\/uploads\/2022\/09\/EVi-Pools-Final-Logo-London-England-V6_navy.svg","caption":"Evi Pools"},"image":{"@id":"https:\/\/evi.co.uk\/es\/#\/schema\/logo\/image\/"}}]}},"_links":{"self":[{"href":"https:\/\/evi.co.uk\/es\/wp-json\/wp\/v2\/pages\/503974","targetHints":{"allow":["GET"]}}],"collection":[{"href":"https:\/\/evi.co.uk\/es\/wp-json\/wp\/v2\/pages"}],"about":[{"href":"https:\/\/evi.co.uk\/es\/wp-json\/wp\/v2\/types\/page"}],"author":[{"embeddable":true,"href":"https:\/\/evi.co.uk\/es\/wp-json\/wp\/v2\/users\/1"}],"replies":[{"embeddable":true,"href":"https:\/\/evi.co.uk\/es\/wp-json\/wp\/v2\/comments?post=503974"}],"version-history":[{"count":1,"href":"https:\/\/evi.co.uk\/es\/wp-json\/wp\/v2\/pages\/503974\/revisions"}],"predecessor-version":[{"id":503978,"href":"https:\/\/evi.co.uk\/es\/wp-json\/wp\/v2\/pages\/503974\/revisions\/503978"}],"wp:attachment":[{"href":"https:\/\/evi.co.uk\/es\/wp-json\/wp\/v2\/media?parent=503974"}],"curies":[{"name":"wp","href":"https:\/\/api.w.org\/{rel}","templated":true}]}}