{"id":503980,"date":"2023-04-13T14:01:35","date_gmt":"2023-04-13T14:01:35","guid":{"rendered":"https:\/\/evi.co.uk\/reservar-una-consulta-digital\/"},"modified":"2025-04-22T18:32:43","modified_gmt":"2025-04-22T18:32:43","slug":"reservar-una-consulta-digital","status":"publish","type":"page","link":"https:\/\/evi.co.uk\/es\/reservar-una-consulta-digital\/","title":{"rendered":"Reservar una consulta digital"},"content":{"rendered":"\t\t<div data-elementor-type=\"wp-page\" data-elementor-id=\"503980\" class=\"elementor elementor-503980 elementor-501922\" data-elementor-post-type=\"page\">\n\t\t\t\t\t\t<section class=\"elementor-section elementor-top-section elementor-element elementor-element-59472714 elementor-section-full_width elementor-section-height-default elementor-section-height-default\" data-id=\"59472714\" data-element_type=\"section\" data-e-type=\"section\" data-settings=\"{&quot;background_background&quot;:&quot;classic&quot;}\">\n\t\t\t\t\t\t<div class=\"elementor-container elementor-column-gap-no\">\n\t\t\t\t\t<div class=\"elementor-column elementor-col-100 elementor-top-column elementor-element elementor-element-aa48e44\" data-id=\"aa48e44\" data-element_type=\"column\" data-e-type=\"column\">\n\t\t\t<div class=\"elementor-widget-wrap elementor-element-populated\">\n\t\t\t\t\t\t<div class=\"elementor-element elementor-element-260d5bad elementor--h-position-center elementor--v-position-middle elementor-arrows-position-inside elementor-pagination-position-inside elementor-widget elementor-widget-slides\" data-id=\"260d5bad\" data-element_type=\"widget\" data-e-type=\"widget\" data-settings=\"{&quot;navigation&quot;:&quot;both&quot;,&quot;autoplay&quot;:&quot;yes&quot;,&quot;pause_on_hover&quot;:&quot;yes&quot;,&quot;pause_on_interaction&quot;:&quot;yes&quot;,&quot;autoplay_speed&quot;:5000,&quot;infinite&quot;:&quot;yes&quot;,&quot;transition&quot;:&quot;slide&quot;,&quot;transition_speed&quot;:500}\" data-widget_type=\"slides.default\">\n\t\t\t\t<div class=\"elementor-widget-container\">\n\t\t\t\t\t\t\t\t\t<div class=\"elementor-swiper\">\n\t\t\t\t\t<div class=\"elementor-slides-wrapper elementor-main-swiper swiper\" role=\"region\" aria-roledescription=\"carousel\" aria-label=\"Slides\" dir=\"ltr\" data-animation=\"fadeInUp\">\n\t\t\t\t<div class=\"swiper-wrapper elementor-slides\">\n\t\t\t\t\t\t\t\t\t\t<div class=\"elementor-repeater-item-98c8f93 swiper-slide\" role=\"group\" aria-roledescription=\"slide\"><div class=\"swiper-slide-bg elementor-ken-burns elementor-ken-burns--in\" role=\"img\" aria-label=\"Evi-penshurst_ 10\"><\/div><div class=\"elementor-background-overlay\"><\/div><div class=\"swiper-slide-inner\" ><div class=\"swiper-slide-contents\"><div class=\"elementor-slide-heading\">RESERVA GRATUITA<\/div><div class=\"elementor-slide-description\"><p>CONSULTA DIGITAL<\/p>\n<\/div><\/div><\/div><\/div><div class=\"elementor-repeater-item-bf2cfbc swiper-slide\" role=\"group\" aria-roledescription=\"slide\"><div class=\"swiper-slide-bg elementor-ken-burns elementor-ken-burns--in\" role=\"img\" aria-label=\"Page 25 - Matthew_Lugg_ 23\"><\/div><div class=\"elementor-background-overlay\"><\/div><div class=\"swiper-slide-inner\" ><div class=\"swiper-slide-contents\"><div class=\"elementor-slide-heading\">RESERVA GRATUITA<\/div><div class=\"elementor-slide-description\"><p>CONSULTA DIGITAL<\/p>\n<\/div><\/div><\/div><\/div><div class=\"elementor-repeater-item-e8f24f3 swiper-slide\" role=\"group\" aria-roledescription=\"slide\"><div class=\"swiper-slide-bg elementor-ken-burns elementor-ken-burns--in\" role=\"img\" aria-label=\"Evi Swimming Pools Image 5\"><\/div><div class=\"elementor-background-overlay\"><\/div><div class=\"swiper-slide-inner\" ><div class=\"swiper-slide-contents\"><div class=\"elementor-slide-heading\">RESERVA GRATUITA<\/div><div class=\"elementor-slide-description\"><p>CONSULTA DIGITAL<\/p>\n<\/div><\/div><\/div><\/div>\t\t\t\t<\/div>\n\t\t\t\t\t\t\t\t\t\t\t\t\t\t\t<div class=\"elementor-swiper-button elementor-swiper-button-prev\" role=\"button\" tabindex=\"0\" aria-label=\"Diapositiva anterior\">\n\t\t\t\t\t\t\t<i aria-hidden=\"true\" class=\"eicon-chevron-left\"><\/i>\t\t\t\t\t\t<\/div>\n\t\t\t\t\t\t<div class=\"elementor-swiper-button elementor-swiper-button-next\" role=\"button\" tabindex=\"0\" aria-label=\"Diapositiva siguiente\">\n\t\t\t\t\t\t\t<i aria-hidden=\"true\" class=\"eicon-chevron-right\"><\/i>\t\t\t\t\t\t<\/div>\n\t\t\t\t\t\t\t\t\t\t\t\t\t\t\t\t<div class=\"swiper-pagination\"><\/div>\n\t\t\t\t\t\t\t\t\t\t\t\t<\/div>\n\t\t\t\t<\/div>\n\t\t\t\t\t\t\t\t<\/div>\n\t\t\t\t<\/div>\n\t\t\t\t\t<\/div>\n\t\t<\/div>\n\t\t\t\t\t<\/div>\n\t\t<\/section>\n\t\t\t\t<section class=\"elementor-section elementor-top-section elementor-element elementor-element-1ea179ce elementor-section-boxed elementor-section-height-default elementor-section-height-default\" data-id=\"1ea179ce\" data-element_type=\"section\" data-e-type=\"section\" data-settings=\"{&quot;background_background&quot;:&quot;classic&quot;}\">\n\t\t\t\t\t\t<div class=\"elementor-container elementor-column-gap-default\">\n\t\t\t\t\t<div class=\"elementor-column elementor-col-100 elementor-top-column elementor-element elementor-element-6911b196\" data-id=\"6911b196\" data-element_type=\"column\" data-e-type=\"column\" data-settings=\"{&quot;background_background&quot;:&quot;classic&quot;}\">\n\t\t\t<div class=\"elementor-widget-wrap elementor-element-populated\">\n\t\t\t\t\t\t<div class=\"elementor-element elementor-element-56301af5 elementor-widget elementor-widget-heading\" data-id=\"56301af5\" data-element_type=\"widget\" data-e-type=\"widget\" data-widget_type=\"heading.default\">\n\t\t\t\t<div class=\"elementor-widget-container\">\n\t\t\t\t\t<h2 class=\"elementor-heading-title elementor-size-default\">EMPEZAR A SO\u00d1AR CON<\/h2>\t\t\t\t<\/div>\n\t\t\t\t<\/div>\n\t\t\t\t<div class=\"elementor-element elementor-element-34c388c2 elementor-widget elementor-widget-heading\" data-id=\"34c388c2\" data-element_type=\"widget\" data-e-type=\"widget\" data-widget_type=\"heading.default\">\n\t\t\t\t<div class=\"elementor-widget-container\">\n\t\t\t\t\t<h2 class=\"elementor-heading-title elementor-size-default\">SU PISCINA PERFECTA  <\/h2>\t\t\t\t<\/div>\n\t\t\t\t<\/div>\n\t\t\t\t\t<\/div>\n\t\t<\/div>\n\t\t\t\t\t<\/div>\n\t\t<\/section>\n\t\t\t\t<section class=\"elementor-section elementor-top-section elementor-element elementor-element-57b9007e elementor-section-boxed elementor-section-height-default elementor-section-height-default\" data-id=\"57b9007e\" data-element_type=\"section\" data-e-type=\"section\" data-settings=\"{&quot;background_background&quot;:&quot;classic&quot;}\">\n\t\t\t\t\t\t<div class=\"elementor-container elementor-column-gap-default\">\n\t\t\t\t\t<div class=\"elementor-column elementor-col-100 elementor-top-column elementor-element elementor-element-67ff396d\" data-id=\"67ff396d\" data-element_type=\"column\" data-e-type=\"column\" data-settings=\"{&quot;background_background&quot;:&quot;classic&quot;}\">\n\t\t\t<div class=\"elementor-widget-wrap elementor-element-populated\">\n\t\t\t\t\t\t<div class=\"elementor-element elementor-element-ccdd717 elementor-widget__width-initial elementor-widget elementor-widget-text-editor\" data-id=\"ccdd717\" data-element_type=\"widget\" data-e-type=\"widget\" data-widget_type=\"text-editor.default\">\n\t\t\t\t<div class=\"elementor-widget-container\">\n\t\t\t\t\t\t\t\t\t<p><span style=\"font-weight: 400;\">Ahora ofrecemos consultas digitales. Es un proceso sencillo que s\u00f3lo requiere el uso de su smartphone.&nbsp;<\/span><\/p>\n<p>Podemos aconsejarle sobre la ubicaci\u00f3n perfecta para su piscina, darle detalles sobre el proceso de instalaci\u00f3n de la piscina y responder a cualquier pregunta que pueda tener.<br><\/p>\t\t\t\t\t\t\t\t<\/div>\n\t\t\t\t<\/div>\n\t\t\t\t\t<\/div>\n\t\t<\/div>\n\t\t\t\t\t<\/div>\n\t\t<\/section>\n\t\t\t\t<section class=\"elementor-section elementor-top-section elementor-element elementor-element-5ce54d2 elementor-section-boxed elementor-section-height-default elementor-section-height-default\" data-id=\"5ce54d2\" data-element_type=\"section\" data-e-type=\"section\" data-settings=\"{&quot;background_background&quot;:&quot;classic&quot;}\">\n\t\t\t\t\t\t<div class=\"elementor-container elementor-column-gap-default\">\n\t\t\t\t\t<div class=\"elementor-column elementor-col-100 elementor-top-column elementor-element elementor-element-b9fc98c\" data-id=\"b9fc98c\" data-element_type=\"column\" data-e-type=\"column\" data-settings=\"{&quot;background_background&quot;:&quot;classic&quot;}\">\n\t\t\t<div class=\"elementor-widget-wrap elementor-element-populated\">\n\t\t\t\t\t\t<div class=\"elementor-element elementor-element-6660100 elementor-widget elementor-widget-image\" data-id=\"6660100\" data-element_type=\"widget\" data-e-type=\"widget\" data-widget_type=\"image.default\">\n\t\t\t\t<div class=\"elementor-widget-container\">\n\t\t\t\t\t\t\t\t\t\t\t\t\t\t\t<img fetchpriority=\"high\" decoding=\"async\" width=\"800\" height=\"501\" src=\"https:\/\/evi.co.uk\/wp-content\/uploads\/2023\/04\/EVi-Pools-Digital-Consultation-Hand-Holding-Iphone-12-Pro-Mockup-1024x641.jpg\" class=\"attachment-large size-large wp-image-503339\" alt=\"\" srcset=\"https:\/\/evi.co.uk\/wp-content\/uploads\/2023\/04\/EVi-Pools-Digital-Consultation-Hand-Holding-Iphone-12-Pro-Mockup-1024x641.jpg 1024w, https:\/\/evi.co.uk\/wp-content\/uploads\/2023\/04\/EVi-Pools-Digital-Consultation-Hand-Holding-Iphone-12-Pro-Mockup-300x188.jpg 300w, https:\/\/evi.co.uk\/wp-content\/uploads\/2023\/04\/EVi-Pools-Digital-Consultation-Hand-Holding-Iphone-12-Pro-Mockup-768x481.jpg 768w, https:\/\/evi.co.uk\/wp-content\/uploads\/2023\/04\/EVi-Pools-Digital-Consultation-Hand-Holding-Iphone-12-Pro-Mockup-1536x962.jpg 1536w, https:\/\/evi.co.uk\/wp-content\/uploads\/2023\/04\/EVi-Pools-Digital-Consultation-Hand-Holding-Iphone-12-Pro-Mockup-2048x1283.jpg 2048w, https:\/\/evi.co.uk\/wp-content\/uploads\/2023\/04\/EVi-Pools-Digital-Consultation-Hand-Holding-Iphone-12-Pro-Mockup-600x376.jpg 600w\" sizes=\"(max-width: 800px) 100vw, 800px\" \/>\t\t\t\t\t\t\t\t\t\t\t\t\t\t\t<\/div>\n\t\t\t\t<\/div>\n\t\t\t\t\t<\/div>\n\t\t<\/div>\n\t\t\t\t\t<\/div>\n\t\t<\/section>\n\t\t\t\t<section class=\"elementor-section elementor-top-section elementor-element elementor-element-b6dd76c elementor-section-height-min-height elementor-section-boxed elementor-section-height-default elementor-section-items-middle\" data-id=\"b6dd76c\" data-element_type=\"section\" data-e-type=\"section\" data-settings=\"{&quot;background_background&quot;:&quot;classic&quot;}\">\n\t\t\t\t\t\t<div class=\"elementor-container elementor-column-gap-default\">\n\t\t\t\t\t<div class=\"elementor-column elementor-col-100 elementor-top-column elementor-element elementor-element-f5fca34\" data-id=\"f5fca34\" data-element_type=\"column\" data-e-type=\"column\" data-settings=\"{&quot;background_background&quot;:&quot;classic&quot;}\">\n\t\t\t<div class=\"elementor-widget-wrap elementor-element-populated\">\n\t\t\t\t\t\t<div class=\"elementor-element elementor-element-11fad8a elementor-widget__width-initial elementor-widget elementor-widget-text-editor\" data-id=\"11fad8a\" data-element_type=\"widget\" data-e-type=\"widget\" data-widget_type=\"text-editor.default\">\n\t\t\t\t<div class=\"elementor-widget-container\">\n\t\t\t\t\t\t\t\t\t<p><span style=\"font-weight: 400;\">Reserve hoy mismo su consulta digital gratuita rellenando el siguiente formulario o poni\u00e9ndose en contacto con nosotros a trav\u00e9s de los datos que figuran a continuaci\u00f3n.<\/span><\/p>\t\t\t\t\t\t\t\t<\/div>\n\t\t\t\t<\/div>\n\t\t\t\t<div class=\"elementor-element elementor-element-f3a1269 elementor-widget elementor-widget-spacer\" data-id=\"f3a1269\" data-element_type=\"widget\" data-e-type=\"widget\" data-widget_type=\"spacer.default\">\n\t\t\t\t<div class=\"elementor-widget-container\">\n\t\t\t\t\t\t\t<div class=\"elementor-spacer\">\n\t\t\t<div class=\"elementor-spacer-inner\"><\/div>\n\t\t<\/div>\n\t\t\t\t\t\t<\/div>\n\t\t\t\t<\/div>\n\t\t\t\t<div class=\"elementor-element elementor-element-23356c4 elementor-widget elementor-widget-text-editor\" data-id=\"23356c4\" data-element_type=\"widget\" data-e-type=\"widget\" data-widget_type=\"text-editor.default\">\n\t\t\t\t<div class=\"elementor-widget-container\">\n\t\t\t\t\t\t\t\t\t<iframe style=\"border: 0;\" src=\"https:\/\/calendar.google.com\/calendar\/appointments\/schedules\/AcZssZ2Zy0gSCUlG7IqzezpdEuawKY-atabC6cRp1r9ZnkaGb14-rHyUKWsqEiuMFDcjTNe35Bnk-9NH?gv=true\" width=\"100%\" height=\"1500px\" frameborder=\"50\"><\/iframe>\t\t\t\t\t\t\t\t<\/div>\n\t\t\t\t<\/div>\n\t\t\t\t<div class=\"elementor-element elementor-element-8da4c96 elementor-widget elementor-widget-spacer\" data-id=\"8da4c96\" data-element_type=\"widget\" data-e-type=\"widget\" data-widget_type=\"spacer.default\">\n\t\t\t\t<div class=\"elementor-widget-container\">\n\t\t\t\t\t\t\t<div class=\"elementor-spacer\">\n\t\t\t<div class=\"elementor-spacer-inner\"><\/div>\n\t\t<\/div>\n\t\t\t\t\t\t<\/div>\n\t\t\t\t<\/div>\n\t\t\t\t\t<\/div>\n\t\t<\/div>\n\t\t\t\t\t<\/div>\n\t\t<\/section>\n\t\t\t\t<section class=\"elementor-section elementor-top-section elementor-element elementor-element-5389af7 elementor-section-boxed elementor-section-height-default elementor-section-height-default\" data-id=\"5389af7\" data-element_type=\"section\" data-e-type=\"section\" data-settings=\"{&quot;background_background&quot;:&quot;classic&quot;}\">\n\t\t\t\t\t\t<div class=\"elementor-container elementor-column-gap-default\">\n\t\t\t\t\t<div class=\"elementor-column elementor-col-50 elementor-top-column elementor-element elementor-element-da39072\" data-id=\"da39072\" data-element_type=\"column\" data-e-type=\"column\" data-settings=\"{&quot;background_background&quot;:&quot;classic&quot;}\">\n\t\t\t<div class=\"elementor-widget-wrap elementor-element-populated\">\n\t\t\t\t\t\t<div class=\"elementor-element elementor-element-41bd4fe9 elementor-widget__width-initial elementor-widget elementor-widget-text-editor\" data-id=\"41bd4fe9\" data-element_type=\"widget\" data-e-type=\"widget\" data-widget_type=\"text-editor.default\">\n\t\t\t\t<div class=\"elementor-widget-container\">\n\t\t\t\t\t\t\t\t\t<p><strong>Ll\u00e1menos al:<\/strong><\/p><p class=\"p1\"><span class=\"s1\">+44 (0) 1403 577 674<\/span><\/p><p class=\"p1\"><span class=\"s1\"> <\/span><\/p><p class=\"p1\"><span class=\"s1\">Env\u00edanos un Whatsapp: <br><a href=\"https:\/\/wa.me\/447475894060\">+44 (0)7475894060<\/a><br><\/span><\/p><p class=\"p1\"><span class=\"s1\"> <\/span><\/p><p><strong>Env\u00edanos una carta de amor:<\/strong><\/p><p class=\"p1\"><span class=\"s1\">5 Upper St Martins Lane,<\/span><\/p><p class=\"p2\"><span class=\"s1\">Covent Garden,  <\/span><\/p><p class=\"p2\"><span class=\"s1\">Londres,  <\/span><\/p><p class=\"p2\"><span class=\"s1\">WC2H 9EA<span class=\"Apple-converted-space\"> <\/span><\/span><\/p>\t\t\t\t\t\t\t\t<\/div>\n\t\t\t\t<\/div>\n\t\t\t\t\t<\/div>\n\t\t<\/div>\n\t\t\t\t<div class=\"elementor-column elementor-col-50 elementor-top-column elementor-element elementor-element-2ce15348\" data-id=\"2ce15348\" data-element_type=\"column\" data-e-type=\"column\" data-settings=\"{&quot;background_background&quot;:&quot;classic&quot;}\">\n\t\t\t<div class=\"elementor-widget-wrap elementor-element-populated\">\n\t\t\t\t\t\t<div class=\"elementor-element elementor-element-6067388b elementor-widget elementor-widget-google_maps\" data-id=\"6067388b\" data-element_type=\"widget\" data-e-type=\"widget\" data-widget_type=\"google_maps.default\">\n\t\t\t\t<div class=\"elementor-widget-container\">\n\t\t\t\t\t\t\t<div class=\"elementor-custom-embed\">\n\t\t\t<iframe loading=\"lazy\"\n\t\t\t\t\tsrc=\"https:\/\/maps.google.com\/maps?q=Evi%20pools&#038;t=m&#038;z=6&#038;output=embed&#038;iwloc=near\"\n\t\t\t\t\ttitle=\"Evi pools\"\n\t\t\t\t\taria-label=\"Evi pools\"\n\t\t\t><\/iframe>\n\t\t<\/div>\n\t\t\t\t\t\t<\/div>\n\t\t\t\t<\/div>\n\t\t\t\t\t<\/div>\n\t\t<\/div>\n\t\t\t\t\t<\/div>\n\t\t<\/section>\n\t\t\t\t<section class=\"elementor-section elementor-top-section elementor-element elementor-element-bffd039 elementor-section-boxed elementor-section-height-default elementor-section-height-default\" data-id=\"bffd039\" data-element_type=\"section\" data-e-type=\"section\">\n\t\t\t\t\t\t<div class=\"elementor-container elementor-column-gap-default\">\n\t\t\t\t\t<div class=\"elementor-column elementor-col-100 elementor-top-column elementor-element elementor-element-d0cefe7\" data-id=\"d0cefe7\" data-element_type=\"column\" data-e-type=\"column\">\n\t\t\t<div class=\"elementor-widget-wrap\">\n\t\t\t\t\t\t\t<\/div>\n\t\t<\/div>\n\t\t\t\t\t<\/div>\n\t\t<\/section>\n\t\t\t\t<\/div>\n\t\t","protected":false},"excerpt":{"rendered":"<p>RESERVA GRATUITA CONSULTA DIGITAL RESERVA GRATUITA CONSULTA DIGITAL RESERVA GRATUITA CONSULTA DIGITAL EMPEZAR A SO\u00d1AR CON SU PISCINA PERFECTA Ahora ofrecemos consultas digitales. Es un proceso sencillo que s\u00f3lo requiere el uso de su smartphone.&nbsp; Podemos aconsejarle sobre la ubicaci\u00f3n perfecta para su piscina, darle detalles sobre el proceso de instalaci\u00f3n de la piscina y [&hellip;]<\/p>\n","protected":false},"author":1,"featured_media":0,"parent":0,"menu_order":0,"comment_status":"closed","ping_status":"closed","template":"elementor_header_footer","meta":{"footnotes":""},"class_list":["post-503980","page","type-page","status-publish","hentry"],"yoast_head":"<!-- This site is optimized with the Yoast SEO plugin v27.4 - https:\/\/yoast.com\/product\/yoast-seo-wordpress\/ -->\n<title>Reservar una consulta digital - Evi Pools<\/title>\n<meta name=\"robots\" content=\"index, follow, max-snippet:-1, max-image-preview:large, max-video-preview:-1\" \/>\n<link rel=\"canonical\" href=\"https:\/\/evi.co.uk\/es\/reservar-una-consulta-digital\/\" \/>\n<meta property=\"og:locale\" content=\"es_ES\" \/>\n<meta property=\"og:type\" content=\"article\" \/>\n<meta property=\"og:title\" content=\"Reservar una consulta digital - Evi Pools\" \/>\n<meta property=\"og:description\" content=\"RESERVA GRATUITA CONSULTA DIGITAL RESERVA GRATUITA CONSULTA DIGITAL RESERVA GRATUITA CONSULTA DIGITAL EMPEZAR A SO\u00d1AR CON SU PISCINA PERFECTA Ahora ofrecemos consultas digitales. Es un proceso sencillo que s\u00f3lo requiere el uso de su smartphone.&nbsp; Podemos aconsejarle sobre la ubicaci\u00f3n perfecta para su piscina, darle detalles sobre el proceso de instalaci\u00f3n de la piscina y [&hellip;]\" \/>\n<meta property=\"og:url\" content=\"https:\/\/evi.co.uk\/es\/reservar-una-consulta-digital\/\" \/>\n<meta property=\"og:site_name\" content=\"Evi Pools\" \/>\n<meta property=\"article:modified_time\" content=\"2025-04-22T18:32:43+00:00\" \/>\n<meta property=\"og:image\" content=\"https:\/\/evi.co.uk\/wp-content\/uploads\/2023\/04\/EVi-Pools-Digital-Consultation-Hand-Holding-Iphone-12-Pro-Mockup-scaled.jpg\" \/>\n\t<meta property=\"og:image:width\" content=\"1920\" \/>\n\t<meta property=\"og:image:height\" content=\"1203\" \/>\n\t<meta property=\"og:image:type\" content=\"image\/jpeg\" \/>\n<meta name=\"twitter:card\" content=\"summary_large_image\" \/>\n<meta name=\"twitter:label1\" content=\"Tiempo de lectura\" \/>\n\t<meta name=\"twitter:data1\" content=\"1 minuto\" \/>\n<script type=\"application\/ld+json\" class=\"yoast-schema-graph\">{\"@context\":\"https:\\\/\\\/schema.org\",\"@graph\":[{\"@type\":\"WebPage\",\"@id\":\"https:\\\/\\\/evi.co.uk\\\/es\\\/reservar-una-consulta-digital\\\/\",\"url\":\"https:\\\/\\\/evi.co.uk\\\/es\\\/reservar-una-consulta-digital\\\/\",\"name\":\"Reservar una consulta digital - Evi Pools\",\"isPartOf\":{\"@id\":\"https:\\\/\\\/evi.co.uk\\\/es\\\/#website\"},\"primaryImageOfPage\":{\"@id\":\"https:\\\/\\\/evi.co.uk\\\/es\\\/reservar-una-consulta-digital\\\/#primaryimage\"},\"image\":{\"@id\":\"https:\\\/\\\/evi.co.uk\\\/es\\\/reservar-una-consulta-digital\\\/#primaryimage\"},\"thumbnailUrl\":\"https:\\\/\\\/evi.co.uk\\\/wp-content\\\/uploads\\\/2023\\\/04\\\/EVi-Pools-Digital-Consultation-Hand-Holding-Iphone-12-Pro-Mockup-1024x641.jpg\",\"datePublished\":\"2023-04-13T14:01:35+00:00\",\"dateModified\":\"2025-04-22T18:32:43+00:00\",\"breadcrumb\":{\"@id\":\"https:\\\/\\\/evi.co.uk\\\/es\\\/reservar-una-consulta-digital\\\/#breadcrumb\"},\"inLanguage\":\"es\",\"potentialAction\":[{\"@type\":\"ReadAction\",\"target\":[\"https:\\\/\\\/evi.co.uk\\\/es\\\/reservar-una-consulta-digital\\\/\"]}]},{\"@type\":\"ImageObject\",\"inLanguage\":\"es\",\"@id\":\"https:\\\/\\\/evi.co.uk\\\/es\\\/reservar-una-consulta-digital\\\/#primaryimage\",\"url\":\"https:\\\/\\\/evi.co.uk\\\/wp-content\\\/uploads\\\/2023\\\/04\\\/EVi-Pools-Digital-Consultation-Hand-Holding-Iphone-12-Pro-Mockup-1024x641.jpg\",\"contentUrl\":\"https:\\\/\\\/evi.co.uk\\\/wp-content\\\/uploads\\\/2023\\\/04\\\/EVi-Pools-Digital-Consultation-Hand-Holding-Iphone-12-Pro-Mockup-1024x641.jpg\"},{\"@type\":\"BreadcrumbList\",\"@id\":\"https:\\\/\\\/evi.co.uk\\\/es\\\/reservar-una-consulta-digital\\\/#breadcrumb\",\"itemListElement\":[{\"@type\":\"ListItem\",\"position\":1,\"name\":\"Home\",\"item\":\"https:\\\/\\\/evi.co.uk\\\/es\\\/\"},{\"@type\":\"ListItem\",\"position\":2,\"name\":\"Reservar una consulta digital\"}]},{\"@type\":\"WebSite\",\"@id\":\"https:\\\/\\\/evi.co.uk\\\/es\\\/#website\",\"url\":\"https:\\\/\\\/evi.co.uk\\\/es\\\/\",\"name\":\"Evi Pools\",\"description\":\"\",\"publisher\":{\"@id\":\"https:\\\/\\\/evi.co.uk\\\/es\\\/#organization\"},\"potentialAction\":[{\"@type\":\"SearchAction\",\"target\":{\"@type\":\"EntryPoint\",\"urlTemplate\":\"https:\\\/\\\/evi.co.uk\\\/es\\\/?s={search_term_string}\"},\"query-input\":{\"@type\":\"PropertyValueSpecification\",\"valueRequired\":true,\"valueName\":\"search_term_string\"}}],\"inLanguage\":\"es\"},{\"@type\":\"Organization\",\"@id\":\"https:\\\/\\\/evi.co.uk\\\/es\\\/#organization\",\"name\":\"Evi Pools\",\"url\":\"https:\\\/\\\/evi.co.uk\\\/es\\\/\",\"logo\":{\"@type\":\"ImageObject\",\"inLanguage\":\"es\",\"@id\":\"https:\\\/\\\/evi.co.uk\\\/es\\\/#\\\/schema\\\/logo\\\/image\\\/\",\"url\":\"https:\\\/\\\/evi.co.uk\\\/wp-content\\\/uploads\\\/2022\\\/09\\\/EVi-Pools-Final-Logo-London-England-V6_navy.svg\",\"contentUrl\":\"https:\\\/\\\/evi.co.uk\\\/wp-content\\\/uploads\\\/2022\\\/09\\\/EVi-Pools-Final-Logo-London-England-V6_navy.svg\",\"caption\":\"Evi Pools\"},\"image\":{\"@id\":\"https:\\\/\\\/evi.co.uk\\\/es\\\/#\\\/schema\\\/logo\\\/image\\\/\"}}]}<\/script>\n<!-- \/ Yoast SEO plugin. -->","yoast_head_json":{"title":"Reservar una consulta digital - Evi Pools","robots":{"index":"index","follow":"follow","max-snippet":"max-snippet:-1","max-image-preview":"max-image-preview:large","max-video-preview":"max-video-preview:-1"},"canonical":"https:\/\/evi.co.uk\/es\/reservar-una-consulta-digital\/","og_locale":"es_ES","og_type":"article","og_title":"Reservar una consulta digital - Evi Pools","og_description":"RESERVA GRATUITA CONSULTA DIGITAL RESERVA GRATUITA CONSULTA DIGITAL RESERVA GRATUITA CONSULTA DIGITAL EMPEZAR A SO\u00d1AR CON SU PISCINA PERFECTA Ahora ofrecemos consultas digitales. Es un proceso sencillo que s\u00f3lo requiere el uso de su smartphone.&nbsp; Podemos aconsejarle sobre la ubicaci\u00f3n perfecta para su piscina, darle detalles sobre el proceso de instalaci\u00f3n de la piscina y [&hellip;]","og_url":"https:\/\/evi.co.uk\/es\/reservar-una-consulta-digital\/","og_site_name":"Evi Pools","article_modified_time":"2025-04-22T18:32:43+00:00","og_image":[{"width":1920,"height":1203,"url":"https:\/\/evi.co.uk\/wp-content\/uploads\/2023\/04\/EVi-Pools-Digital-Consultation-Hand-Holding-Iphone-12-Pro-Mockup-scaled.jpg","type":"image\/jpeg"}],"twitter_card":"summary_large_image","twitter_misc":{"Tiempo de lectura":"1 minuto"},"schema":{"@context":"https:\/\/schema.org","@graph":[{"@type":"WebPage","@id":"https:\/\/evi.co.uk\/es\/reservar-una-consulta-digital\/","url":"https:\/\/evi.co.uk\/es\/reservar-una-consulta-digital\/","name":"Reservar una consulta digital - Evi Pools","isPartOf":{"@id":"https:\/\/evi.co.uk\/es\/#website"},"primaryImageOfPage":{"@id":"https:\/\/evi.co.uk\/es\/reservar-una-consulta-digital\/#primaryimage"},"image":{"@id":"https:\/\/evi.co.uk\/es\/reservar-una-consulta-digital\/#primaryimage"},"thumbnailUrl":"https:\/\/evi.co.uk\/wp-content\/uploads\/2023\/04\/EVi-Pools-Digital-Consultation-Hand-Holding-Iphone-12-Pro-Mockup-1024x641.jpg","datePublished":"2023-04-13T14:01:35+00:00","dateModified":"2025-04-22T18:32:43+00:00","breadcrumb":{"@id":"https:\/\/evi.co.uk\/es\/reservar-una-consulta-digital\/#breadcrumb"},"inLanguage":"es","potentialAction":[{"@type":"ReadAction","target":["https:\/\/evi.co.uk\/es\/reservar-una-consulta-digital\/"]}]},{"@type":"ImageObject","inLanguage":"es","@id":"https:\/\/evi.co.uk\/es\/reservar-una-consulta-digital\/#primaryimage","url":"https:\/\/evi.co.uk\/wp-content\/uploads\/2023\/04\/EVi-Pools-Digital-Consultation-Hand-Holding-Iphone-12-Pro-Mockup-1024x641.jpg","contentUrl":"https:\/\/evi.co.uk\/wp-content\/uploads\/2023\/04\/EVi-Pools-Digital-Consultation-Hand-Holding-Iphone-12-Pro-Mockup-1024x641.jpg"},{"@type":"BreadcrumbList","@id":"https:\/\/evi.co.uk\/es\/reservar-una-consulta-digital\/#breadcrumb","itemListElement":[{"@type":"ListItem","position":1,"name":"Home","item":"https:\/\/evi.co.uk\/es\/"},{"@type":"ListItem","position":2,"name":"Reservar una consulta digital"}]},{"@type":"WebSite","@id":"https:\/\/evi.co.uk\/es\/#website","url":"https:\/\/evi.co.uk\/es\/","name":"Evi Pools","description":"","publisher":{"@id":"https:\/\/evi.co.uk\/es\/#organization"},"potentialAction":[{"@type":"SearchAction","target":{"@type":"EntryPoint","urlTemplate":"https:\/\/evi.co.uk\/es\/?s={search_term_string}"},"query-input":{"@type":"PropertyValueSpecification","valueRequired":true,"valueName":"search_term_string"}}],"inLanguage":"es"},{"@type":"Organization","@id":"https:\/\/evi.co.uk\/es\/#organization","name":"Evi Pools","url":"https:\/\/evi.co.uk\/es\/","logo":{"@type":"ImageObject","inLanguage":"es","@id":"https:\/\/evi.co.uk\/es\/#\/schema\/logo\/image\/","url":"https:\/\/evi.co.uk\/wp-content\/uploads\/2022\/09\/EVi-Pools-Final-Logo-London-England-V6_navy.svg","contentUrl":"https:\/\/evi.co.uk\/wp-content\/uploads\/2022\/09\/EVi-Pools-Final-Logo-London-England-V6_navy.svg","caption":"Evi Pools"},"image":{"@id":"https:\/\/evi.co.uk\/es\/#\/schema\/logo\/image\/"}}]}},"_links":{"self":[{"href":"https:\/\/evi.co.uk\/es\/wp-json\/wp\/v2\/pages\/503980","targetHints":{"allow":["GET"]}}],"collection":[{"href":"https:\/\/evi.co.uk\/es\/wp-json\/wp\/v2\/pages"}],"about":[{"href":"https:\/\/evi.co.uk\/es\/wp-json\/wp\/v2\/types\/page"}],"author":[{"embeddable":true,"href":"https:\/\/evi.co.uk\/es\/wp-json\/wp\/v2\/users\/1"}],"replies":[{"embeddable":true,"href":"https:\/\/evi.co.uk\/es\/wp-json\/wp\/v2\/comments?post=503980"}],"version-history":[{"count":6,"href":"https:\/\/evi.co.uk\/es\/wp-json\/wp\/v2\/pages\/503980\/revisions"}],"predecessor-version":[{"id":505096,"href":"https:\/\/evi.co.uk\/es\/wp-json\/wp\/v2\/pages\/503980\/revisions\/505096"}],"wp:attachment":[{"href":"https:\/\/evi.co.uk\/es\/wp-json\/wp\/v2\/media?parent=503980"}],"curies":[{"name":"wp","href":"https:\/\/api.w.org\/{rel}","templated":true}]}}