{"id":504479,"date":"2023-04-13T15:11:31","date_gmt":"2023-04-13T15:11:31","guid":{"rendered":"https:\/\/evi.co.uk\/product\/evi-ingeniero-trabajo\/"},"modified":"2023-11-09T22:29:12","modified_gmt":"2023-11-09T22:29:12","slug":"evi-ingeniero-laboral","status":"publish","type":"product","link":"https:\/\/evi.co.uk\/es\/producto\/evi-ingeniero-laboral\/","title":{"rendered":"EVi Ingeniero Trabajo"},"content":{"rendered":"<p>Jornada de trabajo para un ingeniero de EVi.<\/p>\n<p>Necesitamos que nos comunique su fecha preferida con un m\u00ednimo de 10 d\u00edas laborables de antelaci\u00f3n.<\/p>\n","protected":false},"excerpt":{"rendered":"<p>Jornada de trabajo para un ingeniero de EVi. Necesitamos que nos comunique su fecha preferida con un m\u00ednimo de 10 d\u00edas laborables de antelaci\u00f3n.<\/p>\n","protected":false},"featured_media":0,"template":"","meta":[],"product_brand":[],"product_cat":[100083],"product_tag":[],"class_list":{"0":"post-504479","1":"product","2":"type-product","3":"status-publish","5":"product_cat-servicios","7":"first","8":"instock","9":"taxable","10":"shipping-taxable","11":"purchasable","12":"product-type-simple"},"yoast_head":"<!-- This site is optimized with the Yoast SEO plugin v27.3 - https:\/\/yoast.com\/product\/yoast-seo-wordpress\/ -->\n<title>EVi Ingeniero Trabajo - Evi Pools<\/title>\n<meta name=\"robots\" content=\"index, follow, max-snippet:-1, max-image-preview:large, max-video-preview:-1\" \/>\n<link rel=\"canonical\" href=\"https:\/\/evi.co.uk\/es\/producto\/evi-ingeniero-laboral\/\" \/>\n<meta property=\"og:locale\" content=\"es_ES\" \/>\n<meta property=\"og:type\" content=\"article\" \/>\n<meta property=\"og:title\" content=\"EVi Ingeniero Trabajo - Evi Pools\" \/>\n<meta property=\"og:description\" content=\"Jornada de trabajo para un ingeniero de EVi. Necesitamos que nos comunique su fecha preferida con un m\u00ednimo de 10 d\u00edas laborables de antelaci\u00f3n.\" \/>\n<meta property=\"og:url\" content=\"https:\/\/evi.co.uk\/es\/producto\/evi-ingeniero-laboral\/\" \/>\n<meta property=\"og:site_name\" content=\"Evi Pools\" \/>\n<meta property=\"article:modified_time\" content=\"2023-11-09T22:29:12+00:00\" \/>\n<meta name=\"twitter:card\" content=\"summary_large_image\" \/>\n<script type=\"application\/ld+json\" class=\"yoast-schema-graph\">{\"@context\":\"https:\\\/\\\/schema.org\",\"@graph\":[{\"@type\":\"WebPage\",\"@id\":\"https:\\\/\\\/evi.co.uk\\\/es\\\/producto\\\/evi-ingeniero-laboral\\\/\",\"url\":\"https:\\\/\\\/evi.co.uk\\\/es\\\/producto\\\/evi-ingeniero-laboral\\\/\",\"name\":\"EVi Ingeniero Trabajo - Evi Pools\",\"isPartOf\":{\"@id\":\"https:\\\/\\\/evi.co.uk\\\/es\\\/#website\"},\"datePublished\":\"2023-04-13T15:11:31+00:00\",\"dateModified\":\"2023-11-09T22:29:12+00:00\",\"breadcrumb\":{\"@id\":\"https:\\\/\\\/evi.co.uk\\\/es\\\/producto\\\/evi-ingeniero-laboral\\\/#breadcrumb\"},\"inLanguage\":\"es\",\"potentialAction\":[{\"@type\":\"ReadAction\",\"target\":[\"https:\\\/\\\/evi.co.uk\\\/es\\\/producto\\\/evi-ingeniero-laboral\\\/\"]}]},{\"@type\":\"BreadcrumbList\",\"@id\":\"https:\\\/\\\/evi.co.uk\\\/es\\\/producto\\\/evi-ingeniero-laboral\\\/#breadcrumb\",\"itemListElement\":[{\"@type\":\"ListItem\",\"position\":1,\"name\":\"Home\",\"item\":\"https:\\\/\\\/evi.co.uk\\\/es\\\/\"},{\"@type\":\"ListItem\",\"position\":2,\"name\":\"Tienda\",\"item\":\"https:\\\/\\\/evi.co.uk\\\/tienda\\\/\"},{\"@type\":\"ListItem\",\"position\":3,\"name\":\"EVi Ingeniero Trabajo\"}]},{\"@type\":\"WebSite\",\"@id\":\"https:\\\/\\\/evi.co.uk\\\/es\\\/#website\",\"url\":\"https:\\\/\\\/evi.co.uk\\\/es\\\/\",\"name\":\"Evi Pools\",\"description\":\"\",\"publisher\":{\"@id\":\"https:\\\/\\\/evi.co.uk\\\/es\\\/#organization\"},\"potentialAction\":[{\"@type\":\"SearchAction\",\"target\":{\"@type\":\"EntryPoint\",\"urlTemplate\":\"https:\\\/\\\/evi.co.uk\\\/es\\\/?s={search_term_string}\"},\"query-input\":{\"@type\":\"PropertyValueSpecification\",\"valueRequired\":true,\"valueName\":\"search_term_string\"}}],\"inLanguage\":\"es\"},{\"@type\":\"Organization\",\"@id\":\"https:\\\/\\\/evi.co.uk\\\/es\\\/#organization\",\"name\":\"Evi Pools\",\"url\":\"https:\\\/\\\/evi.co.uk\\\/es\\\/\",\"logo\":{\"@type\":\"ImageObject\",\"inLanguage\":\"es\",\"@id\":\"https:\\\/\\\/evi.co.uk\\\/es\\\/#\\\/schema\\\/logo\\\/image\\\/\",\"url\":\"https:\\\/\\\/evi.co.uk\\\/wp-content\\\/uploads\\\/2022\\\/09\\\/EVi-Pools-Final-Logo-London-England-V6_navy.svg\",\"contentUrl\":\"https:\\\/\\\/evi.co.uk\\\/wp-content\\\/uploads\\\/2022\\\/09\\\/EVi-Pools-Final-Logo-London-England-V6_navy.svg\",\"caption\":\"Evi Pools\"},\"image\":{\"@id\":\"https:\\\/\\\/evi.co.uk\\\/es\\\/#\\\/schema\\\/logo\\\/image\\\/\"}}]}<\/script>\n<!-- \/ Yoast SEO plugin. -->","yoast_head_json":{"title":"EVi Ingeniero Trabajo - Evi Pools","robots":{"index":"index","follow":"follow","max-snippet":"max-snippet:-1","max-image-preview":"max-image-preview:large","max-video-preview":"max-video-preview:-1"},"canonical":"https:\/\/evi.co.uk\/es\/producto\/evi-ingeniero-laboral\/","og_locale":"es_ES","og_type":"article","og_title":"EVi Ingeniero Trabajo - Evi Pools","og_description":"Jornada de trabajo para un ingeniero de EVi. Necesitamos que nos comunique su fecha preferida con un m\u00ednimo de 10 d\u00edas laborables de antelaci\u00f3n.","og_url":"https:\/\/evi.co.uk\/es\/producto\/evi-ingeniero-laboral\/","og_site_name":"Evi Pools","article_modified_time":"2023-11-09T22:29:12+00:00","twitter_card":"summary_large_image","schema":{"@context":"https:\/\/schema.org","@graph":[{"@type":"WebPage","@id":"https:\/\/evi.co.uk\/es\/producto\/evi-ingeniero-laboral\/","url":"https:\/\/evi.co.uk\/es\/producto\/evi-ingeniero-laboral\/","name":"EVi Ingeniero Trabajo - Evi Pools","isPartOf":{"@id":"https:\/\/evi.co.uk\/es\/#website"},"datePublished":"2023-04-13T15:11:31+00:00","dateModified":"2023-11-09T22:29:12+00:00","breadcrumb":{"@id":"https:\/\/evi.co.uk\/es\/producto\/evi-ingeniero-laboral\/#breadcrumb"},"inLanguage":"es","potentialAction":[{"@type":"ReadAction","target":["https:\/\/evi.co.uk\/es\/producto\/evi-ingeniero-laboral\/"]}]},{"@type":"BreadcrumbList","@id":"https:\/\/evi.co.uk\/es\/producto\/evi-ingeniero-laboral\/#breadcrumb","itemListElement":[{"@type":"ListItem","position":1,"name":"Home","item":"https:\/\/evi.co.uk\/es\/"},{"@type":"ListItem","position":2,"name":"Tienda","item":"https:\/\/evi.co.uk\/tienda\/"},{"@type":"ListItem","position":3,"name":"EVi Ingeniero Trabajo"}]},{"@type":"WebSite","@id":"https:\/\/evi.co.uk\/es\/#website","url":"https:\/\/evi.co.uk\/es\/","name":"Evi Pools","description":"","publisher":{"@id":"https:\/\/evi.co.uk\/es\/#organization"},"potentialAction":[{"@type":"SearchAction","target":{"@type":"EntryPoint","urlTemplate":"https:\/\/evi.co.uk\/es\/?s={search_term_string}"},"query-input":{"@type":"PropertyValueSpecification","valueRequired":true,"valueName":"search_term_string"}}],"inLanguage":"es"},{"@type":"Organization","@id":"https:\/\/evi.co.uk\/es\/#organization","name":"Evi Pools","url":"https:\/\/evi.co.uk\/es\/","logo":{"@type":"ImageObject","inLanguage":"es","@id":"https:\/\/evi.co.uk\/es\/#\/schema\/logo\/image\/","url":"https:\/\/evi.co.uk\/wp-content\/uploads\/2022\/09\/EVi-Pools-Final-Logo-London-England-V6_navy.svg","contentUrl":"https:\/\/evi.co.uk\/wp-content\/uploads\/2022\/09\/EVi-Pools-Final-Logo-London-England-V6_navy.svg","caption":"Evi Pools"},"image":{"@id":"https:\/\/evi.co.uk\/es\/#\/schema\/logo\/image\/"}}]}},"_links":{"self":[{"href":"https:\/\/evi.co.uk\/es\/wp-json\/wp\/v2\/product\/504479","targetHints":{"allow":["GET"]}}],"collection":[{"href":"https:\/\/evi.co.uk\/es\/wp-json\/wp\/v2\/product"}],"about":[{"href":"https:\/\/evi.co.uk\/es\/wp-json\/wp\/v2\/types\/product"}],"wp:attachment":[{"href":"https:\/\/evi.co.uk\/es\/wp-json\/wp\/v2\/media?parent=504479"}],"wp:term":[{"taxonomy":"product_brand","embeddable":true,"href":"https:\/\/evi.co.uk\/es\/wp-json\/wp\/v2\/product_brand?post=504479"},{"taxonomy":"product_cat","embeddable":true,"href":"https:\/\/evi.co.uk\/es\/wp-json\/wp\/v2\/product_cat?post=504479"},{"taxonomy":"product_tag","embeddable":true,"href":"https:\/\/evi.co.uk\/es\/wp-json\/wp\/v2\/product_tag?post=504479"}],"curies":[{"name":"wp","href":"https:\/\/api.w.org\/{rel}","templated":true}]}}