{"id":503881,"date":"2022-10-06T13:57:27","date_gmt":"2022-10-06T13:57:27","guid":{"rendered":"https:\/\/evi.co.uk\/prendre-contact\/"},"modified":"2025-03-12T09:51:12","modified_gmt":"2025-03-12T09:51:12","slug":"prendre-contact","status":"publish","type":"page","link":"https:\/\/evi.co.uk\/fr\/prendre-contact\/","title":{"rendered":"Prendre contact"},"content":{"rendered":"\t\t<div data-elementor-type=\"wp-page\" data-elementor-id=\"503881\" class=\"elementor elementor-503881 elementor-500464\" data-elementor-post-type=\"page\">\n\t\t\t\t\t\t<section class=\"elementor-section elementor-top-section elementor-element elementor-element-3774879 elementor-section-full_width elementor-section-height-default elementor-section-height-default\" data-id=\"3774879\" data-element_type=\"section\" data-e-type=\"section\" data-settings=\"{&quot;background_background&quot;:&quot;classic&quot;}\">\n\t\t\t\t\t\t<div class=\"elementor-container elementor-column-gap-no\">\n\t\t\t\t\t<div class=\"elementor-column elementor-col-100 elementor-top-column elementor-element elementor-element-2dfafca\" data-id=\"2dfafca\" data-element_type=\"column\" data-e-type=\"column\">\n\t\t\t<div class=\"elementor-widget-wrap elementor-element-populated\">\n\t\t\t\t\t\t<div class=\"elementor-element elementor-element-dc4849d elementor--h-position-center elementor--v-position-middle elementor-arrows-position-inside elementor-pagination-position-inside elementor-widget elementor-widget-slides\" data-id=\"dc4849d\" data-element_type=\"widget\" data-e-type=\"widget\" data-settings=\"{&quot;navigation&quot;:&quot;both&quot;,&quot;autoplay&quot;:&quot;yes&quot;,&quot;pause_on_hover&quot;:&quot;yes&quot;,&quot;pause_on_interaction&quot;:&quot;yes&quot;,&quot;autoplay_speed&quot;:5000,&quot;infinite&quot;:&quot;yes&quot;,&quot;transition&quot;:&quot;slide&quot;,&quot;transition_speed&quot;:500}\" data-widget_type=\"slides.default\">\n\t\t\t\t<div class=\"elementor-widget-container\">\n\t\t\t\t\t\t\t\t\t<div class=\"elementor-swiper\">\n\t\t\t\t\t<div class=\"elementor-slides-wrapper elementor-main-swiper swiper\" role=\"region\" aria-roledescription=\"carousel\" aria-label=\"Slides\" dir=\"ltr\" data-animation=\"fadeInUp\">\n\t\t\t\t<div class=\"swiper-wrapper elementor-slides\">\n\t\t\t\t\t\t\t\t\t\t<div class=\"elementor-repeater-item-98c8f93 swiper-slide\" role=\"group\" aria-roledescription=\"slide\"><div class=\"swiper-slide-bg elementor-ken-burns elementor-ken-burns--in\" role=\"img\" aria-label=\"Evi-penshurst_ 10\"><\/div><div class=\"elementor-background-overlay\"><\/div><div class=\"swiper-slide-inner\" ><div class=\"swiper-slide-contents\"><div class=\"elementor-slide-heading\">CONTACTEZ-NOUS<\/div><div class=\"elementor-slide-description\"><p>AVEC LES PISCINES EVI<\/p>\n<\/div><\/div><\/div><\/div><div class=\"elementor-repeater-item-bf2cfbc swiper-slide\" role=\"group\" aria-roledescription=\"slide\"><div class=\"swiper-slide-bg elementor-ken-burns elementor-ken-burns--in\" role=\"img\" aria-label=\"Page 25 - Matthew_Lugg_ 23\"><\/div><div class=\"elementor-background-overlay\"><\/div><div class=\"swiper-slide-inner\" ><div class=\"swiper-slide-contents\"><div class=\"elementor-slide-heading\">CONTACTEZ-NOUS<\/div><div class=\"elementor-slide-description\"><p>AVEC PISCINES EVi<\/p>\n<\/div><\/div><\/div><\/div><div class=\"elementor-repeater-item-e8f24f3 swiper-slide\" role=\"group\" aria-roledescription=\"slide\"><div class=\"swiper-slide-bg elementor-ken-burns elementor-ken-burns--in\" role=\"img\" aria-label=\"Evi Swimming Pools Image 5\"><\/div><div class=\"elementor-background-overlay\"><\/div><div class=\"swiper-slide-inner\" ><div class=\"swiper-slide-contents\"><div class=\"elementor-slide-heading\">CONTACTEZ-NOUS<\/div><div class=\"elementor-slide-description\"><p>AVEC PISCINES EVi<\/p>\n<\/div><\/div><\/div><\/div>\t\t\t\t<\/div>\n\t\t\t\t\t\t\t\t\t\t\t\t\t\t\t<div class=\"elementor-swiper-button elementor-swiper-button-prev\" role=\"button\" tabindex=\"0\" aria-label=\"Diapositive pr\u00e9c\u00e9dente\">\n\t\t\t\t\t\t\t<i aria-hidden=\"true\" class=\"eicon-chevron-left\"><\/i>\t\t\t\t\t\t<\/div>\n\t\t\t\t\t\t<div class=\"elementor-swiper-button elementor-swiper-button-next\" role=\"button\" tabindex=\"0\" aria-label=\"Diapositive suivante\">\n\t\t\t\t\t\t\t<i aria-hidden=\"true\" class=\"eicon-chevron-right\"><\/i>\t\t\t\t\t\t<\/div>\n\t\t\t\t\t\t\t\t\t\t\t\t\t\t\t\t<div class=\"swiper-pagination\"><\/div>\n\t\t\t\t\t\t\t\t\t\t\t\t<\/div>\n\t\t\t\t<\/div>\n\t\t\t\t\t\t\t\t<\/div>\n\t\t\t\t<\/div>\n\t\t\t\t\t<\/div>\n\t\t<\/div>\n\t\t\t\t\t<\/div>\n\t\t<\/section>\n\t\t\t\t<section class=\"elementor-section elementor-top-section elementor-element elementor-element-e2e07e3 elementor-section-boxed elementor-section-height-default elementor-section-height-default\" data-id=\"e2e07e3\" data-element_type=\"section\" data-e-type=\"section\" data-settings=\"{&quot;background_background&quot;:&quot;classic&quot;}\">\n\t\t\t\t\t\t<div class=\"elementor-container elementor-column-gap-default\">\n\t\t\t\t\t<div class=\"elementor-column elementor-col-100 elementor-top-column elementor-element elementor-element-3231890\" data-id=\"3231890\" data-element_type=\"column\" data-e-type=\"column\" data-settings=\"{&quot;background_background&quot;:&quot;classic&quot;}\">\n\t\t\t<div class=\"elementor-widget-wrap elementor-element-populated\">\n\t\t\t\t\t\t<div class=\"elementor-element elementor-element-ac4de81 elementor-widget elementor-widget-heading\" data-id=\"ac4de81\" data-element_type=\"widget\" data-e-type=\"widget\" data-widget_type=\"heading.default\">\n\t\t\t\t<div class=\"elementor-widget-container\">\n\t\t\t\t\t<h2 class=\"elementor-heading-title elementor-size-default\">Commencer le processus de<\/h2>\t\t\t\t<\/div>\n\t\t\t\t<\/div>\n\t\t\t\t<div class=\"elementor-element elementor-element-494c107 elementor-widget elementor-widget-heading\" data-id=\"494c107\" data-element_type=\"widget\" data-e-type=\"widget\" data-widget_type=\"heading.default\">\n\t\t\t\t<div class=\"elementor-widget-container\">\n\t\t\t\t\t<h2 class=\"elementor-heading-title elementor-size-default\">CONSTRUIRE LA PISCINE DE VOS R\u00caVES  <\/h2>\t\t\t\t<\/div>\n\t\t\t\t<\/div>\n\t\t\t\t\t<\/div>\n\t\t<\/div>\n\t\t\t\t\t<\/div>\n\t\t<\/section>\n\t\t\t\t<section class=\"elementor-section elementor-top-section elementor-element elementor-element-bfc236e elementor-section-boxed elementor-section-height-default elementor-section-height-default\" data-id=\"bfc236e\" data-element_type=\"section\" data-e-type=\"section\" data-settings=\"{&quot;background_background&quot;:&quot;classic&quot;}\">\n\t\t\t\t\t\t<div class=\"elementor-container elementor-column-gap-default\">\n\t\t\t\t\t<div class=\"elementor-column elementor-col-100 elementor-top-column elementor-element elementor-element-9e15f46\" data-id=\"9e15f46\" data-element_type=\"column\" data-e-type=\"column\" data-settings=\"{&quot;background_background&quot;:&quot;classic&quot;}\">\n\t\t\t<div class=\"elementor-widget-wrap elementor-element-populated\">\n\t\t\t\t\t\t<div class=\"elementor-element elementor-element-af6818c elementor-widget__width-initial elementor-widget elementor-widget-text-editor\" data-id=\"af6818c\" data-element_type=\"widget\" data-e-type=\"widget\" data-widget_type=\"text-editor.default\">\n\t\t\t\t<div class=\"elementor-widget-container\">\n\t\t\t\t\t\t\t\t\t<p>Si vous avez des questions concernant une nouvelle piscine ou une piscine existante, n&rsquo;h\u00e9sitez pas \u00e0 nous contacter.<\/p>\n<p>N&rsquo;h\u00e9sitez pas \u00e0 remplir le formulaire ci-dessous et nous vous r\u00e9pondrons dans les plus brefs d\u00e9lais.<\/p>\n\t\t\t\t\t\t\t\t<\/div>\n\t\t\t\t<\/div>\n\t\t\t\t\t<\/div>\n\t\t<\/div>\n\t\t\t\t\t<\/div>\n\t\t<\/section>\n\t\t\t\t<section class=\"elementor-section elementor-top-section elementor-element elementor-element-fd0f77e elementor-section-boxed elementor-section-height-default elementor-section-height-default\" data-id=\"fd0f77e\" data-element_type=\"section\" data-e-type=\"section\" data-settings=\"{&quot;background_background&quot;:&quot;classic&quot;}\">\n\t\t\t\t\t\t<div class=\"elementor-container elementor-column-gap-default\">\n\t\t\t\t\t<div class=\"elementor-column elementor-col-100 elementor-top-column elementor-element elementor-element-0e39ca2\" data-id=\"0e39ca2\" data-element_type=\"column\" data-e-type=\"column\">\n\t\t\t<div class=\"elementor-widget-wrap\">\n\t\t\t\t\t\t\t<\/div>\n\t\t<\/div>\n\t\t\t\t\t<\/div>\n\t\t<\/section>\n\t\t\t\t<section class=\"elementor-section elementor-top-section elementor-element elementor-element-e8e02f9 elementor-section-boxed elementor-section-height-default elementor-section-height-default\" data-id=\"e8e02f9\" data-element_type=\"section\" data-e-type=\"section\">\n\t\t\t\t\t\t<div class=\"elementor-container elementor-column-gap-default\">\n\t\t\t\t\t<div class=\"elementor-column elementor-col-50 elementor-top-column elementor-element elementor-element-654ff62\" data-id=\"654ff62\" data-element_type=\"column\" data-e-type=\"column\" data-settings=\"{&quot;background_background&quot;:&quot;classic&quot;}\">\n\t\t\t<div class=\"elementor-widget-wrap elementor-element-populated\">\n\t\t\t\t\t\t<div class=\"elementor-element elementor-element-64257b6 elementor-widget__width-initial elementor-widget elementor-widget-text-editor\" data-id=\"64257b6\" data-element_type=\"widget\" data-e-type=\"widget\" data-widget_type=\"text-editor.default\">\n\t\t\t\t<div class=\"elementor-widget-container\">\n\t\t\t\t\t\t\t\t\t<p><strong>Appelez-nous au :<\/strong><\/p>\n<p class=\"p1\"><span class=\"s1\">+44 (0) 1403 577 674<\/span><\/p>\n<p class=\"p1\"><span class=\"s1\"> <\/span><\/p>\n<p class=\"p1\"><span class=\"s1\">Appelez-nous : <br \/><a href=\"https:\/\/wa.me\/447475894060\">+44 (0)7475894060<\/a><br \/><\/span><\/p>\n<p class=\"p1\"><span class=\"s1\"> <\/span><\/p>\n<p><strong>Envoyez-nous une lettre d&rsquo;amour :<\/strong><\/p>\n<p class=\"p1\"><span class=\"s1\">5 Upper St Martins Lane,<\/span><\/p>\n<p class=\"p2\"><span class=\"s1\">Covent Garden,  <\/span><\/p>\n<p class=\"p2\"><span class=\"s1\">Londres,  <\/span><\/p>\n<p class=\"p2\"><span class=\"s1\">WC2H 9EA<span class=\"Apple-converted-space\"> <\/span><\/span><\/p>\n\t\t\t\t\t\t\t\t<\/div>\n\t\t\t\t<\/div>\n\t\t\t\t\t<\/div>\n\t\t<\/div>\n\t\t\t\t<div class=\"elementor-column elementor-col-50 elementor-top-column elementor-element elementor-element-99f0a05\" data-id=\"99f0a05\" data-element_type=\"column\" data-e-type=\"column\">\n\t\t\t<div class=\"elementor-widget-wrap elementor-element-populated\">\n\t\t\t\t\t\t<div class=\"elementor-element elementor-element-cd9902b elementor-widget elementor-widget-google_maps\" data-id=\"cd9902b\" data-element_type=\"widget\" data-e-type=\"widget\" data-widget_type=\"google_maps.default\">\n\t\t\t\t<div class=\"elementor-widget-container\">\n\t\t\t\t\t\t\t<div class=\"elementor-custom-embed\">\n\t\t\t<iframe loading=\"lazy\"\n\t\t\t\t\tsrc=\"https:\/\/maps.google.com\/maps?q=Evi%20pools&#038;t=m&#038;z=6&#038;output=embed&#038;iwloc=near\"\n\t\t\t\t\ttitle=\"Evi pools\"\n\t\t\t\t\taria-label=\"Evi pools\"\n\t\t\t><\/iframe>\n\t\t<\/div>\n\t\t\t\t\t\t<\/div>\n\t\t\t\t<\/div>\n\t\t\t\t\t<\/div>\n\t\t<\/div>\n\t\t\t\t\t<\/div>\n\t\t<\/section>\n\t\t\t\t<\/div>\n\t\t","protected":false},"excerpt":{"rendered":"<p>CONTACTEZ-NOUS AVEC LES PISCINES EVI CONTACTEZ-NOUS AVEC PISCINES EVi CONTACTEZ-NOUS AVEC PISCINES EVi Commencer le processus de CONSTRUIRE LA PISCINE DE VOS R\u00caVES Si vous avez des questions concernant une nouvelle piscine ou une piscine existante, n&rsquo;h\u00e9sitez pas \u00e0 nous contacter. N&rsquo;h\u00e9sitez pas \u00e0 remplir le formulaire ci-dessous et nous vous r\u00e9pondrons dans les plus [&hellip;]<\/p>\n","protected":false},"author":1,"featured_media":0,"parent":0,"menu_order":0,"comment_status":"closed","ping_status":"closed","template":"elementor_header_footer","meta":{"footnotes":""},"class_list":["post-503881","page","type-page","status-publish","hentry"],"yoast_head":"<!-- This site is optimized with the Yoast SEO plugin v27.4 - https:\/\/yoast.com\/product\/yoast-seo-wordpress\/ -->\n<title>Prendre contact - Evi Pools<\/title>\n<meta name=\"robots\" content=\"index, follow, max-snippet:-1, max-image-preview:large, max-video-preview:-1\" \/>\n<link rel=\"canonical\" href=\"https:\/\/evi.co.uk\/fr\/prendre-contact\/\" \/>\n<meta property=\"og:locale\" content=\"fr_FR\" \/>\n<meta property=\"og:type\" content=\"article\" \/>\n<meta property=\"og:title\" content=\"Prendre contact - Evi Pools\" \/>\n<meta property=\"og:description\" content=\"CONTACTEZ-NOUS AVEC LES PISCINES EVI CONTACTEZ-NOUS AVEC PISCINES EVi CONTACTEZ-NOUS AVEC PISCINES EVi Commencer le processus de CONSTRUIRE LA PISCINE DE VOS R\u00caVES Si vous avez des questions concernant une nouvelle piscine ou une piscine existante, n&rsquo;h\u00e9sitez pas \u00e0 nous contacter. N&rsquo;h\u00e9sitez pas \u00e0 remplir le formulaire ci-dessous et nous vous r\u00e9pondrons dans les plus [&hellip;]\" \/>\n<meta property=\"og:url\" content=\"https:\/\/evi.co.uk\/fr\/prendre-contact\/\" \/>\n<meta property=\"og:site_name\" content=\"Evi Pools\" \/>\n<meta property=\"article:modified_time\" content=\"2025-03-12T09:51:12+00:00\" \/>\n<meta name=\"twitter:card\" content=\"summary_large_image\" \/>\n<script type=\"application\/ld+json\" class=\"yoast-schema-graph\">{\"@context\":\"https:\\\/\\\/schema.org\",\"@graph\":[{\"@type\":\"WebPage\",\"@id\":\"https:\\\/\\\/evi.co.uk\\\/fr\\\/prendre-contact\\\/\",\"url\":\"https:\\\/\\\/evi.co.uk\\\/fr\\\/prendre-contact\\\/\",\"name\":\"Prendre contact - Evi Pools\",\"isPartOf\":{\"@id\":\"https:\\\/\\\/evi.co.uk\\\/fr\\\/#website\"},\"datePublished\":\"2022-10-06T13:57:27+00:00\",\"dateModified\":\"2025-03-12T09:51:12+00:00\",\"breadcrumb\":{\"@id\":\"https:\\\/\\\/evi.co.uk\\\/fr\\\/prendre-contact\\\/#breadcrumb\"},\"inLanguage\":\"fr-FR\",\"potentialAction\":[{\"@type\":\"ReadAction\",\"target\":[\"https:\\\/\\\/evi.co.uk\\\/fr\\\/prendre-contact\\\/\"]}]},{\"@type\":\"BreadcrumbList\",\"@id\":\"https:\\\/\\\/evi.co.uk\\\/fr\\\/prendre-contact\\\/#breadcrumb\",\"itemListElement\":[{\"@type\":\"ListItem\",\"position\":1,\"name\":\"Home\",\"item\":\"https:\\\/\\\/evi.co.uk\\\/fr\\\/\"},{\"@type\":\"ListItem\",\"position\":2,\"name\":\"Prendre contact\"}]},{\"@type\":\"WebSite\",\"@id\":\"https:\\\/\\\/evi.co.uk\\\/fr\\\/#website\",\"url\":\"https:\\\/\\\/evi.co.uk\\\/fr\\\/\",\"name\":\"Evi Pools\",\"description\":\"\",\"publisher\":{\"@id\":\"https:\\\/\\\/evi.co.uk\\\/fr\\\/#organization\"},\"potentialAction\":[{\"@type\":\"SearchAction\",\"target\":{\"@type\":\"EntryPoint\",\"urlTemplate\":\"https:\\\/\\\/evi.co.uk\\\/fr\\\/?s={search_term_string}\"},\"query-input\":{\"@type\":\"PropertyValueSpecification\",\"valueRequired\":true,\"valueName\":\"search_term_string\"}}],\"inLanguage\":\"fr-FR\"},{\"@type\":\"Organization\",\"@id\":\"https:\\\/\\\/evi.co.uk\\\/fr\\\/#organization\",\"name\":\"Evi Pools\",\"url\":\"https:\\\/\\\/evi.co.uk\\\/fr\\\/\",\"logo\":{\"@type\":\"ImageObject\",\"inLanguage\":\"fr-FR\",\"@id\":\"https:\\\/\\\/evi.co.uk\\\/fr\\\/#\\\/schema\\\/logo\\\/image\\\/\",\"url\":\"https:\\\/\\\/evi.co.uk\\\/wp-content\\\/uploads\\\/2022\\\/09\\\/EVi-Pools-Final-Logo-London-England-V6_navy.svg\",\"contentUrl\":\"https:\\\/\\\/evi.co.uk\\\/wp-content\\\/uploads\\\/2022\\\/09\\\/EVi-Pools-Final-Logo-London-England-V6_navy.svg\",\"caption\":\"Evi Pools\"},\"image\":{\"@id\":\"https:\\\/\\\/evi.co.uk\\\/fr\\\/#\\\/schema\\\/logo\\\/image\\\/\"}}]}<\/script>\n<!-- \/ Yoast SEO plugin. -->","yoast_head_json":{"title":"Prendre contact - Evi Pools","robots":{"index":"index","follow":"follow","max-snippet":"max-snippet:-1","max-image-preview":"max-image-preview:large","max-video-preview":"max-video-preview:-1"},"canonical":"https:\/\/evi.co.uk\/fr\/prendre-contact\/","og_locale":"fr_FR","og_type":"article","og_title":"Prendre contact - Evi Pools","og_description":"CONTACTEZ-NOUS AVEC LES PISCINES EVI CONTACTEZ-NOUS AVEC PISCINES EVi CONTACTEZ-NOUS AVEC PISCINES EVi Commencer le processus de CONSTRUIRE LA PISCINE DE VOS R\u00caVES Si vous avez des questions concernant une nouvelle piscine ou une piscine existante, n&rsquo;h\u00e9sitez pas \u00e0 nous contacter. N&rsquo;h\u00e9sitez pas \u00e0 remplir le formulaire ci-dessous et nous vous r\u00e9pondrons dans les plus [&hellip;]","og_url":"https:\/\/evi.co.uk\/fr\/prendre-contact\/","og_site_name":"Evi Pools","article_modified_time":"2025-03-12T09:51:12+00:00","twitter_card":"summary_large_image","schema":{"@context":"https:\/\/schema.org","@graph":[{"@type":"WebPage","@id":"https:\/\/evi.co.uk\/fr\/prendre-contact\/","url":"https:\/\/evi.co.uk\/fr\/prendre-contact\/","name":"Prendre contact - Evi Pools","isPartOf":{"@id":"https:\/\/evi.co.uk\/fr\/#website"},"datePublished":"2022-10-06T13:57:27+00:00","dateModified":"2025-03-12T09:51:12+00:00","breadcrumb":{"@id":"https:\/\/evi.co.uk\/fr\/prendre-contact\/#breadcrumb"},"inLanguage":"fr-FR","potentialAction":[{"@type":"ReadAction","target":["https:\/\/evi.co.uk\/fr\/prendre-contact\/"]}]},{"@type":"BreadcrumbList","@id":"https:\/\/evi.co.uk\/fr\/prendre-contact\/#breadcrumb","itemListElement":[{"@type":"ListItem","position":1,"name":"Home","item":"https:\/\/evi.co.uk\/fr\/"},{"@type":"ListItem","position":2,"name":"Prendre contact"}]},{"@type":"WebSite","@id":"https:\/\/evi.co.uk\/fr\/#website","url":"https:\/\/evi.co.uk\/fr\/","name":"Evi Pools","description":"","publisher":{"@id":"https:\/\/evi.co.uk\/fr\/#organization"},"potentialAction":[{"@type":"SearchAction","target":{"@type":"EntryPoint","urlTemplate":"https:\/\/evi.co.uk\/fr\/?s={search_term_string}"},"query-input":{"@type":"PropertyValueSpecification","valueRequired":true,"valueName":"search_term_string"}}],"inLanguage":"fr-FR"},{"@type":"Organization","@id":"https:\/\/evi.co.uk\/fr\/#organization","name":"Evi Pools","url":"https:\/\/evi.co.uk\/fr\/","logo":{"@type":"ImageObject","inLanguage":"fr-FR","@id":"https:\/\/evi.co.uk\/fr\/#\/schema\/logo\/image\/","url":"https:\/\/evi.co.uk\/wp-content\/uploads\/2022\/09\/EVi-Pools-Final-Logo-London-England-V6_navy.svg","contentUrl":"https:\/\/evi.co.uk\/wp-content\/uploads\/2022\/09\/EVi-Pools-Final-Logo-London-England-V6_navy.svg","caption":"Evi Pools"},"image":{"@id":"https:\/\/evi.co.uk\/fr\/#\/schema\/logo\/image\/"}}]}},"_links":{"self":[{"href":"https:\/\/evi.co.uk\/fr\/wp-json\/wp\/v2\/pages\/503881","targetHints":{"allow":["GET"]}}],"collection":[{"href":"https:\/\/evi.co.uk\/fr\/wp-json\/wp\/v2\/pages"}],"about":[{"href":"https:\/\/evi.co.uk\/fr\/wp-json\/wp\/v2\/types\/page"}],"author":[{"embeddable":true,"href":"https:\/\/evi.co.uk\/fr\/wp-json\/wp\/v2\/users\/1"}],"replies":[{"embeddable":true,"href":"https:\/\/evi.co.uk\/fr\/wp-json\/wp\/v2\/comments?post=503881"}],"version-history":[{"count":3,"href":"https:\/\/evi.co.uk\/fr\/wp-json\/wp\/v2\/pages\/503881\/revisions"}],"predecessor-version":[{"id":505047,"href":"https:\/\/evi.co.uk\/fr\/wp-json\/wp\/v2\/pages\/503881\/revisions\/505047"}],"wp:attachment":[{"href":"https:\/\/evi.co.uk\/fr\/wp-json\/wp\/v2\/media?parent=503881"}],"curies":[{"name":"wp","href":"https:\/\/api.w.org\/{rel}","templated":true}]}}