{"id":503967,"date":"2023-03-23T16:50:04","date_gmt":"2023-03-23T16:50:04","guid":{"rendered":"https:\/\/evi.co.uk\/actualites-evi\/"},"modified":"2023-11-09T22:14:07","modified_gmt":"2023-11-09T22:14:07","slug":"actualites-evi","status":"publish","type":"page","link":"https:\/\/evi.co.uk\/fr\/actualites-evi\/","title":{"rendered":"Actualit\u00e9s EVi"},"content":{"rendered":"\t\t<div data-elementor-type=\"wp-page\" data-elementor-id=\"503967\" class=\"elementor elementor-503967 elementor-501687\" data-elementor-post-type=\"page\">\n\t\t\t\t\t\t<section class=\"elementor-section elementor-top-section elementor-element elementor-element-6a93a75 elementor-section-boxed elementor-section-height-default elementor-section-height-default\" data-id=\"6a93a75\" data-element_type=\"section\" data-e-type=\"section\">\n\t\t\t\t\t\t<div class=\"elementor-container elementor-column-gap-default\">\n\t\t\t\t\t<div class=\"elementor-column elementor-col-100 elementor-top-column elementor-element elementor-element-c42b27f\" data-id=\"c42b27f\" data-element_type=\"column\" data-e-type=\"column\">\n\t\t\t<div class=\"elementor-widget-wrap elementor-element-populated\">\n\t\t\t\t\t\t<div class=\"elementor-element elementor-element-8e1368d elementor-grid-2 elementor-grid-tablet-2 elementor-grid-mobile-1 elementor-posts--thumbnail-top elementor-posts--show-avatar elementor-card-shadow-yes elementor-posts__hover-gradient elementor-widget elementor-widget-posts\" data-id=\"8e1368d\" data-element_type=\"widget\" data-e-type=\"widget\" data-settings=\"{&quot;cards_columns&quot;:&quot;2&quot;,&quot;pagination_type&quot;:&quot;load_more_infinite_scroll&quot;,&quot;cards_columns_tablet&quot;:&quot;2&quot;,&quot;cards_columns_mobile&quot;:&quot;1&quot;,&quot;cards_row_gap&quot;:{&quot;unit&quot;:&quot;px&quot;,&quot;size&quot;:35,&quot;sizes&quot;:[]},&quot;cards_row_gap_tablet&quot;:{&quot;unit&quot;:&quot;px&quot;,&quot;size&quot;:&quot;&quot;,&quot;sizes&quot;:[]},&quot;cards_row_gap_mobile&quot;:{&quot;unit&quot;:&quot;px&quot;,&quot;size&quot;:&quot;&quot;,&quot;sizes&quot;:[]},&quot;load_more_spinner&quot;:{&quot;value&quot;:&quot;fas fa-spinner&quot;,&quot;library&quot;:&quot;fa-solid&quot;}}\" data-widget_type=\"posts.cards\">\n\t\t\t\t<div class=\"elementor-widget-container\">\n\t\t\t\t\t\t\t<div class=\"elementor-posts-container elementor-posts elementor-posts--skin-cards elementor-grid\" role=\"list\">\n\t\t\t\t<article class=\"elementor-post elementor-grid-item post-504554 post type-post status-publish format-standard has-post-thumbnail hentry category-article-fr\" role=\"listitem\">\n\t\t\t<div class=\"elementor-post__card\">\n\t\t\t\t<a class=\"elementor-post__thumbnail__link\" href=\"https:\/\/evi.co.uk\/fr\/plongez-dans-la-serenite-pourquoi-les-piscines-en-fibre-de-verre-maintiennent-les-niveaux-de-chlore-bas-et-les-bacteries-a-distance\/\" tabindex=\"-1\" ><div class=\"elementor-post__thumbnail\"><img fetchpriority=\"high\" decoding=\"async\" width=\"300\" height=\"169\" src=\"https:\/\/evi.co.uk\/wp-content\/uploads\/2023\/01\/EVi-Pools-Swimming-Pool-Birds-Eye-View-300x169.jpg\" class=\"attachment-medium size-medium wp-image-503186\" alt=\"\" srcset=\"https:\/\/evi.co.uk\/wp-content\/uploads\/2023\/01\/EVi-Pools-Swimming-Pool-Birds-Eye-View-300x169.jpg 300w, https:\/\/evi.co.uk\/wp-content\/uploads\/2023\/01\/EVi-Pools-Swimming-Pool-Birds-Eye-View-1024x575.jpg 1024w, https:\/\/evi.co.uk\/wp-content\/uploads\/2023\/01\/EVi-Pools-Swimming-Pool-Birds-Eye-View-768x432.jpg 768w, https:\/\/evi.co.uk\/wp-content\/uploads\/2023\/01\/EVi-Pools-Swimming-Pool-Birds-Eye-View-1536x863.jpg 1536w, https:\/\/evi.co.uk\/wp-content\/uploads\/2023\/01\/EVi-Pools-Swimming-Pool-Birds-Eye-View-600x337.jpg 600w, https:\/\/evi.co.uk\/wp-content\/uploads\/2023\/01\/EVi-Pools-Swimming-Pool-Birds-Eye-View.jpg 2000w\" sizes=\"(max-width: 300px) 100vw, 300px\" \/><\/div><\/a>\n\t\t\t\t<div class=\"elementor-post__badge\">article<\/div>\n\t\t\t\t<div class=\"elementor-post__avatar\">\n\t\t\t<img alt='admin' src='https:\/\/secure.gravatar.com\/avatar\/4e7188a4dd0d6b97020f8f40c4e47d102892148b61f2872d12bcc5817515ff98?s=128&#038;d=mm&#038;r=g' srcset='https:\/\/secure.gravatar.com\/avatar\/4e7188a4dd0d6b97020f8f40c4e47d102892148b61f2872d12bcc5817515ff98?s=256&#038;d=mm&#038;r=g 2x' class='avatar avatar-128 photo' height='128' width='128' \/>\t\t<\/div>\n\t\t\t\t<div class=\"elementor-post__text\">\n\t\t\t\t<h3 class=\"elementor-post__title\">\n\t\t\t<a href=\"https:\/\/evi.co.uk\/fr\/plongez-dans-la-serenite-pourquoi-les-piscines-en-fibre-de-verre-maintiennent-les-niveaux-de-chlore-bas-et-les-bacteries-a-distance\/\" >\n\t\t\t\tPlongez dans la s\u00e9r\u00e9nit\u00e9 : Pourquoi les piscines en fibre de verre maintiennent les niveaux de chlore bas et les bact\u00e9ries \u00e0 distance ?\t\t\t<\/a>\n\t\t<\/h3>\n\t\t\t\t<div class=\"elementor-post__excerpt\">\n\t\t\t<p>Plongez dans la s\u00e9r\u00e9nit\u00e9 : Pourquoi les piscines en fibre de verre maintiennent les niveaux de chlore bas et les bact\u00e9ries \u00e0 distance ? L&rsquo;attrait<\/p>\n\t\t<\/div>\n\t\t\n\t\t<a class=\"elementor-post__read-more\" href=\"https:\/\/evi.co.uk\/fr\/plongez-dans-la-serenite-pourquoi-les-piscines-en-fibre-de-verre-maintiennent-les-niveaux-de-chlore-bas-et-les-bacteries-a-distance\/\" aria-label=\"En savoir plus sur Plongez dans la s\u00e9r\u00e9nit\u00e9 : Pourquoi les piscines en fibre de verre maintiennent les niveaux de chlore bas et les bact\u00e9ries \u00e0 distance ?\" tabindex=\"-1\" >\n\t\t\tLire la suite \"\t\t<\/a>\n\n\t\t\t\t<\/div>\n\t\t\t\t<div class=\"elementor-post__meta-data\">\n\t\t\t\t\t<span class=\"elementor-post-date\">\n\t\t\t19 d\u00e9cembre 2023\t\t<\/span>\n\t\t\t\t<\/div>\n\t\t\t\t\t<\/div>\n\t\t<\/article>\n\t\t\t\t<article class=\"elementor-post elementor-grid-item post-504209 post type-post status-publish format-standard hentry category-article-fr\" role=\"listitem\">\n\t\t\t<div class=\"elementor-post__card\">\n\t\t\t\t<div class=\"elementor-post__text\">\n\t\t\t\t<h3 class=\"elementor-post__title\">\n\t\t\t<a href=\"https:\/\/evi.co.uk\/fr\/les-meilleurs-chauffages-de-piscine-pour-les-piscines-evi-gaz-ou-propane-vs-pompes-a-chaleur\/\" >\n\t\t\t\tLes meilleurs chauffages de piscine pour les piscines EVi : Gaz ou propane vs. pompes \u00e0 chaleur.\t\t\t<\/a>\n\t\t<\/h3>\n\t\t\t\t<div class=\"elementor-post__excerpt\">\n\t\t\t<p>Les meilleurs chauffages de piscine pour les piscines EVi : Gaz ou propane vs. pompes \u00e0 chaleur.<\/p>\n\t\t<\/div>\n\t\t\n\t\t<a class=\"elementor-post__read-more\" href=\"https:\/\/evi.co.uk\/fr\/les-meilleurs-chauffages-de-piscine-pour-les-piscines-evi-gaz-ou-propane-vs-pompes-a-chaleur\/\" aria-label=\"En savoir plus sur Les meilleurs chauffages de piscine pour les piscines EVi : Gaz ou propane vs. pompes \u00e0 chaleur.\" tabindex=\"-1\" >\n\t\t\tLire la suite \"\t\t<\/a>\n\n\t\t\t\t<\/div>\n\t\t\t\t<div class=\"elementor-post__meta-data\">\n\t\t\t\t\t<span class=\"elementor-post-date\">\n\t\t\t20 avril 2023\t\t<\/span>\n\t\t\t\t<\/div>\n\t\t\t\t\t<\/div>\n\t\t<\/article>\n\t\t\t\t<article class=\"elementor-post elementor-grid-item post-504176 post type-post status-publish format-standard hentry category-article-fr\" role=\"listitem\">\n\t\t\t<div class=\"elementor-post__card\">\n\t\t\t\t<div class=\"elementor-post__text\">\n\t\t\t\t<h3 class=\"elementor-post__title\">\n\t\t\t<a href=\"https:\/\/evi.co.uk\/fr\/les-11-meilleurs-eclairages-de-piscine-pour-2021-et-2022-chez-evi-pools-illuminez-votre-piscine-avec-style\/\" >\n\t\t\t\t\u00ab\u00a0Les 11 meilleurs \u00e9clairages de piscine pour 2021 et 2022 chez EVi Pools. Illuminez votre piscine avec style !\u00a0\u00bb\t\t\t<\/a>\n\t\t<\/h3>\n\t\t\t\t<div class=\"elementor-post__excerpt\">\n\t\t\t<p>\u00ab\u00a0Les 11 meilleurs \u00e9clairages de piscine pour 2021 et 2022 chez EVi Pools. Illuminez votre piscine avec style !\u00a0\u00bb<\/p>\n\t\t<\/div>\n\t\t\n\t\t<a class=\"elementor-post__read-more\" href=\"https:\/\/evi.co.uk\/fr\/les-11-meilleurs-eclairages-de-piscine-pour-2021-et-2022-chez-evi-pools-illuminez-votre-piscine-avec-style\/\" aria-label=\"En savoir plus sur \u00ab\u00a0Les 11 meilleurs \u00e9clairages de piscine pour 2021 et 2022 chez EVi Pools. Illuminez votre piscine avec style !\u00a0\u00bb\" tabindex=\"-1\" >\n\t\t\tLire la suite \"\t\t<\/a>\n\n\t\t\t\t<\/div>\n\t\t\t\t<div class=\"elementor-post__meta-data\">\n\t\t\t\t\t<span class=\"elementor-post-date\">\n\t\t\t19 avril 2023\t\t<\/span>\n\t\t\t\t<\/div>\n\t\t\t\t\t<\/div>\n\t\t<\/article>\n\t\t\t\t<article class=\"elementor-post elementor-grid-item post-504174 post type-post status-publish format-standard hentry category-article-fr\" role=\"listitem\">\n\t\t\t<div class=\"elementor-post__card\">\n\t\t\t\t<div class=\"elementor-post__text\">\n\t\t\t\t<h3 class=\"elementor-post__title\">\n\t\t\t<a href=\"https:\/\/evi.co.uk\/fr\/une-comparaison-honnete-des-piscines-en-beton-et-en-fibre-de-verre-par-evi-pools-laquelle-vous-convient-le-mieux-comparaison-de-piscines-evipools\/\" >\n\t\t\t\t\u00ab\u00a0Une comparaison honn\u00eate des piscines en b\u00e9ton et en fibre de verre par EVi Pools : Laquelle vous convient le mieux ?\u00a0\u00bb #comparaison de piscines #EViPools\t\t\t<\/a>\n\t\t<\/h3>\n\t\t\t\t<div class=\"elementor-post__excerpt\">\n\t\t\t<p>\u00ab\u00a0Une comparaison honn\u00eate des piscines en b\u00e9ton et en fibre de verre par EVi Pools : Laquelle vous convient le mieux ?\u00a0\u00bb #comparaison de piscines #EViPools<\/p>\n\t\t<\/div>\n\t\t\n\t\t<a class=\"elementor-post__read-more\" href=\"https:\/\/evi.co.uk\/fr\/une-comparaison-honnete-des-piscines-en-beton-et-en-fibre-de-verre-par-evi-pools-laquelle-vous-convient-le-mieux-comparaison-de-piscines-evipools\/\" aria-label=\"En savoir plus sur \u00ab\u00a0Une comparaison honn\u00eate des piscines en b\u00e9ton et en fibre de verre par EVi Pools : Laquelle vous convient le mieux ?\u00a0\u00bb #comparaison de piscines #EViPools\" tabindex=\"-1\" >\n\t\t\tLire la suite \"\t\t<\/a>\n\n\t\t\t\t<\/div>\n\t\t\t\t<div class=\"elementor-post__meta-data\">\n\t\t\t\t\t<span class=\"elementor-post-date\">\n\t\t\t18 avril 2023\t\t<\/span>\n\t\t\t\t<\/div>\n\t\t\t\t\t<\/div>\n\t\t<\/article>\n\t\t\t\t<article class=\"elementor-post elementor-grid-item post-504196 post type-post status-publish format-standard hentry category-article-fr\" role=\"listitem\">\n\t\t\t<div class=\"elementor-post__card\">\n\t\t\t\t<div class=\"elementor-post__text\">\n\t\t\t\t<h3 class=\"elementor-post__title\">\n\t\t\t<a href=\"https:\/\/evi.co.uk\/fr\/quel-est-le-cout-dune-piscine-en-fibre-de-verre-de-evi-pools-poolpricing-fiberglasspool-evipools\/\" >\n\t\t\t\tQuel est le co\u00fbt d&rsquo;une piscine en fibre de verre de EVi Pools ? #poolpricing #fiberglasspool #EViPools\t\t\t<\/a>\n\t\t<\/h3>\n\t\t\t\t<div class=\"elementor-post__excerpt\">\n\t\t\t<p>Quel est le co\u00fbt d&rsquo;une piscine en fibre de verre de EVi Pools ? #poolpricing #fiberglasspool #EViPools<\/p>\n\t\t<\/div>\n\t\t\n\t\t<a class=\"elementor-post__read-more\" href=\"https:\/\/evi.co.uk\/fr\/quel-est-le-cout-dune-piscine-en-fibre-de-verre-de-evi-pools-poolpricing-fiberglasspool-evipools\/\" aria-label=\"En savoir plus sur Quel est le co\u00fbt d&rsquo;une piscine en fibre de verre de EVi Pools ? #poolpricing #fiberglasspool #EViPools\" tabindex=\"-1\" >\n\t\t\tLire la suite \"\t\t<\/a>\n\n\t\t\t\t<\/div>\n\t\t\t\t<div class=\"elementor-post__meta-data\">\n\t\t\t\t\t<span class=\"elementor-post-date\">\n\t\t\t17 avril 2023\t\t<\/span>\n\t\t\t\t<\/div>\n\t\t\t\t\t<\/div>\n\t\t<\/article>\n\t\t\t\t<article class=\"elementor-post elementor-grid-item post-504172 post type-post status-publish format-standard hentry category-article-fr\" role=\"listitem\">\n\t\t\t<div class=\"elementor-post__card\">\n\t\t\t\t<div class=\"elementor-post__text\">\n\t\t\t\t<h3 class=\"elementor-post__title\">\n\t\t\t<a href=\"https:\/\/evi.co.uk\/fr\/votre-guide-ultime-sur-les-dimensions-les-couts-et-les-prix-des-piscines-creusees-par-evi-pools-plongez-maintenant\/\" >\n\t\t\t\t\u00ab\u00a0Votre guide ultime sur les dimensions, les co\u00fbts et les prix des piscines creus\u00e9es par EVi Pools. Plongez maintenant !\u00a0\u00bb\t\t\t<\/a>\n\t\t<\/h3>\n\t\t\t\t<div class=\"elementor-post__excerpt\">\n\t\t\t<p>\u00ab\u00a0Votre guide ultime sur les dimensions, les co\u00fbts et les prix des piscines creus\u00e9es par EVi Pools. Plongez maintenant !\u00a0\u00bb<\/p>\n\t\t<\/div>\n\t\t\n\t\t<a class=\"elementor-post__read-more\" href=\"https:\/\/evi.co.uk\/fr\/votre-guide-ultime-sur-les-dimensions-les-couts-et-les-prix-des-piscines-creusees-par-evi-pools-plongez-maintenant\/\" aria-label=\"En savoir plus sur \u00ab\u00a0Votre guide ultime sur les dimensions, les co\u00fbts et les prix des piscines creus\u00e9es par EVi Pools. Plongez maintenant !\u00a0\u00bb\" tabindex=\"-1\" >\n\t\t\tLire la suite \"\t\t<\/a>\n\n\t\t\t\t<\/div>\n\t\t\t\t<div class=\"elementor-post__meta-data\">\n\t\t\t\t\t<span class=\"elementor-post-date\">\n\t\t\t16 avril 2023\t\t<\/span>\n\t\t\t\t<\/div>\n\t\t\t\t\t<\/div>\n\t\t<\/article>\n\t\t\t\t<\/div>\n\t\t\t\t\t<span class=\"e-load-more-spinner\">\n\t\t\t\t<i aria-hidden=\"true\" class=\"fas fa-spinner\"><\/i>\t\t\t<\/span>\n\t\t\n\t\t\t\t<div class=\"e-load-more-anchor\" data-page=\"1\" data-max-page=\"4\" data-next-page=\"https:\/\/evi.co.uk\/fr\/wp-json\/wp\/v2\/pages\/503967\/page\/2\/\"><\/div>\n\t\t\t\t<div class=\"e-load-more-message\"><\/div>\n\t\t\t\t\t\t<\/div>\n\t\t\t\t<\/div>\n\t\t\t\t\t<\/div>\n\t\t<\/div>\n\t\t\t\t\t<\/div>\n\t\t<\/section>\n\t\t\t\t<\/div>\n\t\t","protected":false},"excerpt":{"rendered":"","protected":false},"author":1,"featured_media":0,"parent":0,"menu_order":0,"comment_status":"closed","ping_status":"closed","template":"","meta":{"footnotes":""},"class_list":["post-503967","page","type-page","status-publish","hentry"],"yoast_head":"<!-- This site is optimized with the Yoast SEO plugin v27.5 - https:\/\/yoast.com\/product\/yoast-seo-wordpress\/ -->\n<title>Actualit\u00e9s EVi - Evi Pools<\/title>\n<meta name=\"description\" content=\"Derni\u00e8res nouvelles d&#039;EVi Swimming Pools UK, mises \u00e0 jour sur les piscines en fibre de verre, comment faire et guides.\" \/>\n<meta name=\"robots\" content=\"index, follow, max-snippet:-1, max-image-preview:large, max-video-preview:-1\" \/>\n<link rel=\"canonical\" href=\"https:\/\/evi.co.uk\/fr\/actualites-evi\/\" \/>\n<meta property=\"og:locale\" content=\"fr_FR\" \/>\n<meta property=\"og:type\" content=\"article\" \/>\n<meta property=\"og:title\" content=\"Actualit\u00e9s EVi - Evi Pools\" \/>\n<meta property=\"og:description\" content=\"Derni\u00e8res nouvelles d&#039;EVi Swimming Pools UK, mises \u00e0 jour sur les piscines en fibre de verre, comment faire et guides.\" \/>\n<meta property=\"og:url\" content=\"https:\/\/evi.co.uk\/fr\/actualites-evi\/\" \/>\n<meta property=\"og:site_name\" content=\"Evi Pools\" \/>\n<meta property=\"article:modified_time\" content=\"2023-11-09T22:14:07+00:00\" \/>\n<meta name=\"twitter:card\" content=\"summary_large_image\" \/>\n<script type=\"application\/ld+json\" class=\"yoast-schema-graph\">{\"@context\":\"https:\\\/\\\/schema.org\",\"@graph\":[{\"@type\":\"WebPage\",\"@id\":\"https:\\\/\\\/evi.co.uk\\\/fr\\\/actualites-evi\\\/\",\"url\":\"https:\\\/\\\/evi.co.uk\\\/fr\\\/actualites-evi\\\/\",\"name\":\"Actualit\u00e9s EVi - Evi Pools\",\"isPartOf\":{\"@id\":\"https:\\\/\\\/evi.co.uk\\\/fr\\\/#website\"},\"datePublished\":\"2023-03-23T16:50:04+00:00\",\"dateModified\":\"2023-11-09T22:14:07+00:00\",\"description\":\"Derni\u00e8res nouvelles d'EVi Swimming Pools UK, mises \u00e0 jour sur les piscines en fibre de verre, comment faire et guides.\",\"breadcrumb\":{\"@id\":\"https:\\\/\\\/evi.co.uk\\\/fr\\\/actualites-evi\\\/#breadcrumb\"},\"inLanguage\":\"fr-FR\",\"potentialAction\":[{\"@type\":\"ReadAction\",\"target\":[\"https:\\\/\\\/evi.co.uk\\\/fr\\\/actualites-evi\\\/\"]}]},{\"@type\":\"BreadcrumbList\",\"@id\":\"https:\\\/\\\/evi.co.uk\\\/fr\\\/actualites-evi\\\/#breadcrumb\",\"itemListElement\":[{\"@type\":\"ListItem\",\"position\":1,\"name\":\"Home\",\"item\":\"https:\\\/\\\/evi.co.uk\\\/fr\\\/\"},{\"@type\":\"ListItem\",\"position\":2,\"name\":\"Actualit\u00e9s EVi\"}]},{\"@type\":\"WebSite\",\"@id\":\"https:\\\/\\\/evi.co.uk\\\/fr\\\/#website\",\"url\":\"https:\\\/\\\/evi.co.uk\\\/fr\\\/\",\"name\":\"Evi Pools\",\"description\":\"\",\"publisher\":{\"@id\":\"https:\\\/\\\/evi.co.uk\\\/fr\\\/#organization\"},\"potentialAction\":[{\"@type\":\"SearchAction\",\"target\":{\"@type\":\"EntryPoint\",\"urlTemplate\":\"https:\\\/\\\/evi.co.uk\\\/fr\\\/?s={search_term_string}\"},\"query-input\":{\"@type\":\"PropertyValueSpecification\",\"valueRequired\":true,\"valueName\":\"search_term_string\"}}],\"inLanguage\":\"fr-FR\"},{\"@type\":\"Organization\",\"@id\":\"https:\\\/\\\/evi.co.uk\\\/fr\\\/#organization\",\"name\":\"Evi Pools\",\"url\":\"https:\\\/\\\/evi.co.uk\\\/fr\\\/\",\"logo\":{\"@type\":\"ImageObject\",\"inLanguage\":\"fr-FR\",\"@id\":\"https:\\\/\\\/evi.co.uk\\\/fr\\\/#\\\/schema\\\/logo\\\/image\\\/\",\"url\":\"https:\\\/\\\/evi.co.uk\\\/wp-content\\\/uploads\\\/2022\\\/09\\\/EVi-Pools-Final-Logo-London-England-V6_navy.svg\",\"contentUrl\":\"https:\\\/\\\/evi.co.uk\\\/wp-content\\\/uploads\\\/2022\\\/09\\\/EVi-Pools-Final-Logo-London-England-V6_navy.svg\",\"caption\":\"Evi Pools\"},\"image\":{\"@id\":\"https:\\\/\\\/evi.co.uk\\\/fr\\\/#\\\/schema\\\/logo\\\/image\\\/\"}}]}<\/script>\n<!-- \/ Yoast SEO plugin. -->","yoast_head_json":{"title":"Actualit\u00e9s EVi - Evi Pools","description":"Derni\u00e8res nouvelles d'EVi Swimming Pools UK, mises \u00e0 jour sur les piscines en fibre de verre, comment faire et guides.","robots":{"index":"index","follow":"follow","max-snippet":"max-snippet:-1","max-image-preview":"max-image-preview:large","max-video-preview":"max-video-preview:-1"},"canonical":"https:\/\/evi.co.uk\/fr\/actualites-evi\/","og_locale":"fr_FR","og_type":"article","og_title":"Actualit\u00e9s EVi - Evi Pools","og_description":"Derni\u00e8res nouvelles d'EVi Swimming Pools UK, mises \u00e0 jour sur les piscines en fibre de verre, comment faire et guides.","og_url":"https:\/\/evi.co.uk\/fr\/actualites-evi\/","og_site_name":"Evi Pools","article_modified_time":"2023-11-09T22:14:07+00:00","twitter_card":"summary_large_image","schema":{"@context":"https:\/\/schema.org","@graph":[{"@type":"WebPage","@id":"https:\/\/evi.co.uk\/fr\/actualites-evi\/","url":"https:\/\/evi.co.uk\/fr\/actualites-evi\/","name":"Actualit\u00e9s EVi - Evi Pools","isPartOf":{"@id":"https:\/\/evi.co.uk\/fr\/#website"},"datePublished":"2023-03-23T16:50:04+00:00","dateModified":"2023-11-09T22:14:07+00:00","description":"Derni\u00e8res nouvelles d'EVi Swimming Pools UK, mises \u00e0 jour sur les piscines en fibre de verre, comment faire et guides.","breadcrumb":{"@id":"https:\/\/evi.co.uk\/fr\/actualites-evi\/#breadcrumb"},"inLanguage":"fr-FR","potentialAction":[{"@type":"ReadAction","target":["https:\/\/evi.co.uk\/fr\/actualites-evi\/"]}]},{"@type":"BreadcrumbList","@id":"https:\/\/evi.co.uk\/fr\/actualites-evi\/#breadcrumb","itemListElement":[{"@type":"ListItem","position":1,"name":"Home","item":"https:\/\/evi.co.uk\/fr\/"},{"@type":"ListItem","position":2,"name":"Actualit\u00e9s EVi"}]},{"@type":"WebSite","@id":"https:\/\/evi.co.uk\/fr\/#website","url":"https:\/\/evi.co.uk\/fr\/","name":"Evi Pools","description":"","publisher":{"@id":"https:\/\/evi.co.uk\/fr\/#organization"},"potentialAction":[{"@type":"SearchAction","target":{"@type":"EntryPoint","urlTemplate":"https:\/\/evi.co.uk\/fr\/?s={search_term_string}"},"query-input":{"@type":"PropertyValueSpecification","valueRequired":true,"valueName":"search_term_string"}}],"inLanguage":"fr-FR"},{"@type":"Organization","@id":"https:\/\/evi.co.uk\/fr\/#organization","name":"Evi Pools","url":"https:\/\/evi.co.uk\/fr\/","logo":{"@type":"ImageObject","inLanguage":"fr-FR","@id":"https:\/\/evi.co.uk\/fr\/#\/schema\/logo\/image\/","url":"https:\/\/evi.co.uk\/wp-content\/uploads\/2022\/09\/EVi-Pools-Final-Logo-London-England-V6_navy.svg","contentUrl":"https:\/\/evi.co.uk\/wp-content\/uploads\/2022\/09\/EVi-Pools-Final-Logo-London-England-V6_navy.svg","caption":"Evi Pools"},"image":{"@id":"https:\/\/evi.co.uk\/fr\/#\/schema\/logo\/image\/"}}]}},"_links":{"self":[{"href":"https:\/\/evi.co.uk\/fr\/wp-json\/wp\/v2\/pages\/503967","targetHints":{"allow":["GET"]}}],"collection":[{"href":"https:\/\/evi.co.uk\/fr\/wp-json\/wp\/v2\/pages"}],"about":[{"href":"https:\/\/evi.co.uk\/fr\/wp-json\/wp\/v2\/types\/page"}],"author":[{"embeddable":true,"href":"https:\/\/evi.co.uk\/fr\/wp-json\/wp\/v2\/users\/1"}],"replies":[{"embeddable":true,"href":"https:\/\/evi.co.uk\/fr\/wp-json\/wp\/v2\/comments?post=503967"}],"version-history":[{"count":1,"href":"https:\/\/evi.co.uk\/fr\/wp-json\/wp\/v2\/pages\/503967\/revisions"}],"predecessor-version":[{"id":503969,"href":"https:\/\/evi.co.uk\/fr\/wp-json\/wp\/v2\/pages\/503967\/revisions\/503969"}],"wp:attachment":[{"href":"https:\/\/evi.co.uk\/fr\/wp-json\/wp\/v2\/media?parent=503967"}],"curies":[{"name":"wp","href":"https:\/\/api.w.org\/{rel}","templated":true}]}}