{"id":504437,"date":"2022-10-03T20:59:02","date_gmt":"2022-10-03T20:59:02","guid":{"rendered":"https:\/\/evi.co.uk\/product\/pack-famille\/"},"modified":"2023-11-09T22:29:00","modified_gmt":"2023-11-09T22:29:00","slug":"pack-famille","status":"publish","type":"product","link":"https:\/\/evi.co.uk\/fr\/produit\/pack-famille\/","title":{"rendered":"Pack famille"},"content":{"rendered":"<p>Le Pack Famille vous apporte la tranquillit\u00e9 d&rsquo;esprit indispensable pour assurer la s\u00e9curit\u00e9 de votre famille et de vos animaux de compagnie autour de votre piscine.<br \/>\nLe volet roulant gris \u00e0 lamelles sert de barri\u00e8re de s\u00e9curit\u00e9 au cas o\u00f9 un enfant ou un animal de compagnie sortirait de la piscine.<br \/>\nIl rend \u00e9galement votre piscine plus \u00e9conomique en r\u00e9duisant de mani\u00e8re significative les pertes de chaleur potentielles \u00e0 travers la surface de l&rsquo;eau.<\/p>\n","protected":false},"excerpt":{"rendered":"<p>Le Pack Famille vous apporte la tranquillit\u00e9 d&rsquo;esprit indispensable pour assurer la s\u00e9curit\u00e9 de votre famille et de vos animaux de compagnie autour de votre piscine. Le volet roulant gris \u00e0 lamelles sert de barri\u00e8re de s\u00e9curit\u00e9 au cas o\u00f9 un enfant ou un animal de compagnie sortirait de la piscine. Il rend \u00e9galement votre [&hellip;]<\/p>\n","protected":false},"featured_media":502586,"template":"","meta":[],"product_brand":[],"product_cat":[100079],"product_tag":[],"class_list":{"0":"post-504437","1":"product","2":"type-product","3":"status-publish","4":"has-post-thumbnail","6":"product_cat-options-fr","8":"first","9":"instock","10":"taxable","11":"shipping-taxable","12":"purchasable","13":"product-type-simple"},"yoast_head":"<!-- This site is optimized with the Yoast SEO plugin v27.4 - https:\/\/yoast.com\/product\/yoast-seo-wordpress\/ -->\n<title>Pack famille - Evi Pools<\/title>\n<meta name=\"robots\" content=\"index, follow, max-snippet:-1, max-image-preview:large, max-video-preview:-1\" \/>\n<link rel=\"canonical\" href=\"https:\/\/evi.co.uk\/fr\/produit\/pack-famille\/\" \/>\n<meta property=\"og:locale\" content=\"fr_FR\" \/>\n<meta property=\"og:type\" content=\"article\" \/>\n<meta property=\"og:title\" content=\"Pack famille - Evi Pools\" \/>\n<meta property=\"og:description\" content=\"Le Pack Famille vous apporte la tranquillit\u00e9 d&rsquo;esprit indispensable pour assurer la s\u00e9curit\u00e9 de votre famille et de vos animaux de compagnie autour de votre piscine. Le volet roulant gris \u00e0 lamelles sert de barri\u00e8re de s\u00e9curit\u00e9 au cas o\u00f9 un enfant ou un animal de compagnie sortirait de la piscine. Il rend \u00e9galement votre [&hellip;]\" \/>\n<meta property=\"og:url\" content=\"https:\/\/evi.co.uk\/fr\/produit\/pack-famille\/\" \/>\n<meta property=\"og:site_name\" content=\"Evi Pools\" \/>\n<meta property=\"article:modified_time\" content=\"2023-11-09T22:29:00+00:00\" \/>\n<meta property=\"og:image\" content=\"https:\/\/evi.co.uk\/wp-content\/uploads\/2022\/09\/Evi-Swimming-Pools-Family-Safety-Cover.jpg\" \/>\n\t<meta property=\"og:image:width\" content=\"600\" \/>\n\t<meta property=\"og:image:height\" content=\"600\" \/>\n\t<meta property=\"og:image:type\" content=\"image\/jpeg\" \/>\n<meta name=\"twitter:card\" content=\"summary_large_image\" \/>\n<script type=\"application\/ld+json\" class=\"yoast-schema-graph\">{\"@context\":\"https:\\\/\\\/schema.org\",\"@graph\":[{\"@type\":\"WebPage\",\"@id\":\"https:\\\/\\\/evi.co.uk\\\/fr\\\/produit\\\/pack-famille\\\/\",\"url\":\"https:\\\/\\\/evi.co.uk\\\/fr\\\/produit\\\/pack-famille\\\/\",\"name\":\"Pack famille - Evi Pools\",\"isPartOf\":{\"@id\":\"https:\\\/\\\/evi.co.uk\\\/fr\\\/#website\"},\"primaryImageOfPage\":{\"@id\":\"https:\\\/\\\/evi.co.uk\\\/fr\\\/produit\\\/pack-famille\\\/#primaryimage\"},\"image\":{\"@id\":\"https:\\\/\\\/evi.co.uk\\\/fr\\\/produit\\\/pack-famille\\\/#primaryimage\"},\"thumbnailUrl\":\"https:\\\/\\\/evi.co.uk\\\/wp-content\\\/uploads\\\/2022\\\/09\\\/Evi-Swimming-Pools-Family-Safety-Cover.jpg\",\"datePublished\":\"2022-10-03T20:59:02+00:00\",\"dateModified\":\"2023-11-09T22:29:00+00:00\",\"breadcrumb\":{\"@id\":\"https:\\\/\\\/evi.co.uk\\\/fr\\\/produit\\\/pack-famille\\\/#breadcrumb\"},\"inLanguage\":\"fr-FR\",\"potentialAction\":[{\"@type\":\"ReadAction\",\"target\":[\"https:\\\/\\\/evi.co.uk\\\/fr\\\/produit\\\/pack-famille\\\/\"]}]},{\"@type\":\"ImageObject\",\"inLanguage\":\"fr-FR\",\"@id\":\"https:\\\/\\\/evi.co.uk\\\/fr\\\/produit\\\/pack-famille\\\/#primaryimage\",\"url\":\"https:\\\/\\\/evi.co.uk\\\/wp-content\\\/uploads\\\/2022\\\/09\\\/Evi-Swimming-Pools-Family-Safety-Cover.jpg\",\"contentUrl\":\"https:\\\/\\\/evi.co.uk\\\/wp-content\\\/uploads\\\/2022\\\/09\\\/Evi-Swimming-Pools-Family-Safety-Cover.jpg\",\"width\":600,\"height\":600},{\"@type\":\"BreadcrumbList\",\"@id\":\"https:\\\/\\\/evi.co.uk\\\/fr\\\/produit\\\/pack-famille\\\/#breadcrumb\",\"itemListElement\":[{\"@type\":\"ListItem\",\"position\":1,\"name\":\"Home\",\"item\":\"https:\\\/\\\/evi.co.uk\\\/fr\\\/\"},{\"@type\":\"ListItem\",\"position\":2,\"name\":\"Boutique\",\"item\":\"https:\\\/\\\/evi.co.uk\\\/boutique\\\/\"},{\"@type\":\"ListItem\",\"position\":3,\"name\":\"Pack famille\"}]},{\"@type\":\"WebSite\",\"@id\":\"https:\\\/\\\/evi.co.uk\\\/fr\\\/#website\",\"url\":\"https:\\\/\\\/evi.co.uk\\\/fr\\\/\",\"name\":\"Evi Pools\",\"description\":\"\",\"publisher\":{\"@id\":\"https:\\\/\\\/evi.co.uk\\\/fr\\\/#organization\"},\"potentialAction\":[{\"@type\":\"SearchAction\",\"target\":{\"@type\":\"EntryPoint\",\"urlTemplate\":\"https:\\\/\\\/evi.co.uk\\\/fr\\\/?s={search_term_string}\"},\"query-input\":{\"@type\":\"PropertyValueSpecification\",\"valueRequired\":true,\"valueName\":\"search_term_string\"}}],\"inLanguage\":\"fr-FR\"},{\"@type\":\"Organization\",\"@id\":\"https:\\\/\\\/evi.co.uk\\\/fr\\\/#organization\",\"name\":\"Evi Pools\",\"url\":\"https:\\\/\\\/evi.co.uk\\\/fr\\\/\",\"logo\":{\"@type\":\"ImageObject\",\"inLanguage\":\"fr-FR\",\"@id\":\"https:\\\/\\\/evi.co.uk\\\/fr\\\/#\\\/schema\\\/logo\\\/image\\\/\",\"url\":\"https:\\\/\\\/evi.co.uk\\\/wp-content\\\/uploads\\\/2022\\\/09\\\/EVi-Pools-Final-Logo-London-England-V6_navy.svg\",\"contentUrl\":\"https:\\\/\\\/evi.co.uk\\\/wp-content\\\/uploads\\\/2022\\\/09\\\/EVi-Pools-Final-Logo-London-England-V6_navy.svg\",\"caption\":\"Evi Pools\"},\"image\":{\"@id\":\"https:\\\/\\\/evi.co.uk\\\/fr\\\/#\\\/schema\\\/logo\\\/image\\\/\"}}]}<\/script>\n<!-- \/ Yoast SEO plugin. -->","yoast_head_json":{"title":"Pack famille - Evi Pools","robots":{"index":"index","follow":"follow","max-snippet":"max-snippet:-1","max-image-preview":"max-image-preview:large","max-video-preview":"max-video-preview:-1"},"canonical":"https:\/\/evi.co.uk\/fr\/produit\/pack-famille\/","og_locale":"fr_FR","og_type":"article","og_title":"Pack famille - Evi Pools","og_description":"Le Pack Famille vous apporte la tranquillit\u00e9 d&rsquo;esprit indispensable pour assurer la s\u00e9curit\u00e9 de votre famille et de vos animaux de compagnie autour de votre piscine. Le volet roulant gris \u00e0 lamelles sert de barri\u00e8re de s\u00e9curit\u00e9 au cas o\u00f9 un enfant ou un animal de compagnie sortirait de la piscine. Il rend \u00e9galement votre [&hellip;]","og_url":"https:\/\/evi.co.uk\/fr\/produit\/pack-famille\/","og_site_name":"Evi Pools","article_modified_time":"2023-11-09T22:29:00+00:00","og_image":[{"width":600,"height":600,"url":"https:\/\/evi.co.uk\/wp-content\/uploads\/2022\/09\/Evi-Swimming-Pools-Family-Safety-Cover.jpg","type":"image\/jpeg"}],"twitter_card":"summary_large_image","schema":{"@context":"https:\/\/schema.org","@graph":[{"@type":"WebPage","@id":"https:\/\/evi.co.uk\/fr\/produit\/pack-famille\/","url":"https:\/\/evi.co.uk\/fr\/produit\/pack-famille\/","name":"Pack famille - Evi Pools","isPartOf":{"@id":"https:\/\/evi.co.uk\/fr\/#website"},"primaryImageOfPage":{"@id":"https:\/\/evi.co.uk\/fr\/produit\/pack-famille\/#primaryimage"},"image":{"@id":"https:\/\/evi.co.uk\/fr\/produit\/pack-famille\/#primaryimage"},"thumbnailUrl":"https:\/\/evi.co.uk\/wp-content\/uploads\/2022\/09\/Evi-Swimming-Pools-Family-Safety-Cover.jpg","datePublished":"2022-10-03T20:59:02+00:00","dateModified":"2023-11-09T22:29:00+00:00","breadcrumb":{"@id":"https:\/\/evi.co.uk\/fr\/produit\/pack-famille\/#breadcrumb"},"inLanguage":"fr-FR","potentialAction":[{"@type":"ReadAction","target":["https:\/\/evi.co.uk\/fr\/produit\/pack-famille\/"]}]},{"@type":"ImageObject","inLanguage":"fr-FR","@id":"https:\/\/evi.co.uk\/fr\/produit\/pack-famille\/#primaryimage","url":"https:\/\/evi.co.uk\/wp-content\/uploads\/2022\/09\/Evi-Swimming-Pools-Family-Safety-Cover.jpg","contentUrl":"https:\/\/evi.co.uk\/wp-content\/uploads\/2022\/09\/Evi-Swimming-Pools-Family-Safety-Cover.jpg","width":600,"height":600},{"@type":"BreadcrumbList","@id":"https:\/\/evi.co.uk\/fr\/produit\/pack-famille\/#breadcrumb","itemListElement":[{"@type":"ListItem","position":1,"name":"Home","item":"https:\/\/evi.co.uk\/fr\/"},{"@type":"ListItem","position":2,"name":"Boutique","item":"https:\/\/evi.co.uk\/boutique\/"},{"@type":"ListItem","position":3,"name":"Pack famille"}]},{"@type":"WebSite","@id":"https:\/\/evi.co.uk\/fr\/#website","url":"https:\/\/evi.co.uk\/fr\/","name":"Evi Pools","description":"","publisher":{"@id":"https:\/\/evi.co.uk\/fr\/#organization"},"potentialAction":[{"@type":"SearchAction","target":{"@type":"EntryPoint","urlTemplate":"https:\/\/evi.co.uk\/fr\/?s={search_term_string}"},"query-input":{"@type":"PropertyValueSpecification","valueRequired":true,"valueName":"search_term_string"}}],"inLanguage":"fr-FR"},{"@type":"Organization","@id":"https:\/\/evi.co.uk\/fr\/#organization","name":"Evi Pools","url":"https:\/\/evi.co.uk\/fr\/","logo":{"@type":"ImageObject","inLanguage":"fr-FR","@id":"https:\/\/evi.co.uk\/fr\/#\/schema\/logo\/image\/","url":"https:\/\/evi.co.uk\/wp-content\/uploads\/2022\/09\/EVi-Pools-Final-Logo-London-England-V6_navy.svg","contentUrl":"https:\/\/evi.co.uk\/wp-content\/uploads\/2022\/09\/EVi-Pools-Final-Logo-London-England-V6_navy.svg","caption":"Evi Pools"},"image":{"@id":"https:\/\/evi.co.uk\/fr\/#\/schema\/logo\/image\/"}}]}},"_links":{"self":[{"href":"https:\/\/evi.co.uk\/fr\/wp-json\/wp\/v2\/product\/504437","targetHints":{"allow":["GET"]}}],"collection":[{"href":"https:\/\/evi.co.uk\/fr\/wp-json\/wp\/v2\/product"}],"about":[{"href":"https:\/\/evi.co.uk\/fr\/wp-json\/wp\/v2\/types\/product"}],"wp:featuredmedia":[{"embeddable":true,"href":"https:\/\/evi.co.uk\/fr\/wp-json\/wp\/v2\/media\/502586"}],"wp:attachment":[{"href":"https:\/\/evi.co.uk\/fr\/wp-json\/wp\/v2\/media?parent=504437"}],"wp:term":[{"taxonomy":"product_brand","embeddable":true,"href":"https:\/\/evi.co.uk\/fr\/wp-json\/wp\/v2\/product_brand?post=504437"},{"taxonomy":"product_cat","embeddable":true,"href":"https:\/\/evi.co.uk\/fr\/wp-json\/wp\/v2\/product_cat?post=504437"},{"taxonomy":"product_tag","embeddable":true,"href":"https:\/\/evi.co.uk\/fr\/wp-json\/wp\/v2\/product_tag?post=504437"}],"curies":[{"name":"wp","href":"https:\/\/api.w.org\/{rel}","templated":true}]}}