{"id":504480,"date":"2022-10-03T21:00:56","date_gmt":"2022-10-03T21:00:56","guid":{"rendered":"https:\/\/evi.co.uk\/product\/pack-de-formation\/"},"modified":"2023-11-09T22:29:17","modified_gmt":"2023-11-09T22:29:17","slug":"pack-de-formation","status":"publish","type":"product","link":"https:\/\/evi.co.uk\/fr\/produit\/pack-de-formation\/","title":{"rendered":"Pack de formation"},"content":{"rendered":"<p>Le pack d&rsquo;entra\u00eenement est parfait pour les nageurs chevronn\u00e9s et pour tous ceux qui souhaitent commencer leur parcours de remise en forme.<br \/>\nLa turbine incluse produit un contre-courant parfait pour l&rsquo;entra\u00eenement dans n&rsquo;importe quelle taille de piscine, en r\u00e9duisant le temps de rotation dans l&rsquo;eau et en cr\u00e9ant une r\u00e9sistance naturelle qui peut \u00eatre r\u00e9gl\u00e9e \u00e0 un niveau qui vous convient.<br \/>\nLe pack comprend \u00e9galement un bo\u00eetier de commande \u00e9lectrique, une t\u00e9l\u00e9commande et des c\u00e2bles pour se connecter au Pool Pod.<\/p>\n","protected":false},"excerpt":{"rendered":"<p>Le pack d&rsquo;entra\u00eenement est parfait pour les nageurs chevronn\u00e9s et pour tous ceux qui souhaitent commencer leur parcours de remise en forme. La turbine incluse produit un contre-courant parfait pour l&rsquo;entra\u00eenement dans n&rsquo;importe quelle taille de piscine, en r\u00e9duisant le temps de rotation dans l&rsquo;eau et en cr\u00e9ant une r\u00e9sistance naturelle qui peut \u00eatre r\u00e9gl\u00e9e [&hellip;]<\/p>\n","protected":false},"featured_media":502581,"template":"","meta":[],"product_brand":[],"product_cat":[100079],"product_tag":[],"class_list":{"0":"post-504480","1":"product","2":"type-product","3":"status-publish","4":"has-post-thumbnail","6":"product_cat-options-fr","8":"first","9":"instock","10":"taxable","11":"shipping-taxable","12":"purchasable","13":"product-type-simple"},"yoast_head":"<!-- This site is optimized with the Yoast SEO plugin v27.4 - https:\/\/yoast.com\/product\/yoast-seo-wordpress\/ -->\n<title>Pack de formation - Evi Pools<\/title>\n<meta name=\"robots\" content=\"index, follow, max-snippet:-1, max-image-preview:large, max-video-preview:-1\" \/>\n<link rel=\"canonical\" href=\"https:\/\/evi.co.uk\/fr\/produit\/pack-de-formation\/\" \/>\n<meta property=\"og:locale\" content=\"fr_FR\" \/>\n<meta property=\"og:type\" content=\"article\" \/>\n<meta property=\"og:title\" content=\"Pack de formation - Evi Pools\" \/>\n<meta property=\"og:description\" content=\"Le pack d&rsquo;entra\u00eenement est parfait pour les nageurs chevronn\u00e9s et pour tous ceux qui souhaitent commencer leur parcours de remise en forme. La turbine incluse produit un contre-courant parfait pour l&rsquo;entra\u00eenement dans n&rsquo;importe quelle taille de piscine, en r\u00e9duisant le temps de rotation dans l&rsquo;eau et en cr\u00e9ant une r\u00e9sistance naturelle qui peut \u00eatre r\u00e9gl\u00e9e [&hellip;]\" \/>\n<meta property=\"og:url\" content=\"https:\/\/evi.co.uk\/fr\/produit\/pack-de-formation\/\" \/>\n<meta property=\"og:site_name\" content=\"Evi Pools\" \/>\n<meta property=\"article:modified_time\" content=\"2023-11-09T22:29:17+00:00\" \/>\n<meta property=\"og:image\" content=\"https:\/\/evi.co.uk\/wp-content\/uploads\/2022\/09\/Training-Pack-Turbine-New-Retrofit-white-pvc.jpg\" \/>\n\t<meta property=\"og:image:width\" content=\"600\" \/>\n\t<meta property=\"og:image:height\" content=\"600\" \/>\n\t<meta property=\"og:image:type\" content=\"image\/jpeg\" \/>\n<meta name=\"twitter:card\" content=\"summary_large_image\" \/>\n<script type=\"application\/ld+json\" class=\"yoast-schema-graph\">{\"@context\":\"https:\\\/\\\/schema.org\",\"@graph\":[{\"@type\":\"WebPage\",\"@id\":\"https:\\\/\\\/evi.co.uk\\\/fr\\\/produit\\\/pack-de-formation\\\/\",\"url\":\"https:\\\/\\\/evi.co.uk\\\/fr\\\/produit\\\/pack-de-formation\\\/\",\"name\":\"Pack de formation - Evi Pools\",\"isPartOf\":{\"@id\":\"https:\\\/\\\/evi.co.uk\\\/fr\\\/#website\"},\"primaryImageOfPage\":{\"@id\":\"https:\\\/\\\/evi.co.uk\\\/fr\\\/produit\\\/pack-de-formation\\\/#primaryimage\"},\"image\":{\"@id\":\"https:\\\/\\\/evi.co.uk\\\/fr\\\/produit\\\/pack-de-formation\\\/#primaryimage\"},\"thumbnailUrl\":\"https:\\\/\\\/evi.co.uk\\\/wp-content\\\/uploads\\\/2022\\\/09\\\/Training-Pack-Turbine-New-Retrofit-white-pvc.jpg\",\"datePublished\":\"2022-10-03T21:00:56+00:00\",\"dateModified\":\"2023-11-09T22:29:17+00:00\",\"breadcrumb\":{\"@id\":\"https:\\\/\\\/evi.co.uk\\\/fr\\\/produit\\\/pack-de-formation\\\/#breadcrumb\"},\"inLanguage\":\"fr-FR\",\"potentialAction\":[{\"@type\":\"ReadAction\",\"target\":[\"https:\\\/\\\/evi.co.uk\\\/fr\\\/produit\\\/pack-de-formation\\\/\"]}]},{\"@type\":\"ImageObject\",\"inLanguage\":\"fr-FR\",\"@id\":\"https:\\\/\\\/evi.co.uk\\\/fr\\\/produit\\\/pack-de-formation\\\/#primaryimage\",\"url\":\"https:\\\/\\\/evi.co.uk\\\/wp-content\\\/uploads\\\/2022\\\/09\\\/Training-Pack-Turbine-New-Retrofit-white-pvc.jpg\",\"contentUrl\":\"https:\\\/\\\/evi.co.uk\\\/wp-content\\\/uploads\\\/2022\\\/09\\\/Training-Pack-Turbine-New-Retrofit-white-pvc.jpg\",\"width\":600,\"height\":600,\"caption\":\"Pack de formation - Turbine-New-Retrofit-white-pvc\"},{\"@type\":\"BreadcrumbList\",\"@id\":\"https:\\\/\\\/evi.co.uk\\\/fr\\\/produit\\\/pack-de-formation\\\/#breadcrumb\",\"itemListElement\":[{\"@type\":\"ListItem\",\"position\":1,\"name\":\"Home\",\"item\":\"https:\\\/\\\/evi.co.uk\\\/fr\\\/\"},{\"@type\":\"ListItem\",\"position\":2,\"name\":\"Boutique\",\"item\":\"https:\\\/\\\/evi.co.uk\\\/boutique\\\/\"},{\"@type\":\"ListItem\",\"position\":3,\"name\":\"Pack de formation\"}]},{\"@type\":\"WebSite\",\"@id\":\"https:\\\/\\\/evi.co.uk\\\/fr\\\/#website\",\"url\":\"https:\\\/\\\/evi.co.uk\\\/fr\\\/\",\"name\":\"Evi Pools\",\"description\":\"\",\"publisher\":{\"@id\":\"https:\\\/\\\/evi.co.uk\\\/fr\\\/#organization\"},\"potentialAction\":[{\"@type\":\"SearchAction\",\"target\":{\"@type\":\"EntryPoint\",\"urlTemplate\":\"https:\\\/\\\/evi.co.uk\\\/fr\\\/?s={search_term_string}\"},\"query-input\":{\"@type\":\"PropertyValueSpecification\",\"valueRequired\":true,\"valueName\":\"search_term_string\"}}],\"inLanguage\":\"fr-FR\"},{\"@type\":\"Organization\",\"@id\":\"https:\\\/\\\/evi.co.uk\\\/fr\\\/#organization\",\"name\":\"Evi Pools\",\"url\":\"https:\\\/\\\/evi.co.uk\\\/fr\\\/\",\"logo\":{\"@type\":\"ImageObject\",\"inLanguage\":\"fr-FR\",\"@id\":\"https:\\\/\\\/evi.co.uk\\\/fr\\\/#\\\/schema\\\/logo\\\/image\\\/\",\"url\":\"https:\\\/\\\/evi.co.uk\\\/wp-content\\\/uploads\\\/2022\\\/09\\\/EVi-Pools-Final-Logo-London-England-V6_navy.svg\",\"contentUrl\":\"https:\\\/\\\/evi.co.uk\\\/wp-content\\\/uploads\\\/2022\\\/09\\\/EVi-Pools-Final-Logo-London-England-V6_navy.svg\",\"caption\":\"Evi Pools\"},\"image\":{\"@id\":\"https:\\\/\\\/evi.co.uk\\\/fr\\\/#\\\/schema\\\/logo\\\/image\\\/\"}}]}<\/script>\n<!-- \/ Yoast SEO plugin. -->","yoast_head_json":{"title":"Pack de formation - Evi Pools","robots":{"index":"index","follow":"follow","max-snippet":"max-snippet:-1","max-image-preview":"max-image-preview:large","max-video-preview":"max-video-preview:-1"},"canonical":"https:\/\/evi.co.uk\/fr\/produit\/pack-de-formation\/","og_locale":"fr_FR","og_type":"article","og_title":"Pack de formation - Evi Pools","og_description":"Le pack d&rsquo;entra\u00eenement est parfait pour les nageurs chevronn\u00e9s et pour tous ceux qui souhaitent commencer leur parcours de remise en forme. La turbine incluse produit un contre-courant parfait pour l&rsquo;entra\u00eenement dans n&rsquo;importe quelle taille de piscine, en r\u00e9duisant le temps de rotation dans l&rsquo;eau et en cr\u00e9ant une r\u00e9sistance naturelle qui peut \u00eatre r\u00e9gl\u00e9e [&hellip;]","og_url":"https:\/\/evi.co.uk\/fr\/produit\/pack-de-formation\/","og_site_name":"Evi Pools","article_modified_time":"2023-11-09T22:29:17+00:00","og_image":[{"width":600,"height":600,"url":"https:\/\/evi.co.uk\/wp-content\/uploads\/2022\/09\/Training-Pack-Turbine-New-Retrofit-white-pvc.jpg","type":"image\/jpeg"}],"twitter_card":"summary_large_image","schema":{"@context":"https:\/\/schema.org","@graph":[{"@type":"WebPage","@id":"https:\/\/evi.co.uk\/fr\/produit\/pack-de-formation\/","url":"https:\/\/evi.co.uk\/fr\/produit\/pack-de-formation\/","name":"Pack de formation - Evi Pools","isPartOf":{"@id":"https:\/\/evi.co.uk\/fr\/#website"},"primaryImageOfPage":{"@id":"https:\/\/evi.co.uk\/fr\/produit\/pack-de-formation\/#primaryimage"},"image":{"@id":"https:\/\/evi.co.uk\/fr\/produit\/pack-de-formation\/#primaryimage"},"thumbnailUrl":"https:\/\/evi.co.uk\/wp-content\/uploads\/2022\/09\/Training-Pack-Turbine-New-Retrofit-white-pvc.jpg","datePublished":"2022-10-03T21:00:56+00:00","dateModified":"2023-11-09T22:29:17+00:00","breadcrumb":{"@id":"https:\/\/evi.co.uk\/fr\/produit\/pack-de-formation\/#breadcrumb"},"inLanguage":"fr-FR","potentialAction":[{"@type":"ReadAction","target":["https:\/\/evi.co.uk\/fr\/produit\/pack-de-formation\/"]}]},{"@type":"ImageObject","inLanguage":"fr-FR","@id":"https:\/\/evi.co.uk\/fr\/produit\/pack-de-formation\/#primaryimage","url":"https:\/\/evi.co.uk\/wp-content\/uploads\/2022\/09\/Training-Pack-Turbine-New-Retrofit-white-pvc.jpg","contentUrl":"https:\/\/evi.co.uk\/wp-content\/uploads\/2022\/09\/Training-Pack-Turbine-New-Retrofit-white-pvc.jpg","width":600,"height":600,"caption":"Pack de formation - Turbine-New-Retrofit-white-pvc"},{"@type":"BreadcrumbList","@id":"https:\/\/evi.co.uk\/fr\/produit\/pack-de-formation\/#breadcrumb","itemListElement":[{"@type":"ListItem","position":1,"name":"Home","item":"https:\/\/evi.co.uk\/fr\/"},{"@type":"ListItem","position":2,"name":"Boutique","item":"https:\/\/evi.co.uk\/boutique\/"},{"@type":"ListItem","position":3,"name":"Pack de formation"}]},{"@type":"WebSite","@id":"https:\/\/evi.co.uk\/fr\/#website","url":"https:\/\/evi.co.uk\/fr\/","name":"Evi Pools","description":"","publisher":{"@id":"https:\/\/evi.co.uk\/fr\/#organization"},"potentialAction":[{"@type":"SearchAction","target":{"@type":"EntryPoint","urlTemplate":"https:\/\/evi.co.uk\/fr\/?s={search_term_string}"},"query-input":{"@type":"PropertyValueSpecification","valueRequired":true,"valueName":"search_term_string"}}],"inLanguage":"fr-FR"},{"@type":"Organization","@id":"https:\/\/evi.co.uk\/fr\/#organization","name":"Evi Pools","url":"https:\/\/evi.co.uk\/fr\/","logo":{"@type":"ImageObject","inLanguage":"fr-FR","@id":"https:\/\/evi.co.uk\/fr\/#\/schema\/logo\/image\/","url":"https:\/\/evi.co.uk\/wp-content\/uploads\/2022\/09\/EVi-Pools-Final-Logo-London-England-V6_navy.svg","contentUrl":"https:\/\/evi.co.uk\/wp-content\/uploads\/2022\/09\/EVi-Pools-Final-Logo-London-England-V6_navy.svg","caption":"Evi Pools"},"image":{"@id":"https:\/\/evi.co.uk\/fr\/#\/schema\/logo\/image\/"}}]}},"_links":{"self":[{"href":"https:\/\/evi.co.uk\/fr\/wp-json\/wp\/v2\/product\/504480","targetHints":{"allow":["GET"]}}],"collection":[{"href":"https:\/\/evi.co.uk\/fr\/wp-json\/wp\/v2\/product"}],"about":[{"href":"https:\/\/evi.co.uk\/fr\/wp-json\/wp\/v2\/types\/product"}],"wp:featuredmedia":[{"embeddable":true,"href":"https:\/\/evi.co.uk\/fr\/wp-json\/wp\/v2\/media\/502581"}],"wp:attachment":[{"href":"https:\/\/evi.co.uk\/fr\/wp-json\/wp\/v2\/media?parent=504480"}],"wp:term":[{"taxonomy":"product_brand","embeddable":true,"href":"https:\/\/evi.co.uk\/fr\/wp-json\/wp\/v2\/product_brand?post=504480"},{"taxonomy":"product_cat","embeddable":true,"href":"https:\/\/evi.co.uk\/fr\/wp-json\/wp\/v2\/product_cat?post=504480"},{"taxonomy":"product_tag","embeddable":true,"href":"https:\/\/evi.co.uk\/fr\/wp-json\/wp\/v2\/product_tag?post=504480"}],"curies":[{"name":"wp","href":"https:\/\/api.w.org\/{rel}","templated":true}]}}