{"id":504488,"date":"2022-12-15T16:10:55","date_gmt":"2022-12-15T16:10:55","guid":{"rendered":"https:\/\/evi.co.uk\/product\/pack-simplicite\/"},"modified":"2023-11-09T22:28:47","modified_gmt":"2023-11-09T22:28:47","slug":"pack-simplicite","status":"publish","type":"product","link":"https:\/\/evi.co.uk\/fr\/produit\/pack-simplicite\/","title":{"rendered":"Pack Simplicit\u00e9"},"content":{"rendered":"<p dir=\"ltr\">Gagnez du temps et simplifiez les choses avec le Pack Simplicit\u00e9.<\/p>\n<p dir=\"ltr\">Ce pack comprend un robot nettoyeur de haute qualit\u00e9 et un distributeur de chlore semi-automatique pour faciliter l&rsquo;entretien de votre piscine.<\/p>\n","protected":false},"excerpt":{"rendered":"<p>Gagnez du temps et simplifiez les choses avec le Pack Simplicit\u00e9. Ce pack comprend un robot nettoyeur de haute qualit\u00e9 et un distributeur de chlore semi-automatique pour faciliter l&rsquo;entretien de votre piscine.<\/p>\n","protected":false},"featured_media":502591,"template":"","meta":[],"product_brand":[],"product_cat":[100079],"product_tag":[],"class_list":{"0":"post-504488","1":"product","2":"type-product","3":"status-publish","4":"has-post-thumbnail","6":"product_cat-options-fr","8":"first","9":"instock","10":"taxable","11":"shipping-taxable","12":"purchasable","13":"product-type-simple"},"yoast_head":"<!-- This site is optimized with the Yoast SEO plugin v27.4 - https:\/\/yoast.com\/product\/yoast-seo-wordpress\/ -->\n<title>Pack Simplicit\u00e9 - Evi Pools<\/title>\n<meta name=\"robots\" content=\"index, follow, max-snippet:-1, max-image-preview:large, max-video-preview:-1\" \/>\n<link rel=\"canonical\" href=\"https:\/\/evi.co.uk\/fr\/produit\/pack-simplicite\/\" \/>\n<meta property=\"og:locale\" content=\"fr_FR\" \/>\n<meta property=\"og:type\" content=\"article\" \/>\n<meta property=\"og:title\" content=\"Pack Simplicit\u00e9 - Evi Pools\" \/>\n<meta property=\"og:description\" content=\"Gagnez du temps et simplifiez les choses avec le Pack Simplicit\u00e9. Ce pack comprend un robot nettoyeur de haute qualit\u00e9 et un distributeur de chlore semi-automatique pour faciliter l&rsquo;entretien de votre piscine.\" \/>\n<meta property=\"og:url\" content=\"https:\/\/evi.co.uk\/fr\/produit\/pack-simplicite\/\" \/>\n<meta property=\"og:site_name\" content=\"Evi Pools\" \/>\n<meta property=\"article:modified_time\" content=\"2023-11-09T22:28:47+00:00\" \/>\n<meta property=\"og:image\" content=\"https:\/\/evi.co.uk\/wp-content\/uploads\/2022\/09\/Evi-Swimming-Pools-Simplicity-Cleaning-Robot.jpg\" \/>\n\t<meta property=\"og:image:width\" content=\"600\" \/>\n\t<meta property=\"og:image:height\" content=\"600\" \/>\n\t<meta property=\"og:image:type\" content=\"image\/jpeg\" \/>\n<meta name=\"twitter:card\" content=\"summary_large_image\" \/>\n<script type=\"application\/ld+json\" class=\"yoast-schema-graph\">{\"@context\":\"https:\\\/\\\/schema.org\",\"@graph\":[{\"@type\":\"WebPage\",\"@id\":\"https:\\\/\\\/evi.co.uk\\\/fr\\\/produit\\\/pack-simplicite\\\/\",\"url\":\"https:\\\/\\\/evi.co.uk\\\/fr\\\/produit\\\/pack-simplicite\\\/\",\"name\":\"Pack Simplicit\u00e9 - Evi Pools\",\"isPartOf\":{\"@id\":\"https:\\\/\\\/evi.co.uk\\\/fr\\\/#website\"},\"primaryImageOfPage\":{\"@id\":\"https:\\\/\\\/evi.co.uk\\\/fr\\\/produit\\\/pack-simplicite\\\/#primaryimage\"},\"image\":{\"@id\":\"https:\\\/\\\/evi.co.uk\\\/fr\\\/produit\\\/pack-simplicite\\\/#primaryimage\"},\"thumbnailUrl\":\"https:\\\/\\\/evi.co.uk\\\/wp-content\\\/uploads\\\/2022\\\/09\\\/Evi-Swimming-Pools-Simplicity-Cleaning-Robot.jpg\",\"datePublished\":\"2022-12-15T16:10:55+00:00\",\"dateModified\":\"2023-11-09T22:28:47+00:00\",\"breadcrumb\":{\"@id\":\"https:\\\/\\\/evi.co.uk\\\/fr\\\/produit\\\/pack-simplicite\\\/#breadcrumb\"},\"inLanguage\":\"fr-FR\",\"potentialAction\":[{\"@type\":\"ReadAction\",\"target\":[\"https:\\\/\\\/evi.co.uk\\\/fr\\\/produit\\\/pack-simplicite\\\/\"]}]},{\"@type\":\"ImageObject\",\"inLanguage\":\"fr-FR\",\"@id\":\"https:\\\/\\\/evi.co.uk\\\/fr\\\/produit\\\/pack-simplicite\\\/#primaryimage\",\"url\":\"https:\\\/\\\/evi.co.uk\\\/wp-content\\\/uploads\\\/2022\\\/09\\\/Evi-Swimming-Pools-Simplicity-Cleaning-Robot.jpg\",\"contentUrl\":\"https:\\\/\\\/evi.co.uk\\\/wp-content\\\/uploads\\\/2022\\\/09\\\/Evi-Swimming-Pools-Simplicity-Cleaning-Robot.jpg\",\"width\":600,\"height\":600},{\"@type\":\"BreadcrumbList\",\"@id\":\"https:\\\/\\\/evi.co.uk\\\/fr\\\/produit\\\/pack-simplicite\\\/#breadcrumb\",\"itemListElement\":[{\"@type\":\"ListItem\",\"position\":1,\"name\":\"Home\",\"item\":\"https:\\\/\\\/evi.co.uk\\\/fr\\\/\"},{\"@type\":\"ListItem\",\"position\":2,\"name\":\"Boutique\",\"item\":\"https:\\\/\\\/evi.co.uk\\\/boutique\\\/\"},{\"@type\":\"ListItem\",\"position\":3,\"name\":\"Pack Simplicit\u00e9\"}]},{\"@type\":\"WebSite\",\"@id\":\"https:\\\/\\\/evi.co.uk\\\/fr\\\/#website\",\"url\":\"https:\\\/\\\/evi.co.uk\\\/fr\\\/\",\"name\":\"Evi Pools\",\"description\":\"\",\"publisher\":{\"@id\":\"https:\\\/\\\/evi.co.uk\\\/fr\\\/#organization\"},\"potentialAction\":[{\"@type\":\"SearchAction\",\"target\":{\"@type\":\"EntryPoint\",\"urlTemplate\":\"https:\\\/\\\/evi.co.uk\\\/fr\\\/?s={search_term_string}\"},\"query-input\":{\"@type\":\"PropertyValueSpecification\",\"valueRequired\":true,\"valueName\":\"search_term_string\"}}],\"inLanguage\":\"fr-FR\"},{\"@type\":\"Organization\",\"@id\":\"https:\\\/\\\/evi.co.uk\\\/fr\\\/#organization\",\"name\":\"Evi Pools\",\"url\":\"https:\\\/\\\/evi.co.uk\\\/fr\\\/\",\"logo\":{\"@type\":\"ImageObject\",\"inLanguage\":\"fr-FR\",\"@id\":\"https:\\\/\\\/evi.co.uk\\\/fr\\\/#\\\/schema\\\/logo\\\/image\\\/\",\"url\":\"https:\\\/\\\/evi.co.uk\\\/wp-content\\\/uploads\\\/2022\\\/09\\\/EVi-Pools-Final-Logo-London-England-V6_navy.svg\",\"contentUrl\":\"https:\\\/\\\/evi.co.uk\\\/wp-content\\\/uploads\\\/2022\\\/09\\\/EVi-Pools-Final-Logo-London-England-V6_navy.svg\",\"caption\":\"Evi Pools\"},\"image\":{\"@id\":\"https:\\\/\\\/evi.co.uk\\\/fr\\\/#\\\/schema\\\/logo\\\/image\\\/\"}}]}<\/script>\n<!-- \/ Yoast SEO plugin. -->","yoast_head_json":{"title":"Pack Simplicit\u00e9 - Evi Pools","robots":{"index":"index","follow":"follow","max-snippet":"max-snippet:-1","max-image-preview":"max-image-preview:large","max-video-preview":"max-video-preview:-1"},"canonical":"https:\/\/evi.co.uk\/fr\/produit\/pack-simplicite\/","og_locale":"fr_FR","og_type":"article","og_title":"Pack Simplicit\u00e9 - Evi Pools","og_description":"Gagnez du temps et simplifiez les choses avec le Pack Simplicit\u00e9. Ce pack comprend un robot nettoyeur de haute qualit\u00e9 et un distributeur de chlore semi-automatique pour faciliter l&rsquo;entretien de votre piscine.","og_url":"https:\/\/evi.co.uk\/fr\/produit\/pack-simplicite\/","og_site_name":"Evi Pools","article_modified_time":"2023-11-09T22:28:47+00:00","og_image":[{"width":600,"height":600,"url":"https:\/\/evi.co.uk\/wp-content\/uploads\/2022\/09\/Evi-Swimming-Pools-Simplicity-Cleaning-Robot.jpg","type":"image\/jpeg"}],"twitter_card":"summary_large_image","schema":{"@context":"https:\/\/schema.org","@graph":[{"@type":"WebPage","@id":"https:\/\/evi.co.uk\/fr\/produit\/pack-simplicite\/","url":"https:\/\/evi.co.uk\/fr\/produit\/pack-simplicite\/","name":"Pack Simplicit\u00e9 - Evi Pools","isPartOf":{"@id":"https:\/\/evi.co.uk\/fr\/#website"},"primaryImageOfPage":{"@id":"https:\/\/evi.co.uk\/fr\/produit\/pack-simplicite\/#primaryimage"},"image":{"@id":"https:\/\/evi.co.uk\/fr\/produit\/pack-simplicite\/#primaryimage"},"thumbnailUrl":"https:\/\/evi.co.uk\/wp-content\/uploads\/2022\/09\/Evi-Swimming-Pools-Simplicity-Cleaning-Robot.jpg","datePublished":"2022-12-15T16:10:55+00:00","dateModified":"2023-11-09T22:28:47+00:00","breadcrumb":{"@id":"https:\/\/evi.co.uk\/fr\/produit\/pack-simplicite\/#breadcrumb"},"inLanguage":"fr-FR","potentialAction":[{"@type":"ReadAction","target":["https:\/\/evi.co.uk\/fr\/produit\/pack-simplicite\/"]}]},{"@type":"ImageObject","inLanguage":"fr-FR","@id":"https:\/\/evi.co.uk\/fr\/produit\/pack-simplicite\/#primaryimage","url":"https:\/\/evi.co.uk\/wp-content\/uploads\/2022\/09\/Evi-Swimming-Pools-Simplicity-Cleaning-Robot.jpg","contentUrl":"https:\/\/evi.co.uk\/wp-content\/uploads\/2022\/09\/Evi-Swimming-Pools-Simplicity-Cleaning-Robot.jpg","width":600,"height":600},{"@type":"BreadcrumbList","@id":"https:\/\/evi.co.uk\/fr\/produit\/pack-simplicite\/#breadcrumb","itemListElement":[{"@type":"ListItem","position":1,"name":"Home","item":"https:\/\/evi.co.uk\/fr\/"},{"@type":"ListItem","position":2,"name":"Boutique","item":"https:\/\/evi.co.uk\/boutique\/"},{"@type":"ListItem","position":3,"name":"Pack Simplicit\u00e9"}]},{"@type":"WebSite","@id":"https:\/\/evi.co.uk\/fr\/#website","url":"https:\/\/evi.co.uk\/fr\/","name":"Evi Pools","description":"","publisher":{"@id":"https:\/\/evi.co.uk\/fr\/#organization"},"potentialAction":[{"@type":"SearchAction","target":{"@type":"EntryPoint","urlTemplate":"https:\/\/evi.co.uk\/fr\/?s={search_term_string}"},"query-input":{"@type":"PropertyValueSpecification","valueRequired":true,"valueName":"search_term_string"}}],"inLanguage":"fr-FR"},{"@type":"Organization","@id":"https:\/\/evi.co.uk\/fr\/#organization","name":"Evi Pools","url":"https:\/\/evi.co.uk\/fr\/","logo":{"@type":"ImageObject","inLanguage":"fr-FR","@id":"https:\/\/evi.co.uk\/fr\/#\/schema\/logo\/image\/","url":"https:\/\/evi.co.uk\/wp-content\/uploads\/2022\/09\/EVi-Pools-Final-Logo-London-England-V6_navy.svg","contentUrl":"https:\/\/evi.co.uk\/wp-content\/uploads\/2022\/09\/EVi-Pools-Final-Logo-London-England-V6_navy.svg","caption":"Evi Pools"},"image":{"@id":"https:\/\/evi.co.uk\/fr\/#\/schema\/logo\/image\/"}}]}},"_links":{"self":[{"href":"https:\/\/evi.co.uk\/fr\/wp-json\/wp\/v2\/product\/504488","targetHints":{"allow":["GET"]}}],"collection":[{"href":"https:\/\/evi.co.uk\/fr\/wp-json\/wp\/v2\/product"}],"about":[{"href":"https:\/\/evi.co.uk\/fr\/wp-json\/wp\/v2\/types\/product"}],"wp:featuredmedia":[{"embeddable":true,"href":"https:\/\/evi.co.uk\/fr\/wp-json\/wp\/v2\/media\/502591"}],"wp:attachment":[{"href":"https:\/\/evi.co.uk\/fr\/wp-json\/wp\/v2\/media?parent=504488"}],"wp:term":[{"taxonomy":"product_brand","embeddable":true,"href":"https:\/\/evi.co.uk\/fr\/wp-json\/wp\/v2\/product_brand?post=504488"},{"taxonomy":"product_cat","embeddable":true,"href":"https:\/\/evi.co.uk\/fr\/wp-json\/wp\/v2\/product_cat?post=504488"},{"taxonomy":"product_tag","embeddable":true,"href":"https:\/\/evi.co.uk\/fr\/wp-json\/wp\/v2\/product_tag?post=504488"}],"curies":[{"name":"wp","href":"https:\/\/api.w.org\/{rel}","templated":true}]}}