{"id":504472,"date":"2022-10-03T20:50:20","date_gmt":"2022-10-03T20:50:20","guid":{"rendered":"https:\/\/evi.co.uk\/product\/evi-8\/"},"modified":"2024-03-13T11:34:22","modified_gmt":"2024-03-13T11:34:22","slug":"evi-8","status":"publish","type":"product","link":"https:\/\/evi.co.uk\/it\/prodotto\/evi-8\/","title":{"rendered":"EVi 8"},"content":{"rendered":"<p>La EVi 8 \u00e8 la nostra piscina pi\u00f9 popolare, che combina una grande praticit\u00e0, con costi di gestione efficienti e divertimento per tutta la famiglia.<\/p>\n","protected":false},"excerpt":{"rendered":"<p>La EVi 8 \u00e8 la nostra piscina pi\u00f9 popolare, che combina una grande praticit\u00e0, con costi di gestione efficienti e divertimento per tutta la famiglia.<\/p>\n","protected":false},"featured_media":502568,"template":"","meta":[],"product_brand":[],"product_cat":[100076],"product_tag":[],"class_list":{"0":"post-504472","1":"product","2":"type-product","3":"status-publish","4":"has-post-thumbnail","6":"product_cat-piscina-it","8":"first","9":"instock","10":"taxable","11":"shipping-taxable","12":"purchasable","13":"product-type-simple"},"yoast_head":"<!-- This site is optimized with the Yoast SEO plugin v27.3 - https:\/\/yoast.com\/product\/yoast-seo-wordpress\/ -->\n<title>EVi 8 - Evi Pools<\/title>\n<meta name=\"robots\" content=\"index, follow, max-snippet:-1, max-image-preview:large, max-video-preview:-1\" \/>\n<link rel=\"canonical\" href=\"https:\/\/evi.co.uk\/it\/prodotto\/evi-8\/\" \/>\n<meta property=\"og:locale\" content=\"it_IT\" \/>\n<meta property=\"og:type\" content=\"article\" \/>\n<meta property=\"og:title\" content=\"EVi 8 - Evi Pools\" \/>\n<meta property=\"og:description\" content=\"La EVi 8 \u00e8 la nostra piscina pi\u00f9 popolare, che combina una grande praticit\u00e0, con costi di gestione efficienti e divertimento per tutta la famiglia.\" \/>\n<meta property=\"og:url\" content=\"https:\/\/evi.co.uk\/it\/prodotto\/evi-8\/\" \/>\n<meta property=\"og:site_name\" content=\"Evi Pools\" \/>\n<meta property=\"article:modified_time\" content=\"2024-03-13T11:34:22+00:00\" \/>\n<meta property=\"og:image\" content=\"https:\/\/evi.co.uk\/wp-content\/uploads\/2022\/09\/Evi-Swimming-Pool-Dimensions-Evi-8.jpg\" \/>\n\t<meta property=\"og:image:width\" content=\"1600\" \/>\n\t<meta property=\"og:image:height\" content=\"902\" \/>\n\t<meta property=\"og:image:type\" content=\"image\/jpeg\" \/>\n<meta name=\"twitter:card\" content=\"summary_large_image\" \/>\n<script type=\"application\/ld+json\" class=\"yoast-schema-graph\">{\"@context\":\"https:\\\/\\\/schema.org\",\"@graph\":[{\"@type\":\"WebPage\",\"@id\":\"https:\\\/\\\/evi.co.uk\\\/it\\\/prodotto\\\/evi-8\\\/\",\"url\":\"https:\\\/\\\/evi.co.uk\\\/it\\\/prodotto\\\/evi-8\\\/\",\"name\":\"EVi 8 - Evi Pools\",\"isPartOf\":{\"@id\":\"https:\\\/\\\/evi.co.uk\\\/it\\\/#website\"},\"primaryImageOfPage\":{\"@id\":\"https:\\\/\\\/evi.co.uk\\\/it\\\/prodotto\\\/evi-8\\\/#primaryimage\"},\"image\":{\"@id\":\"https:\\\/\\\/evi.co.uk\\\/it\\\/prodotto\\\/evi-8\\\/#primaryimage\"},\"thumbnailUrl\":\"https:\\\/\\\/evi.co.uk\\\/wp-content\\\/uploads\\\/2022\\\/09\\\/Evi-Swimming-Pool-Dimensions-Evi-8.jpg\",\"datePublished\":\"2022-10-03T20:50:20+00:00\",\"dateModified\":\"2024-03-13T11:34:22+00:00\",\"breadcrumb\":{\"@id\":\"https:\\\/\\\/evi.co.uk\\\/it\\\/prodotto\\\/evi-8\\\/#breadcrumb\"},\"inLanguage\":\"it-IT\",\"potentialAction\":[{\"@type\":\"ReadAction\",\"target\":[\"https:\\\/\\\/evi.co.uk\\\/it\\\/prodotto\\\/evi-8\\\/\"]}]},{\"@type\":\"ImageObject\",\"inLanguage\":\"it-IT\",\"@id\":\"https:\\\/\\\/evi.co.uk\\\/it\\\/prodotto\\\/evi-8\\\/#primaryimage\",\"url\":\"https:\\\/\\\/evi.co.uk\\\/wp-content\\\/uploads\\\/2022\\\/09\\\/Evi-Swimming-Pool-Dimensions-Evi-8.jpg\",\"contentUrl\":\"https:\\\/\\\/evi.co.uk\\\/wp-content\\\/uploads\\\/2022\\\/09\\\/Evi-Swimming-Pool-Dimensions-Evi-8.jpg\",\"width\":1600,\"height\":902},{\"@type\":\"BreadcrumbList\",\"@id\":\"https:\\\/\\\/evi.co.uk\\\/it\\\/prodotto\\\/evi-8\\\/#breadcrumb\",\"itemListElement\":[{\"@type\":\"ListItem\",\"position\":1,\"name\":\"Home\",\"item\":\"https:\\\/\\\/evi.co.uk\\\/it\\\/\"},{\"@type\":\"ListItem\",\"position\":2,\"name\":\"Negozio\",\"item\":\"https:\\\/\\\/evi.co.uk\\\/negozio\\\/\"},{\"@type\":\"ListItem\",\"position\":3,\"name\":\"EVi 8\"}]},{\"@type\":\"WebSite\",\"@id\":\"https:\\\/\\\/evi.co.uk\\\/it\\\/#website\",\"url\":\"https:\\\/\\\/evi.co.uk\\\/it\\\/\",\"name\":\"Evi Pools\",\"description\":\"\",\"publisher\":{\"@id\":\"https:\\\/\\\/evi.co.uk\\\/it\\\/#organization\"},\"potentialAction\":[{\"@type\":\"SearchAction\",\"target\":{\"@type\":\"EntryPoint\",\"urlTemplate\":\"https:\\\/\\\/evi.co.uk\\\/it\\\/?s={search_term_string}\"},\"query-input\":{\"@type\":\"PropertyValueSpecification\",\"valueRequired\":true,\"valueName\":\"search_term_string\"}}],\"inLanguage\":\"it-IT\"},{\"@type\":\"Organization\",\"@id\":\"https:\\\/\\\/evi.co.uk\\\/it\\\/#organization\",\"name\":\"Evi Pools\",\"url\":\"https:\\\/\\\/evi.co.uk\\\/it\\\/\",\"logo\":{\"@type\":\"ImageObject\",\"inLanguage\":\"it-IT\",\"@id\":\"https:\\\/\\\/evi.co.uk\\\/it\\\/#\\\/schema\\\/logo\\\/image\\\/\",\"url\":\"https:\\\/\\\/evi.co.uk\\\/wp-content\\\/uploads\\\/2022\\\/09\\\/EVi-Pools-Final-Logo-London-England-V6_navy.svg\",\"contentUrl\":\"https:\\\/\\\/evi.co.uk\\\/wp-content\\\/uploads\\\/2022\\\/09\\\/EVi-Pools-Final-Logo-London-England-V6_navy.svg\",\"caption\":\"Evi Pools\"},\"image\":{\"@id\":\"https:\\\/\\\/evi.co.uk\\\/it\\\/#\\\/schema\\\/logo\\\/image\\\/\"}}]}<\/script>\n<!-- \/ Yoast SEO plugin. -->","yoast_head_json":{"title":"EVi 8 - Evi Pools","robots":{"index":"index","follow":"follow","max-snippet":"max-snippet:-1","max-image-preview":"max-image-preview:large","max-video-preview":"max-video-preview:-1"},"canonical":"https:\/\/evi.co.uk\/it\/prodotto\/evi-8\/","og_locale":"it_IT","og_type":"article","og_title":"EVi 8 - Evi Pools","og_description":"La EVi 8 \u00e8 la nostra piscina pi\u00f9 popolare, che combina una grande praticit\u00e0, con costi di gestione efficienti e divertimento per tutta la famiglia.","og_url":"https:\/\/evi.co.uk\/it\/prodotto\/evi-8\/","og_site_name":"Evi Pools","article_modified_time":"2024-03-13T11:34:22+00:00","og_image":[{"width":1600,"height":902,"url":"https:\/\/evi.co.uk\/wp-content\/uploads\/2022\/09\/Evi-Swimming-Pool-Dimensions-Evi-8.jpg","type":"image\/jpeg"}],"twitter_card":"summary_large_image","schema":{"@context":"https:\/\/schema.org","@graph":[{"@type":"WebPage","@id":"https:\/\/evi.co.uk\/it\/prodotto\/evi-8\/","url":"https:\/\/evi.co.uk\/it\/prodotto\/evi-8\/","name":"EVi 8 - Evi Pools","isPartOf":{"@id":"https:\/\/evi.co.uk\/it\/#website"},"primaryImageOfPage":{"@id":"https:\/\/evi.co.uk\/it\/prodotto\/evi-8\/#primaryimage"},"image":{"@id":"https:\/\/evi.co.uk\/it\/prodotto\/evi-8\/#primaryimage"},"thumbnailUrl":"https:\/\/evi.co.uk\/wp-content\/uploads\/2022\/09\/Evi-Swimming-Pool-Dimensions-Evi-8.jpg","datePublished":"2022-10-03T20:50:20+00:00","dateModified":"2024-03-13T11:34:22+00:00","breadcrumb":{"@id":"https:\/\/evi.co.uk\/it\/prodotto\/evi-8\/#breadcrumb"},"inLanguage":"it-IT","potentialAction":[{"@type":"ReadAction","target":["https:\/\/evi.co.uk\/it\/prodotto\/evi-8\/"]}]},{"@type":"ImageObject","inLanguage":"it-IT","@id":"https:\/\/evi.co.uk\/it\/prodotto\/evi-8\/#primaryimage","url":"https:\/\/evi.co.uk\/wp-content\/uploads\/2022\/09\/Evi-Swimming-Pool-Dimensions-Evi-8.jpg","contentUrl":"https:\/\/evi.co.uk\/wp-content\/uploads\/2022\/09\/Evi-Swimming-Pool-Dimensions-Evi-8.jpg","width":1600,"height":902},{"@type":"BreadcrumbList","@id":"https:\/\/evi.co.uk\/it\/prodotto\/evi-8\/#breadcrumb","itemListElement":[{"@type":"ListItem","position":1,"name":"Home","item":"https:\/\/evi.co.uk\/it\/"},{"@type":"ListItem","position":2,"name":"Negozio","item":"https:\/\/evi.co.uk\/negozio\/"},{"@type":"ListItem","position":3,"name":"EVi 8"}]},{"@type":"WebSite","@id":"https:\/\/evi.co.uk\/it\/#website","url":"https:\/\/evi.co.uk\/it\/","name":"Evi Pools","description":"","publisher":{"@id":"https:\/\/evi.co.uk\/it\/#organization"},"potentialAction":[{"@type":"SearchAction","target":{"@type":"EntryPoint","urlTemplate":"https:\/\/evi.co.uk\/it\/?s={search_term_string}"},"query-input":{"@type":"PropertyValueSpecification","valueRequired":true,"valueName":"search_term_string"}}],"inLanguage":"it-IT"},{"@type":"Organization","@id":"https:\/\/evi.co.uk\/it\/#organization","name":"Evi Pools","url":"https:\/\/evi.co.uk\/it\/","logo":{"@type":"ImageObject","inLanguage":"it-IT","@id":"https:\/\/evi.co.uk\/it\/#\/schema\/logo\/image\/","url":"https:\/\/evi.co.uk\/wp-content\/uploads\/2022\/09\/EVi-Pools-Final-Logo-London-England-V6_navy.svg","contentUrl":"https:\/\/evi.co.uk\/wp-content\/uploads\/2022\/09\/EVi-Pools-Final-Logo-London-England-V6_navy.svg","caption":"Evi Pools"},"image":{"@id":"https:\/\/evi.co.uk\/it\/#\/schema\/logo\/image\/"}}]}},"_links":{"self":[{"href":"https:\/\/evi.co.uk\/it\/wp-json\/wp\/v2\/product\/504472","targetHints":{"allow":["GET"]}}],"collection":[{"href":"https:\/\/evi.co.uk\/it\/wp-json\/wp\/v2\/product"}],"about":[{"href":"https:\/\/evi.co.uk\/it\/wp-json\/wp\/v2\/types\/product"}],"wp:featuredmedia":[{"embeddable":true,"href":"https:\/\/evi.co.uk\/it\/wp-json\/wp\/v2\/media\/502568"}],"wp:attachment":[{"href":"https:\/\/evi.co.uk\/it\/wp-json\/wp\/v2\/media?parent=504472"}],"wp:term":[{"taxonomy":"product_brand","embeddable":true,"href":"https:\/\/evi.co.uk\/it\/wp-json\/wp\/v2\/product_brand?post=504472"},{"taxonomy":"product_cat","embeddable":true,"href":"https:\/\/evi.co.uk\/it\/wp-json\/wp\/v2\/product_cat?post=504472"},{"taxonomy":"product_tag","embeddable":true,"href":"https:\/\/evi.co.uk\/it\/wp-json\/wp\/v2\/product_tag?post=504472"}],"curies":[{"name":"wp","href":"https:\/\/api.w.org\/{rel}","templated":true}]}}